{"id":253,"date":"2018-10-23T11:24:26","date_gmt":"2018-10-23T09:24:26","guid":{"rendered":"http:\/\/test.fbsprofilati.it\/?page_id=253"},"modified":"2025-06-16T10:58:36","modified_gmt":"2025-06-16T08:58:36","slug":"azienda","status":"publish","type":"page","link":"https:\/\/www.fbsprofilati.it\/it\/azienda\/","title":{"rendered":"AZIENDA"},"content":{"rendered":"<div class=\"wpb-content-wrapper\"><p>[vc_row css_animation=&#8221;&#8221; row_type=&#8221;row&#8221; use_row_as_full_screen_section=&#8221;no&#8221; type=&#8221;full_width&#8221; angled_section=&#8221;no&#8221; text_align=&#8221;left&#8221; background_image_as_pattern=&#8221;without_pattern&#8221;][vc_column][vc_video link=&#8221;https:\/\/vimeo.com\/1091836630&#8243; css=&#8221;&#8221;][\/vc_column][\/vc_row][vc_row css_animation=&#8221;&#8221; row_type=&#8221;row&#8221; use_row_as_full_screen_section=&#8221;no&#8221; type=&#8221;full_width&#8221; angled_section=&#8221;no&#8221; text_align=&#8221;left&#8221; background_image_as_pattern=&#8221;without_pattern&#8221; background_color=&#8221;#ffffff&#8221; side_padding=&#8221;20&#8243; z_index=&#8221;&#8221;][vc_column offset=&#8221;vc_hidden-xs&#8221;][vc_empty_space height=&#8221;100px&#8221;][vc_column_text]<\/p>\n<p style=\"text-align: center;\">L&#8217;attenzione al dettaglio e la grande tradizione del design Italiano hanno da sempre caratterizzato le nostre scelte e ci hanno reso una fra le aziende leader nella produzione di accessori e componenti per l&#8217;industria del mobile e vetrocamera.<\/p>\n<p>[\/vc_column_text][vc_empty_space height=&#8221;30px&#8221;][\/vc_column][\/vc_row][vc_row css_animation=&#8221;&#8221; row_type=&#8221;row&#8221; use_row_as_full_screen_section=&#8221;no&#8221; type=&#8221;full_width&#8221; angled_section=&#8221;no&#8221; text_align=&#8221;left&#8221; background_image_as_pattern=&#8221;without_pattern&#8221; background_color=&#8221;#ffffff&#8221; side_padding=&#8221;5&#8243; z_index=&#8221;&#8221;][vc_column offset=&#8221;vc_hidden-lg vc_hidden-md vc_hidden-sm&#8221;][vc_empty_space height=&#8221;20px&#8221;][vc_column_text]<\/p>\n<p style=\"text-align: center;\">L&#8217;attenzione al dettaglio e la grande tradizione del design Italiano hanno da sempre caratterizzato le nostre scelte e ci hanno reso una fra le aziende leader nella produzione di accessori e componenti per l&#8217;industria del mobile e vetrocamera.<\/p>\n<p>[\/vc_column_text][vc_empty_space height=&#8221;60px&#8221;][\/vc_column][\/vc_row][vc_row css_animation=&#8221;&#8221; row_type=&#8221;row&#8221; use_row_as_full_screen_section=&#8221;no&#8221; type=&#8221;full_width&#8221; angled_section=&#8221;no&#8221; text_align=&#8221;left&#8221; background_image_as_pattern=&#8221;without_pattern&#8221; side_padding=&#8221;20&#8243; z_index=&#8221;&#8221;][vc_column offset=&#8221;vc_hidden-xs&#8221;][vc_empty_space height=&#8221;60px&#8221;][vc_column_text]<\/p>\n<h2 class=\"titolo-azienda\" style=\"text-align: center;\">LA NOSTRA AZIENDA<\/h2>\n<p>[\/vc_column_text][vc_empty_space][vc_row_inner row_type=&#8221;row&#8221; type=&#8221;full_width&#8221; text_align=&#8221;left&#8221; css_animation=&#8221;&#8221;][vc_column_inner width=&#8221;1\/3&#8243; offset=&#8221;vc_hidden-lg vc_hidden-md vc_hidden-sm vc_hidden-xs&#8221;]<div class=\"q_counter_holder  center\" style=\"\"><span class=\"counter  zero\" style=\"color: #333333;\">60<\/span><span class=\"separator small\" style=\"\"><\/span><p class=\"counter_text\" style=\"font-size: 14px;text-transform: uppercase;\">ANNI DI ESPERIENZA<\/p><\/div>[\/vc_column_inner][vc_column_inner width=&#8221;1\/3&#8243; offset=&#8221;vc_hidden-lg vc_hidden-md vc_hidden-sm vc_hidden-xs&#8221;]<div class=\"q_counter_holder  center\" style=\"\"><span class=\"counter  zero\" style=\"color: #333333;\">5000<\/span><span class=\"separator small\" style=\"\"><\/span><p class=\"counter_text\" style=\"font-size: 14px;text-transform: uppercase;\">METRI QUADRI<\/p><\/div>[\/vc_column_inner][vc_column_inner width=&#8221;1\/3&#8243; offset=&#8221;vc_hidden-lg vc_hidden-md vc_hidden-sm vc_hidden-xs&#8221;]<div class=\"q_counter_holder  center\" style=\"\"><span class=\"counter  zero\" style=\"color: #333333;\">100<\/span><span class=\"separator small\" style=\"\"><\/span><p class=\"counter_text\" style=\"font-size: 14px;text-transform: uppercase;\">% MADE IN ITALY<\/p><\/div>[\/vc_column_inner][\/vc_row_inner][vc_empty_space height=&#8221;60px&#8221;][vc_column_text]<\/p>\n<p style=\"text-align: center;\">Situata a Settimo Milanese, la sede dell&#8217;azienda si estende su una superficie complessiva di 5000 mq, organizzata in reparti produttivi, magazzino, uffici e area esterna.<\/p>\n<p>[\/vc_column_text][vc_empty_space height=&#8221;100px&#8221;][\/vc_column][\/vc_row][vc_row css_animation=&#8221;&#8221; row_type=&#8221;row&#8221; use_row_as_full_screen_section=&#8221;no&#8221; type=&#8221;full_width&#8221; angled_section=&#8221;no&#8221; text_align=&#8221;left&#8221; background_image_as_pattern=&#8221;without_pattern&#8221; side_padding=&#8221;5&#8243; z_index=&#8221;&#8221;][vc_column offset=&#8221;vc_hidden-lg vc_hidden-md vc_hidden-sm&#8221;][vc_empty_space height=&#8221;60px&#8221;][vc_column_text]<\/p>\n<h2 class=\"titolo-azienda\" style=\"text-align: center;\">L&#8217;AZIENDA<\/h2>\n<p>[\/vc_column_text][vc_empty_space][vc_row_inner row_type=&#8221;row&#8221; type=&#8221;full_width&#8221; text_align=&#8221;left&#8221; css_animation=&#8221;&#8221;][vc_column_inner width=&#8221;1\/3&#8243;]<div class=\"q_counter_holder  center\" style=\"\"><span class=\"counter  zero\" style=\"color: #333333;\">55<\/span><span class=\"separator small\" style=\"\"><\/span><p class=\"counter_text\" style=\"font-size: 14px;text-transform: uppercase;\">ANNI DI ESPERIENZA<\/p><\/div>[\/vc_column_inner][vc_column_inner width=&#8221;1\/3&#8243;]<div class=\"q_counter_holder  center\" style=\"\"><span class=\"counter  zero\" style=\"color: #333333;\">5000<\/span><span class=\"separator small\" style=\"\"><\/span><p class=\"counter_text\" style=\"font-size: 14px;text-transform: uppercase;\">METRI QUADRI<\/p><\/div>[\/vc_column_inner][vc_column_inner width=&#8221;1\/3&#8243;]<div class=\"q_counter_holder  center\" style=\"\"><span class=\"counter  zero\" style=\"color: #333333;\">100%<\/span><span class=\"separator small\" style=\"\"><\/span><p class=\"counter_text\" style=\"font-size: 14px;text-transform: uppercase;\">MADE IN ITALY<\/p><\/div>[\/vc_column_inner][\/vc_row_inner][vc_empty_space][vc_column_text]<\/p>\n<p style=\"text-align: center;\">Situata a Settimo Milanese, la sede dell&#8217;azienda si estende su una superficie complessiva di 5000 mq, organizzata in reparti produttivi, magazzino, uffici e area esterna.<\/p>\n<p>[\/vc_column_text][vc_empty_space height=&#8221;40px&#8221;][\/vc_column][\/vc_row][vc_row css_animation=&#8221;&#8221; row_type=&#8221;row&#8221; use_row_as_full_screen_section=&#8221;no&#8221; type=&#8221;full_width&#8221; angled_section=&#8221;no&#8221; text_align=&#8221;left&#8221; background_image_as_pattern=&#8221;without_pattern&#8221; background_color=&#8221;#ffffff&#8221; side_padding=&#8221;10&#8243; z_index=&#8221;&#8221;][vc_column offset=&#8221;vc_hidden-xs&#8221;][qode_elements_holder number_of_columns=&#8221;two_columns&#8221; switch_to_one_column=&#8221;768&#8243;][qode_elements_holder_item vertical_alignment=&#8221;middle&#8221; advanced_animations=&#8221;no&#8221;][vc_single_image image=&#8221;3809&#8243; img_size=&#8221;full&#8221; alignment=&#8221;center&#8221; qode_css_animation=&#8221;&#8221; qode_hover_animation=&#8221;zoom_in&#8221;][\/qode_elements_holder_item][qode_elements_holder_item item_padding=&#8221;0px 50px 0px 50px&#8221; vertical_alignment=&#8221;middle&#8221; advanced_animations=&#8221;no&#8221;][vc_empty_space][vc_column_text]<\/p>\n<h2 class=\"titolo-azienda\" style=\"text-align: center;\">TECNOLOGIA E SOSTENIBILIT\u00c0<\/h2>\n<p>[\/vc_column_text][vc_empty_space][vc_column_text el_class=&#8221;contenuto-testo&#8221;]<\/p>\n<p style=\"text-align: center;\">Abbiamo perfezionato l&#8217;arte della profilatura dell&#8217;alluminio grazie a decenni di lavoro, unendo la tradizione con le moderne tecniche di produzione. Grazie a questa tecnologia a bassissime emissioni e all&#8217;utilizzo dell&#8217;alluminio, il metallo pi\u00f9 green, attuiamo i nostri processi industriali nel rispetto dell&#8217;ambiente e con il minimo impatto inquinante.<\/p>\n<p>[\/vc_column_text][\/qode_elements_holder_item][\/qode_elements_holder][\/vc_column][\/vc_row][vc_row css_animation=&#8221;&#8221; row_type=&#8221;row&#8221; use_row_as_full_screen_section=&#8221;no&#8221; type=&#8221;full_width&#8221; angled_section=&#8221;no&#8221; text_align=&#8221;left&#8221; background_image_as_pattern=&#8221;without_pattern&#8221; background_color=&#8221;#ffffff&#8221; side_padding=&#8221;5&#8243; z_index=&#8221;&#8221;][vc_column offset=&#8221;vc_hidden-lg vc_hidden-md vc_hidden-sm&#8221;][vc_single_image image=&#8221;3809&#8243; img_size=&#8221;full&#8221; alignment=&#8221;center&#8221; qode_css_animation=&#8221;&#8221; qode_hover_animation=&#8221;zoom_in&#8221;][vc_empty_space][vc_column_text]<\/p>\n<h2 class=\"titolo-azienda\" style=\"text-align: center;\">TECNOLOGIA E SOSTENIBILIT\u00c0<\/h2>\n<p>[\/vc_column_text][vc_empty_space][vc_column_text el_class=&#8221;contenuto-testo&#8221;]<\/p>\n<p style=\"text-align: center;\">Abbiamo perfezionato l&#8217;arte della profilatura dell&#8217;alluminio grazie a decenni di lavoro, unendo la tradizione con le moderne tecniche di produzione. Grazie a questa tecnologia a bassissime emissioni e all&#8217;utilizzo dell&#8217;alluminio, il metallo pi\u00f9 green, attuiamo i nostri processi industriali nel rispetto dell&#8217;ambiente e con il minimo impatto inquinante.<\/p>\n<p>[\/vc_column_text][\/vc_column][\/vc_row][vc_row css_animation=&#8221;&#8221; row_type=&#8221;row&#8221; use_row_as_full_screen_section=&#8221;no&#8221; type=&#8221;full_width&#8221; angled_section=&#8221;no&#8221; text_align=&#8221;left&#8221; background_image_as_pattern=&#8221;without_pattern&#8221; background_color=&#8221;#ffffff&#8221; side_padding=&#8221;10&#8243; z_index=&#8221;&#8221;][vc_column][vc_empty_space height=&#8221;100px&#8221;][vc_column_text]<\/p>\n<h2 class=\"titolo-azienda\" style=\"text-align: center;\">MADE IN ITALY<\/h2>\n<p>[\/vc_column_text][vc_empty_space][vc_column_text]<\/p>\n<p style=\"text-align: center;\">FBSprofilati s.r.l. \u00e8 un&#8217;azienda dinamica la cui essenza \u00e8 la progettazione e produzione di profili decorativi e serrandine in alluminio di alta qualit\u00e0.<br \/>\nI nostri utensili e le nostre macchine cos\u00ec come gli accessori e i componenti sono progettati e realizzati esclusivamente da noi a Milano.<\/p>\n<p>[\/vc_column_text][vc_empty_space height=&#8221;60px&#8221;][vc_empty_space][vc_column_text]<\/p>\n<h2 class=\"titolo-azienda\" style=\"text-align: center;\">VISIONE GLOBALE<\/h2>\n<p>[\/vc_column_text][vc_empty_space height=&#8221;60px&#8221;][vc_column_text]<\/p>\n<p style=\"text-align: center;\">Partecipiamo regolarmente a fiere e missioni internazionali, non solo per espandere i nostri contatti commerciali ma anche per ampliare i nostri orizzonti e acquisire nuovo know-how con l&#8217;obiettivo di pensare e creare brillanti soluzioni decorative per il mercato dell&#8217;interior design.<\/p>\n<p>[\/vc_column_text][vc_empty_space height=&#8221;60px&#8221;][\/vc_column][\/vc_row][vc_row css_animation=&#8221;&#8221; row_type=&#8221;row&#8221; use_row_as_full_screen_section=&#8221;no&#8221; type=&#8221;full_width&#8221; angled_section=&#8221;no&#8221; text_align=&#8221;left&#8221; background_image_as_pattern=&#8221;without_pattern&#8221; background_color=&#8221;#ffffff&#8221; side_padding=&#8221;10&#8243; z_index=&#8221;&#8221;][vc_column][qode_clients columns=&#8221;six_columns&#8221; hover_effect=&#8221;switch_img&#8221; switch_effect=&#8221;switch_fade&#8221; disable_separators=&#8221;yes&#8221;][qode_client image=&#8221;685&#8243; hover_image=&#8221;651&#8243;][qode_client image=&#8221;684&#8243; hover_image=&#8221;652&#8243;][qode_client image=&#8221;683&#8243; hover_image=&#8221;653&#8243;][qode_client image=&#8221;682&#8243; hover_image=&#8221;654&#8243;][qode_client image=&#8221;681&#8243; hover_image=&#8221;655&#8243;][qode_client image=&#8221;680&#8243; hover_image=&#8221;656&#8243;][\/qode_clients][vc_empty_space height=&#8221;60px&#8221;][\/vc_column][\/vc_row]<\/p>\n<\/div>","protected":false},"excerpt":{"rendered":"<p>[vc_row css_animation=&#8221;&#8221; row_type=&#8221;row&#8221; use_row_as_full_screen_section=&#8221;no&#8221; type=&#8221;full_width&#8221; angled_section=&#8221;no&#8221; text_align=&#8221;left&#8221; background_image_as_pattern=&#8221;without_pattern&#8221;][vc_column][vc_video link=&#8221;https:\/\/vimeo.com\/1091836630&#8243; css=&#8221;&#8221;][\/vc_column][\/vc_row][vc_row css_animation=&#8221;&#8221; row_type=&#8221;row&#8221; use_row_as_full_screen_section=&#8221;no&#8221; type=&#8221;full_width&#8221; angled_section=&#8221;no&#8221; text_align=&#8221;left&#8221; background_image_as_pattern=&#8221;without_pattern&#8221; background_color=&#8221;#ffffff&#8221; side_padding=&#8221;20&#8243; z_index=&#8221;&#8221;][vc_column offset=&#8221;vc_hidden-xs&#8221;][vc_empty_space height=&#8221;100px&#8221;][vc_column_text] L&#8217;attenzione al dettaglio e la grande tradizione del design Italiano hanno da sempre caratterizzato le nostre scelte e ci hanno reso una fra&#8230;<\/p>\n","protected":false},"author":5,"featured_media":0,"parent":0,"menu_order":0,"comment_status":"closed","ping_status":"closed","template":"full_width.php","meta":{"footnotes":""},"class_list":["post-253","page","type-page","status-publish","hentry"],"yoast_head":"<!-- This site is optimized with the Yoast SEO plugin v27.5 - https:\/\/yoast.com\/product\/yoast-seo-wordpress\/ -->\n<title>Profili Decorativi in Alluminio FBS<\/title>\n<meta name=\"description\" content=\"Fbs Profilati: leader nella produzione di profili decorativi in alluminio e componenti per l\u2019industria del mobile e vetrocamera. Scopri la vasta gamma di prodotti.\" \/>\n<meta name=\"robots\" content=\"index, follow, max-snippet:-1, max-image-preview:large, max-video-preview:-1\" \/>\n<link rel=\"canonical\" href=\"https:\/\/www.fbsprofilati.it\/it\/azienda\/\" \/>\n<meta property=\"og:locale\" content=\"it_IT\" \/>\n<meta property=\"og:type\" content=\"article\" \/>\n<meta property=\"og:title\" content=\"Profili Decorativi in Alluminio FBS\" \/>\n<meta property=\"og:description\" content=\"Fbs Profilati: leader nella produzione di profili decorativi in alluminio e componenti per l\u2019industria del mobile e vetrocamera. Scopri la vasta gamma di prodotti.\" \/>\n<meta property=\"og:url\" content=\"https:\/\/www.fbsprofilati.it\/it\/azienda\/\" \/>\n<meta property=\"og:site_name\" content=\"FBSprofilati\" \/>\n<meta property=\"article:publisher\" content=\"https:\/\/www.facebook.com\/FBSprofilati-srl-589930664398780\/\" \/>\n<meta property=\"article:modified_time\" content=\"2025-06-16T08:58:36+00:00\" \/>\n<meta name=\"twitter:card\" content=\"summary_large_image\" \/>\n<meta name=\"twitter:label1\" content=\"Tempo di lettura stimato\" \/>\n\t<meta name=\"twitter:data1\" content=\"6 minuti\" \/>\n<script type=\"application\/ld+json\" class=\"yoast-schema-graph\">{\"@context\":\"https:\\\/\\\/schema.org\",\"@graph\":[{\"@type\":\"WebPage\",\"@id\":\"https:\\\/\\\/www.fbsprofilati.it\\\/it\\\/azienda\\\/\",\"url\":\"https:\\\/\\\/www.fbsprofilati.it\\\/it\\\/azienda\\\/\",\"name\":\"Profili Decorativi in Alluminio FBS\",\"isPartOf\":{\"@id\":\"https:\\\/\\\/www.fbsprofilati.it\\\/#website\"},\"datePublished\":\"2018-10-23T09:24:26+00:00\",\"dateModified\":\"2025-06-16T08:58:36+00:00\",\"description\":\"Fbs Profilati: leader nella produzione di profili decorativi in alluminio e componenti per l\u2019industria del mobile e vetrocamera. Scopri la vasta gamma di prodotti.\",\"breadcrumb\":{\"@id\":\"https:\\\/\\\/www.fbsprofilati.it\\\/it\\\/azienda\\\/#breadcrumb\"},\"inLanguage\":\"it-IT\",\"potentialAction\":[{\"@type\":\"ReadAction\",\"target\":[\"https:\\\/\\\/www.fbsprofilati.it\\\/it\\\/azienda\\\/\"]}]},{\"@type\":\"BreadcrumbList\",\"@id\":\"https:\\\/\\\/www.fbsprofilati.it\\\/it\\\/azienda\\\/#breadcrumb\",\"itemListElement\":[{\"@type\":\"ListItem\",\"position\":1,\"name\":\"Home\",\"item\":\"https:\\\/\\\/www.fbsprofilati.it\\\/it\\\/\"},{\"@type\":\"ListItem\",\"position\":2,\"name\":\"AZIENDA\"}]},{\"@type\":\"WebSite\",\"@id\":\"https:\\\/\\\/www.fbsprofilati.it\\\/#website\",\"url\":\"https:\\\/\\\/www.fbsprofilati.it\\\/\",\"name\":\"FBSprofilati\",\"description\":\"The Art of Forming\",\"publisher\":{\"@id\":\"https:\\\/\\\/www.fbsprofilati.it\\\/#organization\"},\"potentialAction\":[{\"@type\":\"SearchAction\",\"target\":{\"@type\":\"EntryPoint\",\"urlTemplate\":\"https:\\\/\\\/www.fbsprofilati.it\\\/?s={search_term_string}\"},\"query-input\":{\"@type\":\"PropertyValueSpecification\",\"valueRequired\":true,\"valueName\":\"search_term_string\"}}],\"inLanguage\":\"it-IT\"},{\"@type\":\"Organization\",\"@id\":\"https:\\\/\\\/www.fbsprofilati.it\\\/#organization\",\"name\":\"FBSprofilati\",\"url\":\"https:\\\/\\\/www.fbsprofilati.it\\\/\",\"logo\":{\"@type\":\"ImageObject\",\"inLanguage\":\"it-IT\",\"@id\":\"https:\\\/\\\/www.fbsprofilati.it\\\/#\\\/schema\\\/logo\\\/image\\\/\",\"url\":\"https:\\\/\\\/www.fbsprofilati.it\\\/wp-content\\\/uploads\\\/2021\\\/03\\\/FBS_logotype_favicon_300x300.jpg\",\"contentUrl\":\"https:\\\/\\\/www.fbsprofilati.it\\\/wp-content\\\/uploads\\\/2021\\\/03\\\/FBS_logotype_favicon_300x300.jpg\",\"width\":300,\"height\":300,\"caption\":\"FBSprofilati\"},\"image\":{\"@id\":\"https:\\\/\\\/www.fbsprofilati.it\\\/#\\\/schema\\\/logo\\\/image\\\/\"},\"sameAs\":[\"https:\\\/\\\/www.facebook.com\\\/FBSprofilati-srl-589930664398780\\\/\",\"https:\\\/\\\/www.instagram.com\\\/fbsprofilati\\\/\",\"https:\\\/\\\/www.pinterest.it\\\/fbsprofilati\\\/\"]}]}<\/script>\n<!-- \/ Yoast SEO plugin. -->","yoast_head_json":{"title":"Profili Decorativi in Alluminio FBS","description":"Fbs Profilati: leader nella produzione di profili decorativi in alluminio e componenti per l\u2019industria del mobile e vetrocamera. Scopri la vasta gamma di prodotti.","robots":{"index":"index","follow":"follow","max-snippet":"max-snippet:-1","max-image-preview":"max-image-preview:large","max-video-preview":"max-video-preview:-1"},"canonical":"https:\/\/www.fbsprofilati.it\/it\/azienda\/","og_locale":"it_IT","og_type":"article","og_title":"Profili Decorativi in Alluminio FBS","og_description":"Fbs Profilati: leader nella produzione di profili decorativi in alluminio e componenti per l\u2019industria del mobile e vetrocamera. Scopri la vasta gamma di prodotti.","og_url":"https:\/\/www.fbsprofilati.it\/it\/azienda\/","og_site_name":"FBSprofilati","article_publisher":"https:\/\/www.facebook.com\/FBSprofilati-srl-589930664398780\/","article_modified_time":"2025-06-16T08:58:36+00:00","twitter_card":"summary_large_image","twitter_misc":{"Tempo di lettura stimato":"6 minuti"},"schema":{"@context":"https:\/\/schema.org","@graph":[{"@type":"WebPage","@id":"https:\/\/www.fbsprofilati.it\/it\/azienda\/","url":"https:\/\/www.fbsprofilati.it\/it\/azienda\/","name":"Profili Decorativi in Alluminio FBS","isPartOf":{"@id":"https:\/\/www.fbsprofilati.it\/#website"},"datePublished":"2018-10-23T09:24:26+00:00","dateModified":"2025-06-16T08:58:36+00:00","description":"Fbs Profilati: leader nella produzione di profili decorativi in alluminio e componenti per l\u2019industria del mobile e vetrocamera. Scopri la vasta gamma di prodotti.","breadcrumb":{"@id":"https:\/\/www.fbsprofilati.it\/it\/azienda\/#breadcrumb"},"inLanguage":"it-IT","potentialAction":[{"@type":"ReadAction","target":["https:\/\/www.fbsprofilati.it\/it\/azienda\/"]}]},{"@type":"BreadcrumbList","@id":"https:\/\/www.fbsprofilati.it\/it\/azienda\/#breadcrumb","itemListElement":[{"@type":"ListItem","position":1,"name":"Home","item":"https:\/\/www.fbsprofilati.it\/it\/"},{"@type":"ListItem","position":2,"name":"AZIENDA"}]},{"@type":"WebSite","@id":"https:\/\/www.fbsprofilati.it\/#website","url":"https:\/\/www.fbsprofilati.it\/","name":"FBSprofilati","description":"The Art of Forming","publisher":{"@id":"https:\/\/www.fbsprofilati.it\/#organization"},"potentialAction":[{"@type":"SearchAction","target":{"@type":"EntryPoint","urlTemplate":"https:\/\/www.fbsprofilati.it\/?s={search_term_string}"},"query-input":{"@type":"PropertyValueSpecification","valueRequired":true,"valueName":"search_term_string"}}],"inLanguage":"it-IT"},{"@type":"Organization","@id":"https:\/\/www.fbsprofilati.it\/#organization","name":"FBSprofilati","url":"https:\/\/www.fbsprofilati.it\/","logo":{"@type":"ImageObject","inLanguage":"it-IT","@id":"https:\/\/www.fbsprofilati.it\/#\/schema\/logo\/image\/","url":"https:\/\/www.fbsprofilati.it\/wp-content\/uploads\/2021\/03\/FBS_logotype_favicon_300x300.jpg","contentUrl":"https:\/\/www.fbsprofilati.it\/wp-content\/uploads\/2021\/03\/FBS_logotype_favicon_300x300.jpg","width":300,"height":300,"caption":"FBSprofilati"},"image":{"@id":"https:\/\/www.fbsprofilati.it\/#\/schema\/logo\/image\/"},"sameAs":["https:\/\/www.facebook.com\/FBSprofilati-srl-589930664398780\/","https:\/\/www.instagram.com\/fbsprofilati\/","https:\/\/www.pinterest.it\/fbsprofilati\/"]}]}},"_links":{"self":[{"href":"https:\/\/www.fbsprofilati.it\/it\/wp-json\/wp\/v2\/pages\/253","targetHints":{"allow":["GET"]}}],"collection":[{"href":"https:\/\/www.fbsprofilati.it\/it\/wp-json\/wp\/v2\/pages"}],"about":[{"href":"https:\/\/www.fbsprofilati.it\/it\/wp-json\/wp\/v2\/types\/page"}],"author":[{"embeddable":true,"href":"https:\/\/www.fbsprofilati.it\/it\/wp-json\/wp\/v2\/users\/5"}],"replies":[{"embeddable":true,"href":"https:\/\/www.fbsprofilati.it\/it\/wp-json\/wp\/v2\/comments?post=253"}],"version-history":[{"count":4,"href":"https:\/\/www.fbsprofilati.it\/it\/wp-json\/wp\/v2\/pages\/253\/revisions"}],"predecessor-version":[{"id":17447,"href":"https:\/\/www.fbsprofilati.it\/it\/wp-json\/wp\/v2\/pages\/253\/revisions\/17447"}],"wp:attachment":[{"href":"https:\/\/www.fbsprofilati.it\/it\/wp-json\/wp\/v2\/media?parent=253"}],"curies":[{"name":"wp","href":"https:\/\/api.w.org\/{rel}","templated":true}]}}