{"id":13345,"date":"2024-10-03T09:58:07","date_gmt":"2024-10-03T07:58:07","guid":{"rendered":"https:\/\/www.fbsprofilati.it\/?page_id=13345"},"modified":"2025-01-22T13:42:20","modified_gmt":"2025-01-22T12:42:20","slug":"aluglass-profils","status":"publish","type":"page","link":"https:\/\/www.fbsprofilati.it\/fr\/aluglass-profils\/","title":{"rendered":"ALUGLASS fr"},"content":{"rendered":"<div class=\"wpb-content-wrapper\"><p>[vc_row css_animation=\u00a0\u00bb\u00a0\u00bb row_type=\u00a0\u00bbrow\u00a0\u00bb use_row_as_full_screen_section=\u00a0\u00bbno\u00a0\u00bb type=\u00a0\u00bbfull_width\u00a0\u00bb angled_section=\u00a0\u00bbno\u00a0\u00bb text_align=\u00a0\u00bbleft\u00a0\u00bb background_image_as_pattern=\u00a0\u00bbwithout_pattern\u00a0\u00bb css=\u00a0\u00bb.vc_custom_1726825449596{margin-top: 0px !important;margin-bottom: 0px !important;border-top-width: 0px !important;border-bottom-width: 0px !important;padding-top: 0px !important;padding-bottom: 0px !important;}\u00a0\u00bb z_index=\u00a0\u00bb\u00a0\u00bb][vc_column css=\u00a0\u00bb.vc_custom_1724319382872{margin-top: 0px !important;margin-bottom: 0px !important;border-top-width: 0px !important;border-bottom-width: 0px !important;padding-top: 0px !important;padding-bottom: 0px !important;}\u00a0\u00bb][\/vc_column][\/vc_row][vc_row css_animation=\u00a0\u00bb\u00a0\u00bb row_type=\u00a0\u00bbrow\u00a0\u00bb use_row_as_full_screen_section=\u00a0\u00bbno\u00a0\u00bb type=\u00a0\u00bbfull_width\u00a0\u00bb angled_section=\u00a0\u00bbno\u00a0\u00bb text_align=\u00a0\u00bbleft\u00a0\u00bb background_image_as_pattern=\u00a0\u00bbwithout_pattern\u00a0\u00bb background_color=\u00a0\u00bb#ffffff\u00a0\u00bb side_padding=\u00a0\u00bb10&Prime; z_index=\u00a0\u00bb50&Prime;][vc_column][vc_column_text css=\u00a0\u00bb.vc_custom_1610119485434{background-color: #ffffff !important;}\u00a0\u00bb]<\/p>\n<h1 style=\"text-align: center;\"><span style=\"font-size: 60px; color: #000000;\">Aluglass<\/span><\/h1>\n<p>[\/vc_column_text][vc_empty_space height=\u00a0\u00bb18px\u00a0\u00bb css=\u00a0\u00bb.vc_custom_1591811013667{background-color: #ffffff !important;}\u00a0\u00bb][vc_column_text css=\u00a0\u00bb.vc_custom_1727941534164{background-color: #ffffff !important;}\u00a0\u00bb]<\/p>\n<h3 style=\"text-align: center; text-weight: 200;\"><span style=\"font-size: 24px;\">Profils d\u00e9coratifs en aluminium pour vitrage isolant et verre plat<\/span><\/h3>\n<p>[\/vc_column_text][vc_empty_space css=\u00a0\u00bb.vc_custom_1598967007669{background-color: #ffffff !important;}\u00a0\u00bb][vc_column_text css=\u00a0\u00bb\u00a0\u00bb]<\/p>\n<div class=\"wpb_text_column wpb_content_element \">\n<div class=\"wpb_wrapper\">\n<p style=\"text-align: center;\">Accorder une grande valeur aux d\u00e9tails raffin\u00e9s et \u00e0 la riche tradition du design italien a toujours \u00e9t\u00e9 notre objectif. Gr\u00e2ce \u00e0 notre engagement constant dans la conception et le d\u00e9veloppement de solutions innovantes, nous avons \u00e9t\u00e9 les pionniers dans la production des croisillons pour fen\u00eatre et double vitrage profil\u00e9s \u00e0 froid, tant pour le vitrage isolant que pour la d\u00e9coration des vitrages int\u00e9rieurs.<\/p>\n<h2 style=\"text-align: center;\"><span style=\"text-decoration: underline;\"><a href=\"#catalogo\">T\u00e9l\u00e9chargez notre catalogue<\/a><\/span><\/h2>\n<\/div>\n<\/div>\n<div class=\"vc_empty_space\"><\/div>\n<p>[\/vc_column_text][vc_empty_space][\/vc_column][\/vc_row][vc_row css_animation=\u00a0\u00bb\u00a0\u00bb row_type=\u00a0\u00bbrow\u00a0\u00bb use_row_as_full_screen_section=\u00a0\u00bbno\u00a0\u00bb type=\u00a0\u00bbfull_width\u00a0\u00bb angled_section=\u00a0\u00bbno\u00a0\u00bb text_align=\u00a0\u00bbleft\u00a0\u00bb background_image_as_pattern=\u00a0\u00bbwithout_pattern\u00a0\u00bb side_padding=\u00a0\u00bb15&Prime; padding_top=\u00a0\u00bb20&Prime; padding_bottom=\u00a0\u00bb0&Prime; z_index=\u00a0\u00bb\u00a0\u00bb][vc_column offset=\u00a0\u00bbvc_hidden-xs\u00a0\u00bb]<div class=\"qode-banner qode-banner-va-center\"><a class=\"qode-banner-link\" href=\"https:\/\/www.fbsprofilati.it\/fr\/profils-pour-double-vitrage\/\" target=\"_self\"><\/a><div class=\"qode-banner-image\"><img decoding=\"async\" itemprop=\"image\" src=\"https:\/\/www.fbsprofilati.it\/wp-content\/uploads\/BANNER.jpg\" alt=\"\" \/><\/div><div class=\"qode-banner-content\"><div class=\"qode-banner-content-inner\"><div class=\"qode-banner-text-holder\">\n<p style=\"text-align: center;\">PROFILS DECORATIFS POUR<\/p>\n<h1 style=\"text-align: center;\">DOUBLE<\/h1>\n<h1 style=\"text-align: center;\">VITRAGE<\/h1>\n<p style=\"text-align: center;\">EN SAVOIR PLUS<\/p>\n<\/div><\/div><\/div><\/div>[\/vc_column][\/vc_row][vc_row css_animation=\u00a0\u00bb\u00a0\u00bb row_type=\u00a0\u00bbrow\u00a0\u00bb use_row_as_full_screen_section=\u00a0\u00bbno\u00a0\u00bb type=\u00a0\u00bbfull_width\u00a0\u00bb angled_section=\u00a0\u00bbno\u00a0\u00bb text_align=\u00a0\u00bbleft\u00a0\u00bb background_image_as_pattern=\u00a0\u00bbwithout_pattern\u00a0\u00bb side_padding=\u00a0\u00bb15&Prime; padding_top=\u00a0\u00bb0&Prime; padding_bottom=\u00a0\u00bb0&Prime; z_index=\u00a0\u00bb\u00a0\u00bb][vc_column offset=\u00a0\u00bbvc_hidden-xs\u00a0\u00bb]<div class=\"qode-banner qode-banner-va-center\"><a class=\"qode-banner-link\" href=\"https:\/\/www.fbsprofilati.it\/fr\/way-profils\/\" target=\"_self\"><\/a><div class=\"qode-banner-image\"><img decoding=\"async\" itemprop=\"image\" src=\"https:\/\/www.fbsprofilati.it\/wp-content\/uploads\/banner-aluglass-categorie.jpg\" alt=\"\" \/><\/div><div class=\"qode-banner-content\"><div class=\"qode-banner-content-inner\"><div class=\"qode-banner-text-holder\">\n<h1 style=\"text-align: center;\">WAY<\/h1>\n<p style=\"text-align: center;\">EN SAVOIR PLUS<\/p>\n<p>&nbsp;<\/p>\n<p style=\"text-align: center;\"><img loading=\"lazy\" decoding=\"async\" class=\"alignnone size-full wp-image-11125\" src=\"https:\/\/www.fbsprofilati.it\/wp-content\/uploads\/2021\/04\/new-product-icon.png\" alt=\"\" width=\"167\" height=\"167\" srcset=\"https:\/\/www.fbsprofilati.it\/wp-content\/uploads\/2021\/04\/new-product-icon.png 167w, https:\/\/www.fbsprofilati.it\/wp-content\/uploads\/2021\/04\/new-product-icon-150x150.png 150w\" sizes=\"auto, (max-width: 167px) 100vw, 167px\" \/><\/p>\n<\/div><\/div><\/div><\/div>[\/vc_column][\/vc_row][vc_row css_animation=\u00a0\u00bb\u00a0\u00bb row_type=\u00a0\u00bbrow\u00a0\u00bb use_row_as_full_screen_section=\u00a0\u00bbno\u00a0\u00bb type=\u00a0\u00bbfull_width\u00a0\u00bb angled_section=\u00a0\u00bbno\u00a0\u00bb text_align=\u00a0\u00bbleft\u00a0\u00bb background_image_as_pattern=\u00a0\u00bbwithout_pattern\u00a0\u00bb padding_top=\u00a0\u00bb0&Prime; padding_bottom=\u00a0\u00bb0&Prime; z_index=\u00a0\u00bb\u00a0\u00bb][vc_column offset=\u00a0\u00bbvc_hidden-lg vc_hidden-md vc_hidden-sm\u00a0\u00bb css=\u00a0\u00bb.vc_custom_1614637242053{padding-top: 0px !important;padding-bottom: 0px !important;}\u00a0\u00bb]<div class=\"qode-banner qode-banner-va-center\"><a class=\"qode-banner-link\" href=\"https:\/\/www.fbsprofilati.it\/fr\/profils-pour-double-vitrage\/\" target=\"_self\"><\/a><div class=\"qode-banner-image\"><img decoding=\"async\" itemprop=\"image\" src=\"https:\/\/www.fbsprofilati.it\/wp-content\/uploads\/PHONE3.jpg\" alt=\"\" \/><\/div><div class=\"qode-banner-content\"><div class=\"qode-banner-content-inner\"><div class=\"qode-banner-text-holder\">\n<p style=\"text-align: center;\">DECORATIVE PROFILES FOR<\/p>\n<h2 style=\"text-align: center;\">DOUBLE GLAZING<\/h2>\n<p style=\"text-align: center;\">DISCOVER<\/p>\n<\/div><\/div><\/div><\/div>[\/vc_column][\/vc_row][vc_row css_animation=\u00a0\u00bb\u00a0\u00bb row_type=\u00a0\u00bbrow\u00a0\u00bb use_row_as_full_screen_section=\u00a0\u00bbno\u00a0\u00bb type=\u00a0\u00bbfull_width\u00a0\u00bb angled_section=\u00a0\u00bbno\u00a0\u00bb text_align=\u00a0\u00bbleft\u00a0\u00bb background_image_as_pattern=\u00a0\u00bbwithout_pattern\u00a0\u00bb padding_top=\u00a0\u00bb0&Prime; padding_bottom=\u00a0\u00bb0&Prime; z_index=\u00a0\u00bb\u00a0\u00bb][vc_column offset=\u00a0\u00bbvc_hidden-lg vc_hidden-md vc_hidden-sm\u00a0\u00bb css=\u00a0\u00bb.vc_custom_1614637248405{padding-top: -20px !important;}\u00a0\u00bb]<div class=\"qode-banner qode-banner-va-center\"><a class=\"qode-banner-link\" href=\"https:\/\/www.fbsprofilati.it\/fr\/way-profils\/\" target=\"_self\"><\/a><div class=\"qode-banner-image\"><img decoding=\"async\" itemprop=\"image\" src=\"https:\/\/www.fbsprofilati.it\/wp-content\/uploads\/CAROSELLO-2.jpg\" alt=\"\" \/><\/div><div class=\"qode-banner-content\"><div class=\"qode-banner-content-inner\"><div class=\"qode-banner-text-holder\">\n<h2 style=\"text-align: center;\">WAY<\/h2>\n<p style=\"text-align: center;\">DISCOVER<\/p>\n<p style=\"text-align: center;\"><img loading=\"lazy\" decoding=\"async\" class=\"alignnone size-full wp-image-11125\" src=\"https:\/\/www.fbsprofilati.it\/wp-content\/uploads\/2021\/04\/new-product-icon.png\" alt=\"\" width=\"167\" height=\"167\" srcset=\"https:\/\/www.fbsprofilati.it\/wp-content\/uploads\/2021\/04\/new-product-icon.png 167w, https:\/\/www.fbsprofilati.it\/wp-content\/uploads\/2021\/04\/new-product-icon-150x150.png 150w\" sizes=\"auto, (max-width: 167px) 100vw, 167px\" \/><\/p>\n<\/div><\/div><\/div><\/div>[\/vc_column][\/vc_row][vc_row css_animation=\u00a0\u00bb\u00a0\u00bb row_type=\u00a0\u00bbrow\u00a0\u00bb use_row_as_full_screen_section=\u00a0\u00bbno\u00a0\u00bb type=\u00a0\u00bbfull_width\u00a0\u00bb angled_section=\u00a0\u00bbno\u00a0\u00bb text_align=\u00a0\u00bbleft\u00a0\u00bb background_image_as_pattern=\u00a0\u00bbwithout_pattern\u00a0\u00bb][vc_column][vc_empty_space height=\u00a0\u00bb64px\u00a0\u00bb][vc_column_text css=\u00a0\u00bb\u00a0\u00bb]<\/p>\n<h3 style=\"text-align: center;\"><span style=\"font-size: 36px; color: #000000;\">Download<\/span><\/h3>\n<p>[\/vc_column_text][vc_empty_space height=\u00a0\u00bb16px\u00a0\u00bb][\/vc_column][\/vc_row][vc_row css_animation=\u00a0\u00bb\u00a0\u00bb row_type=\u00a0\u00bbrow\u00a0\u00bb use_row_as_full_screen_section=\u00a0\u00bbno\u00a0\u00bb type=\u00a0\u00bbfull_width\u00a0\u00bb angled_section=\u00a0\u00bbno\u00a0\u00bb text_align=\u00a0\u00bbcenter\u00a0\u00bb background_image_as_pattern=\u00a0\u00bbwithout_pattern\u00a0\u00bb z_index=\u00a0\u00bb\u00a0\u00bb][vc_column width=\u00a0\u00bb1\/3&Prime;][\/vc_column][vc_column width=\u00a0\u00bb1\/3&Prime;][vc_single_image image=\u00a0\u00bb5955&Prime; img_size=\u00a0\u00bblarge\u00a0\u00bb alignment=\u00a0\u00bbcenter\u00a0\u00bb onclick=\u00a0\u00bbcustom_link\u00a0\u00bb img_link_target=\u00a0\u00bb_blank\u00a0\u00bb css=\u00a0\u00bb\u00a0\u00bb qode_css_animation=\u00a0\u00bb\u00a0\u00bb link=\u00a0\u00bbhttps:\/\/fbsprofilati.it\/wp-content\/uploads\/2021\/03\/Aluglass_WEB.pdf\u00a0\u00bb]<a  itemprop=\"url\" href=\"https:\/\/fbsprofilati.it\/wp-content\/uploads\/2021\/03\/Aluglass_WEB.pdf\" target=\"_blank\"  class=\"qbutton  small white default\" style=\"color: #000000; margin: 5px 10px 5px 10px; border-radius: 2px;-moz-border-radius: 2px;-webkit-border-radius: 2px; background-color: #cccccc;\">CATALOGUE ALUGLASS<i class=\"qode_icon_font_awesome fa fa-download qode_button_icon_element\" style=\"\" ><\/i><\/a>[vc_empty_space][\/vc_column][vc_column width=\u00a0\u00bb1\/3&Prime;][\/vc_column][\/vc_row][vc_row css_animation=\u00a0\u00bb\u00a0\u00bb row_type=\u00a0\u00bbrow\u00a0\u00bb use_row_as_full_screen_section=\u00a0\u00bbno\u00a0\u00bb type=\u00a0\u00bbfull_width\u00a0\u00bb angled_section=\u00a0\u00bbno\u00a0\u00bb text_align=\u00a0\u00bbleft\u00a0\u00bb background_image_as_pattern=\u00a0\u00bbwithout_pattern\u00a0\u00bb background_color=\u00a0\u00bb#ffffff\u00a0\u00bb side_padding=\u00a0\u00bb2&Prime; z_index=\u00a0\u00bb\u00a0\u00bb][vc_column css=\u00a0\u00bb.vc_custom_1604065416108{padding-top: 60px !important;padding-bottom: 60px !important;}\u00a0\u00bb offset=\u00a0\u00bbvc_hidden-sm vc_hidden-xs\u00a0\u00bb][vc_empty_space height=\u00a0\u00bb32 px\u00a0\u00bb]\n            <div \n                class=\"elfsight-widget-pinterest-feed elfsight-widget\" \n                data-elfsight-pinterest-feed-options=\"%7B%22contentToDisplay%22%3A%22pins%22%2C%22user%22%3A%22elfsight%22%2C%22boards%22%3A%5B%5D%2C%22pins%22%3A%5B%22https%3A%5C%2F%5C%2Fwww.pinterest.it%5C%2Ffbsprofilati%5C%2Fglass%5C%2F%22%5D%2C%22lang%22%3A%22en%22%2C%22widgetTitle%22%3A%22Inspirations%20Pinterest%22%2C%22boardsCount%22%3A%22%22%2C%22pinsCount%22%3A%22%22%2C%22width%22%3A%22full%22%2C%22height%22%3A%22auto%22%2C%22headerVisible%22%3Atrue%2C%22headerParts%22%3A%5B%22image%22%2C%22name%22%2C%22followers%22%2C%22follow-button%22%5D%2C%22boardParts%22%3A%5B%22name%22%2C%22pinterest-icon%22%2C%22pins-count%22%5D%2C%22pinsVisible%22%3Atrue%2C%22pinParts%22%3A%5B%22author%22%2C%22note%22%2C%22share-button%22%2C%22pinterest-icon%22%5D%2C%22transformLinksAndTags%22%3Atrue%2C%22themeColor%22%3A%22rgb%28230%2C%200%2C%2035%29%22%2C%22widgetId%22%3A%225%22%7D\" \n                data-elfsight-pinterest-feed-version=\"1.2.0\"\n                data-elfsight-widget-id=\"elfsight-pinterest-feed-5\">\n            <\/div>\n            [\/vc_column][\/vc_row]<\/p>\n<\/div>","protected":false},"excerpt":{"rendered":"<p>[vc_row css_animation=\u00a0\u00bb\u00a0\u00bb row_type=\u00a0\u00bbrow\u00a0\u00bb use_row_as_full_screen_section=\u00a0\u00bbno\u00a0\u00bb type=\u00a0\u00bbfull_width\u00a0\u00bb angled_section=\u00a0\u00bbno\u00a0\u00bb text_align=\u00a0\u00bbleft\u00a0\u00bb background_image_as_pattern=\u00a0\u00bbwithout_pattern\u00a0\u00bb css=\u00a0\u00bb.vc_custom_1726825449596{margin-top: 0px !important;margin-bottom: 0px !important;border-top-width: 0px !important;border-bottom-width: 0px !important;padding-top: 0px !important;padding-bottom: 0px !important;}\u00a0\u00bb z_index=\u00a0\u00bb\u00a0\u00bb][vc_column css=\u00a0\u00bb.vc_custom_1724319382872{margin-top: 0px !important;margin-bottom: 0px !important;border-top-width: 0px !important;border-bottom-width: 0px !important;padding-top: 0px !important;padding-bottom: 0px !important;}\u00a0\u00bb][\/vc_column][\/vc_row][vc_row css_animation=\u00a0\u00bb\u00a0\u00bb row_type=\u00a0\u00bbrow\u00a0\u00bb use_row_as_full_screen_section=\u00a0\u00bbno\u00a0\u00bb type=\u00a0\u00bbfull_width\u00a0\u00bb angled_section=\u00a0\u00bbno\u00a0\u00bb text_align=\u00a0\u00bbleft\u00a0\u00bb background_image_as_pattern=\u00a0\u00bbwithout_pattern\u00a0\u00bb background_color=\u00a0\u00bb#ffffff\u00a0\u00bb side_padding=\u00a0\u00bb10&Prime; z_index=\u00a0\u00bb50&Prime;][vc_column][vc_column_text&#8230;<\/p>\n","protected":false},"author":5,"featured_media":0,"parent":0,"menu_order":0,"comment_status":"closed","ping_status":"closed","template":"full_width.php","meta":{"footnotes":""},"class_list":["post-13345","page","type-page","status-publish","hentry"],"yoast_head":"<!-- This site is optimized with the Yoast SEO plugin v27.5 - https:\/\/yoast.com\/product\/yoast-seo-wordpress\/ -->\n<title>Croisillon Fen\u00eatre Double vitrage - Profils D\u00e9coratifs Aluminium<\/title>\n<meta name=\"description\" content=\"Profils d\u00e9coratifs en aluminium pour vitrage isolant et verre plat: d\u00e9couvrez les croisillons pour fen\u00eatre et double vitrage profil\u00e9s \u00e0 froid.\" \/>\n<meta name=\"robots\" content=\"index, follow, max-snippet:-1, max-image-preview:large, max-video-preview:-1\" \/>\n<link rel=\"canonical\" href=\"https:\/\/www.fbsprofilati.it\/fr\/aluglass-profils\/\" \/>\n<meta property=\"og:locale\" content=\"fr_FR\" \/>\n<meta property=\"og:type\" content=\"article\" \/>\n<meta property=\"og:title\" content=\"Croisillon Fen\u00eatre Double vitrage - Profils D\u00e9coratifs Aluminium\" \/>\n<meta property=\"og:description\" content=\"Profils d\u00e9coratifs en aluminium pour vitrage isolant et verre plat: d\u00e9couvrez les croisillons pour fen\u00eatre et double vitrage profil\u00e9s \u00e0 froid.\" \/>\n<meta property=\"og:url\" content=\"https:\/\/www.fbsprofilati.it\/fr\/aluglass-profils\/\" \/>\n<meta property=\"og:site_name\" content=\"FBSprofilati\" \/>\n<meta property=\"article:publisher\" content=\"https:\/\/www.facebook.com\/FBSprofilati-srl-589930664398780\/\" \/>\n<meta property=\"article:modified_time\" content=\"2025-01-22T12:42:20+00:00\" \/>\n<meta property=\"og:image\" content=\"https:\/\/www.fbsprofilati.it\/wp-content\/uploads\/2021\/04\/new-product-icon.png\" \/>\n<meta name=\"twitter:card\" content=\"summary_large_image\" \/>\n<meta name=\"twitter:label1\" content=\"Dur\u00e9e de lecture estim\u00e9e\" \/>\n\t<meta name=\"twitter:data1\" content=\"2 minutes\" \/>\n<script type=\"application\/ld+json\" class=\"yoast-schema-graph\">{\"@context\":\"https:\\\/\\\/schema.org\",\"@graph\":[{\"@type\":\"WebPage\",\"@id\":\"https:\\\/\\\/www.fbsprofilati.it\\\/fr\\\/aluglass-profils\\\/\",\"url\":\"https:\\\/\\\/www.fbsprofilati.it\\\/fr\\\/aluglass-profils\\\/\",\"name\":\"Croisillon Fen\u00eatre Double vitrage - Profils D\u00e9coratifs Aluminium\",\"isPartOf\":{\"@id\":\"https:\\\/\\\/www.fbsprofilati.it\\\/#website\"},\"primaryImageOfPage\":{\"@id\":\"https:\\\/\\\/www.fbsprofilati.it\\\/fr\\\/aluglass-profils\\\/#primaryimage\"},\"image\":{\"@id\":\"https:\\\/\\\/www.fbsprofilati.it\\\/fr\\\/aluglass-profils\\\/#primaryimage\"},\"thumbnailUrl\":\"https:\\\/\\\/www.fbsprofilati.it\\\/wp-content\\\/uploads\\\/2021\\\/04\\\/new-product-icon.png\",\"datePublished\":\"2024-10-03T07:58:07+00:00\",\"dateModified\":\"2025-01-22T12:42:20+00:00\",\"description\":\"Profils d\u00e9coratifs en aluminium pour vitrage isolant et verre plat: d\u00e9couvrez les croisillons pour fen\u00eatre et double vitrage profil\u00e9s \u00e0 froid.\",\"breadcrumb\":{\"@id\":\"https:\\\/\\\/www.fbsprofilati.it\\\/fr\\\/aluglass-profils\\\/#breadcrumb\"},\"inLanguage\":\"fr-FR\",\"potentialAction\":[{\"@type\":\"ReadAction\",\"target\":[\"https:\\\/\\\/www.fbsprofilati.it\\\/fr\\\/aluglass-profils\\\/\"]}]},{\"@type\":\"ImageObject\",\"inLanguage\":\"fr-FR\",\"@id\":\"https:\\\/\\\/www.fbsprofilati.it\\\/fr\\\/aluglass-profils\\\/#primaryimage\",\"url\":\"https:\\\/\\\/www.fbsprofilati.it\\\/wp-content\\\/uploads\\\/2021\\\/04\\\/new-product-icon.png\",\"contentUrl\":\"https:\\\/\\\/www.fbsprofilati.it\\\/wp-content\\\/uploads\\\/2021\\\/04\\\/new-product-icon.png\"},{\"@type\":\"BreadcrumbList\",\"@id\":\"https:\\\/\\\/www.fbsprofilati.it\\\/fr\\\/aluglass-profils\\\/#breadcrumb\",\"itemListElement\":[{\"@type\":\"ListItem\",\"position\":1,\"name\":\"Home\",\"item\":\"https:\\\/\\\/www.fbsprofilati.it\\\/fr\\\/\"},{\"@type\":\"ListItem\",\"position\":2,\"name\":\"ALUGLASS fr\"}]},{\"@type\":\"WebSite\",\"@id\":\"https:\\\/\\\/www.fbsprofilati.it\\\/#website\",\"url\":\"https:\\\/\\\/www.fbsprofilati.it\\\/\",\"name\":\"FBSprofilati\",\"description\":\"The Art of Forming\",\"publisher\":{\"@id\":\"https:\\\/\\\/www.fbsprofilati.it\\\/#organization\"},\"potentialAction\":[{\"@type\":\"SearchAction\",\"target\":{\"@type\":\"EntryPoint\",\"urlTemplate\":\"https:\\\/\\\/www.fbsprofilati.it\\\/?s={search_term_string}\"},\"query-input\":{\"@type\":\"PropertyValueSpecification\",\"valueRequired\":true,\"valueName\":\"search_term_string\"}}],\"inLanguage\":\"fr-FR\"},{\"@type\":\"Organization\",\"@id\":\"https:\\\/\\\/www.fbsprofilati.it\\\/#organization\",\"name\":\"FBSprofilati\",\"url\":\"https:\\\/\\\/www.fbsprofilati.it\\\/\",\"logo\":{\"@type\":\"ImageObject\",\"inLanguage\":\"fr-FR\",\"@id\":\"https:\\\/\\\/www.fbsprofilati.it\\\/#\\\/schema\\\/logo\\\/image\\\/\",\"url\":\"https:\\\/\\\/www.fbsprofilati.it\\\/wp-content\\\/uploads\\\/2021\\\/03\\\/FBS_logotype_favicon_300x300.jpg\",\"contentUrl\":\"https:\\\/\\\/www.fbsprofilati.it\\\/wp-content\\\/uploads\\\/2021\\\/03\\\/FBS_logotype_favicon_300x300.jpg\",\"width\":300,\"height\":300,\"caption\":\"FBSprofilati\"},\"image\":{\"@id\":\"https:\\\/\\\/www.fbsprofilati.it\\\/#\\\/schema\\\/logo\\\/image\\\/\"},\"sameAs\":[\"https:\\\/\\\/www.facebook.com\\\/FBSprofilati-srl-589930664398780\\\/\",\"https:\\\/\\\/www.instagram.com\\\/fbsprofilati\\\/\",\"https:\\\/\\\/www.pinterest.it\\\/fbsprofilati\\\/\"]}]}<\/script>\n<!-- \/ Yoast SEO plugin. -->","yoast_head_json":{"title":"Croisillon Fen\u00eatre Double vitrage - Profils D\u00e9coratifs Aluminium","description":"Profils d\u00e9coratifs en aluminium pour vitrage isolant et verre plat: d\u00e9couvrez les croisillons pour fen\u00eatre et double vitrage profil\u00e9s \u00e0 froid.","robots":{"index":"index","follow":"follow","max-snippet":"max-snippet:-1","max-image-preview":"max-image-preview:large","max-video-preview":"max-video-preview:-1"},"canonical":"https:\/\/www.fbsprofilati.it\/fr\/aluglass-profils\/","og_locale":"fr_FR","og_type":"article","og_title":"Croisillon Fen\u00eatre Double vitrage - Profils D\u00e9coratifs Aluminium","og_description":"Profils d\u00e9coratifs en aluminium pour vitrage isolant et verre plat: d\u00e9couvrez les croisillons pour fen\u00eatre et double vitrage profil\u00e9s \u00e0 froid.","og_url":"https:\/\/www.fbsprofilati.it\/fr\/aluglass-profils\/","og_site_name":"FBSprofilati","article_publisher":"https:\/\/www.facebook.com\/FBSprofilati-srl-589930664398780\/","article_modified_time":"2025-01-22T12:42:20+00:00","og_image":[{"url":"https:\/\/www.fbsprofilati.it\/wp-content\/uploads\/2021\/04\/new-product-icon.png","type":"","width":"","height":""}],"twitter_card":"summary_large_image","twitter_misc":{"Dur\u00e9e de lecture estim\u00e9e":"2 minutes"},"schema":{"@context":"https:\/\/schema.org","@graph":[{"@type":"WebPage","@id":"https:\/\/www.fbsprofilati.it\/fr\/aluglass-profils\/","url":"https:\/\/www.fbsprofilati.it\/fr\/aluglass-profils\/","name":"Croisillon Fen\u00eatre Double vitrage - Profils D\u00e9coratifs Aluminium","isPartOf":{"@id":"https:\/\/www.fbsprofilati.it\/#website"},"primaryImageOfPage":{"@id":"https:\/\/www.fbsprofilati.it\/fr\/aluglass-profils\/#primaryimage"},"image":{"@id":"https:\/\/www.fbsprofilati.it\/fr\/aluglass-profils\/#primaryimage"},"thumbnailUrl":"https:\/\/www.fbsprofilati.it\/wp-content\/uploads\/2021\/04\/new-product-icon.png","datePublished":"2024-10-03T07:58:07+00:00","dateModified":"2025-01-22T12:42:20+00:00","description":"Profils d\u00e9coratifs en aluminium pour vitrage isolant et verre plat: d\u00e9couvrez les croisillons pour fen\u00eatre et double vitrage profil\u00e9s \u00e0 froid.","breadcrumb":{"@id":"https:\/\/www.fbsprofilati.it\/fr\/aluglass-profils\/#breadcrumb"},"inLanguage":"fr-FR","potentialAction":[{"@type":"ReadAction","target":["https:\/\/www.fbsprofilati.it\/fr\/aluglass-profils\/"]}]},{"@type":"ImageObject","inLanguage":"fr-FR","@id":"https:\/\/www.fbsprofilati.it\/fr\/aluglass-profils\/#primaryimage","url":"https:\/\/www.fbsprofilati.it\/wp-content\/uploads\/2021\/04\/new-product-icon.png","contentUrl":"https:\/\/www.fbsprofilati.it\/wp-content\/uploads\/2021\/04\/new-product-icon.png"},{"@type":"BreadcrumbList","@id":"https:\/\/www.fbsprofilati.it\/fr\/aluglass-profils\/#breadcrumb","itemListElement":[{"@type":"ListItem","position":1,"name":"Home","item":"https:\/\/www.fbsprofilati.it\/fr\/"},{"@type":"ListItem","position":2,"name":"ALUGLASS fr"}]},{"@type":"WebSite","@id":"https:\/\/www.fbsprofilati.it\/#website","url":"https:\/\/www.fbsprofilati.it\/","name":"FBSprofilati","description":"The Art of Forming","publisher":{"@id":"https:\/\/www.fbsprofilati.it\/#organization"},"potentialAction":[{"@type":"SearchAction","target":{"@type":"EntryPoint","urlTemplate":"https:\/\/www.fbsprofilati.it\/?s={search_term_string}"},"query-input":{"@type":"PropertyValueSpecification","valueRequired":true,"valueName":"search_term_string"}}],"inLanguage":"fr-FR"},{"@type":"Organization","@id":"https:\/\/www.fbsprofilati.it\/#organization","name":"FBSprofilati","url":"https:\/\/www.fbsprofilati.it\/","logo":{"@type":"ImageObject","inLanguage":"fr-FR","@id":"https:\/\/www.fbsprofilati.it\/#\/schema\/logo\/image\/","url":"https:\/\/www.fbsprofilati.it\/wp-content\/uploads\/2021\/03\/FBS_logotype_favicon_300x300.jpg","contentUrl":"https:\/\/www.fbsprofilati.it\/wp-content\/uploads\/2021\/03\/FBS_logotype_favicon_300x300.jpg","width":300,"height":300,"caption":"FBSprofilati"},"image":{"@id":"https:\/\/www.fbsprofilati.it\/#\/schema\/logo\/image\/"},"sameAs":["https:\/\/www.facebook.com\/FBSprofilati-srl-589930664398780\/","https:\/\/www.instagram.com\/fbsprofilati\/","https:\/\/www.pinterest.it\/fbsprofilati\/"]}]}},"_links":{"self":[{"href":"https:\/\/www.fbsprofilati.it\/fr\/wp-json\/wp\/v2\/pages\/13345","targetHints":{"allow":["GET"]}}],"collection":[{"href":"https:\/\/www.fbsprofilati.it\/fr\/wp-json\/wp\/v2\/pages"}],"about":[{"href":"https:\/\/www.fbsprofilati.it\/fr\/wp-json\/wp\/v2\/types\/page"}],"author":[{"embeddable":true,"href":"https:\/\/www.fbsprofilati.it\/fr\/wp-json\/wp\/v2\/users\/5"}],"replies":[{"embeddable":true,"href":"https:\/\/www.fbsprofilati.it\/fr\/wp-json\/wp\/v2\/comments?post=13345"}],"version-history":[{"count":6,"href":"https:\/\/www.fbsprofilati.it\/fr\/wp-json\/wp\/v2\/pages\/13345\/revisions"}],"predecessor-version":[{"id":17145,"href":"https:\/\/www.fbsprofilati.it\/fr\/wp-json\/wp\/v2\/pages\/13345\/revisions\/17145"}],"wp:attachment":[{"href":"https:\/\/www.fbsprofilati.it\/fr\/wp-json\/wp\/v2\/media?parent=13345"}],"curies":[{"name":"wp","href":"https:\/\/api.w.org\/{rel}","templated":true}]}}