{"id":10836,"date":"2018-10-23T11:25:14","date_gmt":"2018-10-23T09:25:14","guid":{"rendered":"https:\/\/www.fbsprofilati.it\/contatti\/"},"modified":"2026-02-19T10:30:28","modified_gmt":"2026-02-19T09:30:28","slug":"contacts","status":"publish","type":"page","link":"https:\/\/www.fbsprofilati.it\/fr\/contacts\/","title":{"rendered":"CONTATTI"},"content":{"rendered":"<div class=\"wpb-content-wrapper\"><p>[vc_row css_animation=\u00a0\u00bb\u00a0\u00bb row_type=\u00a0\u00bbrow\u00a0\u00bb use_row_as_full_screen_section=\u00a0\u00bbno\u00a0\u00bb type=\u00a0\u00bbfull_width\u00a0\u00bb angled_section=\u00a0\u00bbno\u00a0\u00bb text_align=\u00a0\u00bbleft\u00a0\u00bb background_image_as_pattern=\u00a0\u00bbwithout_pattern\u00a0\u00bb z_index=\u00a0\u00bb\u00a0\u00bb][vc_column][vc_column_text]<iframe loading=\"lazy\" style=\"border: 0;\" src=\"https:\/\/www.google.com\/maps\/embed?pb=!1m14!1m8!1m3!1d11193.970356533548!2d9.0729122!3d45.4598802!3m2!1i1024!2i768!4f13.1!3m3!1m2!1s0x4786e9f1befb7915%3A0xcba75fc21b8b3853!2sFbsprofilati%20Srl!5e0!3m2!1sit!2sit!4v1675176565035!5m2!1sit!2sit\" width=\"100%\" height=\"450\" allowfullscreen=\"allowfullscreen\"><\/iframe>[\/vc_column_text][vc_empty_space height=\u00a0\u00bb50px\u00a0\u00bb][\/vc_column][\/vc_row][vc_row css_animation=\u00a0\u00bb\u00a0\u00bb row_type=\u00a0\u00bbrow\u00a0\u00bb use_row_as_full_screen_section=\u00a0\u00bbno\u00a0\u00bb type=\u00a0\u00bbgrid\u00a0\u00bb anchor=\u00a0\u00bbcontatti\u00a0\u00bb angled_section=\u00a0\u00bbno\u00a0\u00bb text_align=\u00a0\u00bbleft\u00a0\u00bb background_image_as_pattern=\u00a0\u00bbwithout_pattern\u00a0\u00bb z_index=\u00a0\u00bb\u00a0\u00bb][vc_column][vc_empty_space height=\u00a0\u00bb50px\u00a0\u00bb][vc_column_text]<\/p>\n<h2 style=\"text-align: center;\">PRENEZ CONTACT AVEC FBSPROFILATI<\/h2>\n<p>[\/vc_column_text][vc_empty_space][\/vc_column][\/vc_row][vc_row css_animation=\u00a0\u00bb\u00a0\u00bb row_type=\u00a0\u00bbrow\u00a0\u00bb use_row_as_full_screen_section=\u00a0\u00bbno\u00a0\u00bb type=\u00a0\u00bbgrid\u00a0\u00bb angled_section=\u00a0\u00bbno\u00a0\u00bb text_align=\u00a0\u00bbleft\u00a0\u00bb background_image_as_pattern=\u00a0\u00bbwithout_pattern\u00a0\u00bb z_index=\u00a0\u00bb\u00a0\u00bb][vc_column width=\u00a0\u00bb1\/4&Prime;][vc_column_text css=\u00a0\u00bb\u00a0\u00bb]<strong>FBSprofilati s.r.l.<\/strong><br \/>\nN. TVA: IT 02877830964<\/p>\n<p>&nbsp;<\/p>\n<p><strong>NOTRE SIEGE <\/strong><\/p>\n<p>Via T.Edison, 251<br \/>\n20019 Settimo Milanese (MI)<br \/>\nItalie<\/p>\n<p>&nbsp;<\/p>\n<p><strong>CONTACTS<\/strong><\/p>\n<p>Tel: +39 02 4564768 \/ 02 48916411<br \/>\ninfo@fbsprofilati.it[\/vc_column_text][\/vc_column][vc_column width=\u00a0\u00bb1\/2&Prime;]\n<div class=\"wpcf7 no-js\" id=\"wpcf7-f10839-o1\" lang=\"it-IT\" dir=\"ltr\" data-wpcf7-id=\"10839\">\n<div class=\"screen-reader-response\"><p role=\"status\" aria-live=\"polite\" aria-atomic=\"true\"><\/p> <ul><\/ul><\/div>\n<form action=\"\/fr\/wp-json\/wp\/v2\/pages\/10836#wpcf7-f10839-o1\" method=\"post\" class=\"wpcf7-form init cf7_custom_style_1\" aria-label=\"Modulo di contatto\" novalidate=\"novalidate\" data-status=\"init\">\n<fieldset class=\"hidden-fields-container\"><input type=\"hidden\" name=\"_wpcf7\" value=\"10839\" \/><input type=\"hidden\" name=\"_wpcf7_version\" value=\"6.1.5\" \/><input type=\"hidden\" name=\"_wpcf7_locale\" value=\"it_IT\" \/><input type=\"hidden\" name=\"_wpcf7_unit_tag\" value=\"wpcf7-f10839-o1\" \/><input type=\"hidden\" name=\"_wpcf7_container_post\" value=\"0\" \/><input type=\"hidden\" name=\"_wpcf7_posted_data_hash\" value=\"\" \/><input type=\"hidden\" name=\"_wpcf7_recaptcha_response\" value=\"\" \/>\n<\/fieldset>\n<p><label><span class=\"wpcf7-form-control-wrap\" data-name=\"Nome\"><input size=\"40\" maxlength=\"400\" class=\"wpcf7-form-control wpcf7-text wpcf7-validates-as-required campo-testo\" aria-required=\"true\" aria-invalid=\"false\" placeholder=\"Nom et Pr\u00e9nom*\" value=\"\" type=\"text\" name=\"Nome\" \/><\/span><\/label>\n<\/p>\n<p><label><span class=\"wpcf7-form-control-wrap\" data-name=\"Email\"><input size=\"40\" maxlength=\"400\" class=\"wpcf7-form-control wpcf7-email wpcf7-validates-as-required wpcf7-text wpcf7-validates-as-email campo-testo\" aria-required=\"true\" aria-invalid=\"false\" placeholder=\"Email*\" value=\"\" type=\"email\" name=\"Email\" \/><\/span> <\/label>\n<\/p>\n<p><label><span class=\"wpcf7-form-control-wrap\" data-name=\"Azienda\"><input size=\"40\" maxlength=\"400\" class=\"wpcf7-form-control wpcf7-text campo-testo\" aria-invalid=\"false\" placeholder=\"Entreprise\" value=\"\" type=\"text\" name=\"Azienda\" \/><\/span><\/label>\n<\/p>\n<p><label><span class=\"wpcf7-form-control-wrap\" data-name=\"Indirizzo\"><input size=\"40\" maxlength=\"400\" class=\"wpcf7-form-control wpcf7-text wpcf7-validates-as-required campo-testo\" aria-required=\"true\" aria-invalid=\"false\" placeholder=\"Ville*\" value=\"\" type=\"text\" name=\"Indirizzo\" \/><\/span><\/label>\n<\/p>\n<p><label><span class=\"wpcf7-form-control-wrap\" data-name=\"tel-644\"><input size=\"40\" maxlength=\"400\" class=\"wpcf7-form-control wpcf7-tel wpcf7-text wpcf7-validates-as-tel campo-testo\" aria-invalid=\"false\" placeholder=\"T\u00e9l\u00e9phone\" value=\"\" type=\"tel\" name=\"tel-644\" \/><\/span><\/label>\n<\/p>\n<p><span class=\"wpcf7-form-control-wrap\" data-name=\"menu-697\"><select class=\"wpcf7-form-control wpcf7-select wpcf7-validates-as-required interesse\" aria-required=\"true\" aria-invalid=\"false\" name=\"menu-697\"><option value=\"Sujet d\u2019interet*\">Sujet d\u2019interet*<\/option><option value=\"Profil Pour Tiroirs\">Profil Pour Tiroirs<\/option><option value=\"Rideaux\">Rideaux<\/option><option value=\"Profil\u00e9 Pour Ruban LED\">Profil\u00e9 Pour Ruban LED<\/option><option value=\"Profil\u00e9s d\u00e9coratifs pour double vitrage\">Profil\u00e9s d\u00e9coratifs pour double vitrage<\/option><option value=\"Inserts Decoratifs\">Inserts Decoratifs<\/option><option value=\"Autre\">Autre<\/option><\/select><\/span>\n<\/p>\n<p><label><span class=\"wpcf7-form-control-wrap\" data-name=\"Messaggio\"><textarea cols=\"40\" rows=\"10\" maxlength=\"2000\" class=\"wpcf7-form-control wpcf7-textarea campo-messaggio\" aria-invalid=\"false\" placeholder=\"Message\" name=\"Messaggio\"><\/textarea><\/span><\/label>\n<\/p>\n<p><strong>Termes et conditions<\/strong><span style=\"font-size: 13px; color: #b25252;\">(champ requis)<\/span><br \/>\n<span class=\"wpcf7-form-control-wrap\" data-name=\"accettazione-gdpr\"><span class=\"wpcf7-form-control wpcf7-acceptance\"><span class=\"wpcf7-list-item\"><label><input type=\"checkbox\" name=\"accettazione-gdpr\" value=\"1\" aria-invalid=\"false\" \/><span class=\"wpcf7-list-item-label\">J\u2019ai lu la<a href=\"https:\/\/www.fbsprofilati.it\/privacy-policy\/\" target=\"_blank\" rel=\"nofollow noopener\">politique de confidentialit\u00e9<\/a> et j\u2019accepte  la m\u00e9morisation de mes donn\u00e9es dans vos archives  seulement pour etre contact\u00e9 conform\u00e9ment au r\u00e8glement europ\u00e9en relatif \u00e0 la protection des donn\u00e9es n. 679\/2016, GDPR<\/span><\/label><\/span><\/span><\/span><span style=\"font-size: 13px;\">(Vous pouvez les supprimer ou en demander une copie en demandant express\u00e9ment \u00e0 info@fbsprofilati.it)<\/span>\n<\/p>\n<p><input class=\"wpcf7-form-control wpcf7-submit has-spinner pulsante-form\" type=\"submit\" value=\"Contactez-nous\" \/>\n<\/p><div class=\"wpcf7-response-output\" aria-hidden=\"true\"><\/div>\n<\/form>\n<\/div>\n[\/vc_column][vc_column width=\u00a0\u00bb1\/4&Prime;][\/vc_column][\/vc_row][vc_row css_animation=\u00a0\u00bb\u00a0\u00bb row_type=\u00a0\u00bbrow\u00a0\u00bb use_row_as_full_screen_section=\u00a0\u00bbno\u00a0\u00bb type=\u00a0\u00bbfull_width\u00a0\u00bb angled_section=\u00a0\u00bbno\u00a0\u00bb text_align=\u00a0\u00bbleft\u00a0\u00bb background_image_as_pattern=\u00a0\u00bbwithout_pattern\u00a0\u00bb][vc_column][vc_empty_space height=\u00a0\u00bb60px\u00a0\u00bb][\/vc_column][\/vc_row]<\/p>\n<\/div>","protected":false},"excerpt":{"rendered":"<p>[vc_row css_animation=\u00a0\u00bb\u00a0\u00bb row_type=\u00a0\u00bbrow\u00a0\u00bb use_row_as_full_screen_section=\u00a0\u00bbno\u00a0\u00bb type=\u00a0\u00bbfull_width\u00a0\u00bb angled_section=\u00a0\u00bbno\u00a0\u00bb text_align=\u00a0\u00bbleft\u00a0\u00bb background_image_as_pattern=\u00a0\u00bbwithout_pattern\u00a0\u00bb z_index=\u00a0\u00bb\u00a0\u00bb][vc_column][vc_column_text][\/vc_column_text][vc_empty_space height=\u00a0\u00bb50px\u00a0\u00bb][\/vc_column][\/vc_row][vc_row css_animation=\u00a0\u00bb\u00a0\u00bb row_type=\u00a0\u00bbrow\u00a0\u00bb use_row_as_full_screen_section=\u00a0\u00bbno\u00a0\u00bb type=\u00a0\u00bbgrid\u00a0\u00bb anchor=\u00a0\u00bbcontatti\u00a0\u00bb angled_section=\u00a0\u00bbno\u00a0\u00bb text_align=\u00a0\u00bbleft\u00a0\u00bb background_image_as_pattern=\u00a0\u00bbwithout_pattern\u00a0\u00bb z_index=\u00a0\u00bb\u00a0\u00bb][vc_column][vc_empty_space height=\u00a0\u00bb50px\u00a0\u00bb][vc_column_text] PRENEZ CONTACT AVEC FBSPROFILATI [\/vc_column_text][vc_empty_space][\/vc_column][\/vc_row][vc_row css_animation=\u00a0\u00bb\u00a0\u00bb row_type=\u00a0\u00bbrow\u00a0\u00bb use_row_as_full_screen_section=\u00a0\u00bbno\u00a0\u00bb type=\u00a0\u00bbgrid\u00a0\u00bb angled_section=\u00a0\u00bbno\u00a0\u00bb text_align=\u00a0\u00bbleft\u00a0\u00bb background_image_as_pattern=\u00a0\u00bbwithout_pattern\u00a0\u00bb z_index=\u00a0\u00bb\u00a0\u00bb][vc_column width=\u00a0\u00bb1\/4&Prime;][vc_column_text css=\u00a0\u00bb\u00a0\u00bb]FBSprofilati s.r.l. N. TVA: IT 02877830964 &nbsp; NOTRE SIEGE Via T.Edison,&#8230;<\/p>\n","protected":false},"author":5,"featured_media":0,"parent":0,"menu_order":0,"comment_status":"closed","ping_status":"closed","template":"full_width.php","meta":{"footnotes":""},"class_list":["post-10836","page","type-page","status-publish","hentry"],"yoast_head":"<!-- This site is optimized with the Yoast SEO plugin v27.3 - https:\/\/yoast.com\/product\/yoast-seo-wordpress\/ -->\n<title>Contacts Fbs Profilati<\/title>\n<meta name=\"description\" content=\"Contactez-nous et demandez un devis pour les profil\u00e9s en aluminium pour meubles.\" \/>\n<meta name=\"robots\" content=\"index, follow, max-snippet:-1, max-image-preview:large, max-video-preview:-1\" \/>\n<link rel=\"canonical\" href=\"https:\/\/www.fbsprofilati.it\/fr\/contacts\/\" \/>\n<meta property=\"og:locale\" content=\"fr_FR\" \/>\n<meta property=\"og:type\" content=\"article\" \/>\n<meta property=\"og:title\" content=\"Contacts Fbs Profilati\" \/>\n<meta property=\"og:description\" content=\"Contactez-nous et demandez un devis pour les profil\u00e9s en aluminium pour meubles.\" \/>\n<meta property=\"og:url\" content=\"https:\/\/www.fbsprofilati.it\/fr\/contacts\/\" \/>\n<meta property=\"og:site_name\" content=\"FBSprofilati\" \/>\n<meta property=\"article:publisher\" content=\"https:\/\/www.facebook.com\/FBSprofilati-srl-589930664398780\/\" \/>\n<meta property=\"article:modified_time\" content=\"2026-02-19T09:30:28+00:00\" \/>\n<meta name=\"twitter:card\" content=\"summary_large_image\" \/>\n<meta name=\"twitter:label1\" content=\"Dur\u00e9e de lecture estim\u00e9e\" \/>\n\t<meta name=\"twitter:data1\" content=\"1 minute\" \/>\n<script type=\"application\/ld+json\" class=\"yoast-schema-graph\">{\"@context\":\"https:\\\/\\\/schema.org\",\"@graph\":[{\"@type\":\"WebPage\",\"@id\":\"https:\\\/\\\/www.fbsprofilati.it\\\/fr\\\/contacts\\\/\",\"url\":\"https:\\\/\\\/www.fbsprofilati.it\\\/fr\\\/contacts\\\/\",\"name\":\"Contacts Fbs Profilati\",\"isPartOf\":{\"@id\":\"https:\\\/\\\/www.fbsprofilati.it\\\/#website\"},\"datePublished\":\"2018-10-23T09:25:14+00:00\",\"dateModified\":\"2026-02-19T09:30:28+00:00\",\"description\":\"Contactez-nous et demandez un devis pour les profil\u00e9s en aluminium pour meubles.\",\"breadcrumb\":{\"@id\":\"https:\\\/\\\/www.fbsprofilati.it\\\/fr\\\/contacts\\\/#breadcrumb\"},\"inLanguage\":\"fr-FR\",\"potentialAction\":[{\"@type\":\"ReadAction\",\"target\":[\"https:\\\/\\\/www.fbsprofilati.it\\\/fr\\\/contacts\\\/\"]}]},{\"@type\":\"BreadcrumbList\",\"@id\":\"https:\\\/\\\/www.fbsprofilati.it\\\/fr\\\/contacts\\\/#breadcrumb\",\"itemListElement\":[{\"@type\":\"ListItem\",\"position\":1,\"name\":\"Home\",\"item\":\"https:\\\/\\\/www.fbsprofilati.it\\\/fr\\\/\"},{\"@type\":\"ListItem\",\"position\":2,\"name\":\"CONTATTI\"}]},{\"@type\":\"WebSite\",\"@id\":\"https:\\\/\\\/www.fbsprofilati.it\\\/#website\",\"url\":\"https:\\\/\\\/www.fbsprofilati.it\\\/\",\"name\":\"FBSprofilati\",\"description\":\"The Art of Forming\",\"publisher\":{\"@id\":\"https:\\\/\\\/www.fbsprofilati.it\\\/#organization\"},\"potentialAction\":[{\"@type\":\"SearchAction\",\"target\":{\"@type\":\"EntryPoint\",\"urlTemplate\":\"https:\\\/\\\/www.fbsprofilati.it\\\/?s={search_term_string}\"},\"query-input\":{\"@type\":\"PropertyValueSpecification\",\"valueRequired\":true,\"valueName\":\"search_term_string\"}}],\"inLanguage\":\"fr-FR\"},{\"@type\":\"Organization\",\"@id\":\"https:\\\/\\\/www.fbsprofilati.it\\\/#organization\",\"name\":\"FBSprofilati\",\"url\":\"https:\\\/\\\/www.fbsprofilati.it\\\/\",\"logo\":{\"@type\":\"ImageObject\",\"inLanguage\":\"fr-FR\",\"@id\":\"https:\\\/\\\/www.fbsprofilati.it\\\/#\\\/schema\\\/logo\\\/image\\\/\",\"url\":\"https:\\\/\\\/www.fbsprofilati.it\\\/wp-content\\\/uploads\\\/2021\\\/03\\\/FBS_logotype_favicon_300x300.jpg\",\"contentUrl\":\"https:\\\/\\\/www.fbsprofilati.it\\\/wp-content\\\/uploads\\\/2021\\\/03\\\/FBS_logotype_favicon_300x300.jpg\",\"width\":300,\"height\":300,\"caption\":\"FBSprofilati\"},\"image\":{\"@id\":\"https:\\\/\\\/www.fbsprofilati.it\\\/#\\\/schema\\\/logo\\\/image\\\/\"},\"sameAs\":[\"https:\\\/\\\/www.facebook.com\\\/FBSprofilati-srl-589930664398780\\\/\",\"https:\\\/\\\/www.instagram.com\\\/fbsprofilati\\\/\",\"https:\\\/\\\/www.pinterest.it\\\/fbsprofilati\\\/\"]}]}<\/script>\n<!-- \/ Yoast SEO plugin. -->","yoast_head_json":{"title":"Contacts Fbs Profilati","description":"Contactez-nous et demandez un devis pour les profil\u00e9s en aluminium pour meubles.","robots":{"index":"index","follow":"follow","max-snippet":"max-snippet:-1","max-image-preview":"max-image-preview:large","max-video-preview":"max-video-preview:-1"},"canonical":"https:\/\/www.fbsprofilati.it\/fr\/contacts\/","og_locale":"fr_FR","og_type":"article","og_title":"Contacts Fbs Profilati","og_description":"Contactez-nous et demandez un devis pour les profil\u00e9s en aluminium pour meubles.","og_url":"https:\/\/www.fbsprofilati.it\/fr\/contacts\/","og_site_name":"FBSprofilati","article_publisher":"https:\/\/www.facebook.com\/FBSprofilati-srl-589930664398780\/","article_modified_time":"2026-02-19T09:30:28+00:00","twitter_card":"summary_large_image","twitter_misc":{"Dur\u00e9e de lecture estim\u00e9e":"1 minute"},"schema":{"@context":"https:\/\/schema.org","@graph":[{"@type":"WebPage","@id":"https:\/\/www.fbsprofilati.it\/fr\/contacts\/","url":"https:\/\/www.fbsprofilati.it\/fr\/contacts\/","name":"Contacts Fbs Profilati","isPartOf":{"@id":"https:\/\/www.fbsprofilati.it\/#website"},"datePublished":"2018-10-23T09:25:14+00:00","dateModified":"2026-02-19T09:30:28+00:00","description":"Contactez-nous et demandez un devis pour les profil\u00e9s en aluminium pour meubles.","breadcrumb":{"@id":"https:\/\/www.fbsprofilati.it\/fr\/contacts\/#breadcrumb"},"inLanguage":"fr-FR","potentialAction":[{"@type":"ReadAction","target":["https:\/\/www.fbsprofilati.it\/fr\/contacts\/"]}]},{"@type":"BreadcrumbList","@id":"https:\/\/www.fbsprofilati.it\/fr\/contacts\/#breadcrumb","itemListElement":[{"@type":"ListItem","position":1,"name":"Home","item":"https:\/\/www.fbsprofilati.it\/fr\/"},{"@type":"ListItem","position":2,"name":"CONTATTI"}]},{"@type":"WebSite","@id":"https:\/\/www.fbsprofilati.it\/#website","url":"https:\/\/www.fbsprofilati.it\/","name":"FBSprofilati","description":"The Art of Forming","publisher":{"@id":"https:\/\/www.fbsprofilati.it\/#organization"},"potentialAction":[{"@type":"SearchAction","target":{"@type":"EntryPoint","urlTemplate":"https:\/\/www.fbsprofilati.it\/?s={search_term_string}"},"query-input":{"@type":"PropertyValueSpecification","valueRequired":true,"valueName":"search_term_string"}}],"inLanguage":"fr-FR"},{"@type":"Organization","@id":"https:\/\/www.fbsprofilati.it\/#organization","name":"FBSprofilati","url":"https:\/\/www.fbsprofilati.it\/","logo":{"@type":"ImageObject","inLanguage":"fr-FR","@id":"https:\/\/www.fbsprofilati.it\/#\/schema\/logo\/image\/","url":"https:\/\/www.fbsprofilati.it\/wp-content\/uploads\/2021\/03\/FBS_logotype_favicon_300x300.jpg","contentUrl":"https:\/\/www.fbsprofilati.it\/wp-content\/uploads\/2021\/03\/FBS_logotype_favicon_300x300.jpg","width":300,"height":300,"caption":"FBSprofilati"},"image":{"@id":"https:\/\/www.fbsprofilati.it\/#\/schema\/logo\/image\/"},"sameAs":["https:\/\/www.facebook.com\/FBSprofilati-srl-589930664398780\/","https:\/\/www.instagram.com\/fbsprofilati\/","https:\/\/www.pinterest.it\/fbsprofilati\/"]}]}},"_links":{"self":[{"href":"https:\/\/www.fbsprofilati.it\/fr\/wp-json\/wp\/v2\/pages\/10836","targetHints":{"allow":["GET"]}}],"collection":[{"href":"https:\/\/www.fbsprofilati.it\/fr\/wp-json\/wp\/v2\/pages"}],"about":[{"href":"https:\/\/www.fbsprofilati.it\/fr\/wp-json\/wp\/v2\/types\/page"}],"author":[{"embeddable":true,"href":"https:\/\/www.fbsprofilati.it\/fr\/wp-json\/wp\/v2\/users\/5"}],"replies":[{"embeddable":true,"href":"https:\/\/www.fbsprofilati.it\/fr\/wp-json\/wp\/v2\/comments?post=10836"}],"version-history":[{"count":1,"href":"https:\/\/www.fbsprofilati.it\/fr\/wp-json\/wp\/v2\/pages\/10836\/revisions"}],"predecessor-version":[{"id":17801,"href":"https:\/\/www.fbsprofilati.it\/fr\/wp-json\/wp\/v2\/pages\/10836\/revisions\/17801"}],"wp:attachment":[{"href":"https:\/\/www.fbsprofilati.it\/fr\/wp-json\/wp\/v2\/media?parent=10836"}],"curies":[{"name":"wp","href":"https:\/\/api.w.org\/{rel}","templated":true}]}}