{"id":10701,"date":"2018-10-23T11:24:26","date_gmt":"2018-10-23T09:24:26","guid":{"rendered":"https:\/\/www.fbsprofilati.it\/company\/"},"modified":"2025-06-16T10:58:27","modified_gmt":"2025-06-16T08:58:27","slug":"entreprise","status":"publish","type":"page","link":"https:\/\/www.fbsprofilati.it\/fr\/entreprise\/","title":{"rendered":"THE COMPANY"},"content":{"rendered":"<div class=\"wpb-content-wrapper\"><p>[vc_row css_animation=\u00a0\u00bb\u00a0\u00bb row_type=\u00a0\u00bbrow\u00a0\u00bb use_row_as_full_screen_section=\u00a0\u00bbno\u00a0\u00bb type=\u00a0\u00bbfull_width\u00a0\u00bb angled_section=\u00a0\u00bbno\u00a0\u00bb text_align=\u00a0\u00bbleft\u00a0\u00bb background_image_as_pattern=\u00a0\u00bbwithout_pattern\u00a0\u00bb][vc_column][vc_video link=\u00a0\u00bbhttps:\/\/vimeo.com\/1091836630&Prime; css=\u00a0\u00bb\u00a0\u00bb][\/vc_column][\/vc_row][vc_row css_animation=\u00a0\u00bb\u00a0\u00bb row_type=\u00a0\u00bbrow\u00a0\u00bb use_row_as_full_screen_section=\u00a0\u00bbno\u00a0\u00bb type=\u00a0\u00bbfull_width\u00a0\u00bb angled_section=\u00a0\u00bbno\u00a0\u00bb text_align=\u00a0\u00bbleft\u00a0\u00bb background_image_as_pattern=\u00a0\u00bbwithout_pattern\u00a0\u00bb background_color=\u00a0\u00bb#ffffff\u00a0\u00bb side_padding=\u00a0\u00bb20&Prime; z_index=\u00a0\u00bb\u00a0\u00bb][vc_column offset=\u00a0\u00bbvc_hidden-xs\u00a0\u00bb][vc_empty_space height=\u00a0\u00bb100px\u00a0\u00bb][vc_column_text]<\/p>\n<div style=\"text-align: center;\"><span lang=\"EN-US\">L\u2019attention aux d\u00e9tails et la grande tradition italienne ont toujours caract\u00e9ris\u00e9\u00a0nos choix en nous faisant l\u2019une des entreprises leader dans la production des accessoires et composants pour l\u2019industrie des meubles et double vitrage.<br \/>\n<\/span><\/div>\n<p>[\/vc_column_text][vc_empty_space height=\u00a0\u00bb30px\u00a0\u00bb][\/vc_column][\/vc_row][vc_row css_animation=\u00a0\u00bb\u00a0\u00bb row_type=\u00a0\u00bbrow\u00a0\u00bb use_row_as_full_screen_section=\u00a0\u00bbno\u00a0\u00bb type=\u00a0\u00bbfull_width\u00a0\u00bb angled_section=\u00a0\u00bbno\u00a0\u00bb text_align=\u00a0\u00bbleft\u00a0\u00bb background_image_as_pattern=\u00a0\u00bbwithout_pattern\u00a0\u00bb background_color=\u00a0\u00bb#ffffff\u00a0\u00bb side_padding=\u00a0\u00bb5&Prime; z_index=\u00a0\u00bb\u00a0\u00bb][vc_column offset=\u00a0\u00bbvc_hidden-lg vc_hidden-md vc_hidden-sm\u00a0\u00bb][vc_empty_space height=\u00a0\u00bb20px\u00a0\u00bb][vc_column_text]<\/p>\n<div style=\"text-align: center;\"><span lang=\"EN-US\">L\u2019attention aux d\u00e9tails et la grande tradition italienne ont toujours caract\u00e9ris\u00e9 nos choix en nous faisant l\u2019une des entreprises leader dans la production des accessoires et composants pour l\u2019industrie des meubles et double vitrage .<br \/>\n<\/span><\/div>\n<p>[\/vc_column_text][vc_empty_space height=\u00a0\u00bb30px\u00a0\u00bb][\/vc_column][\/vc_row][vc_row css_animation=\u00a0\u00bb\u00a0\u00bb row_type=\u00a0\u00bbrow\u00a0\u00bb use_row_as_full_screen_section=\u00a0\u00bbno\u00a0\u00bb type=\u00a0\u00bbfull_width\u00a0\u00bb angled_section=\u00a0\u00bbno\u00a0\u00bb text_align=\u00a0\u00bbleft\u00a0\u00bb background_image_as_pattern=\u00a0\u00bbwithout_pattern\u00a0\u00bb side_padding=\u00a0\u00bb20&Prime; z_index=\u00a0\u00bb\u00a0\u00bb][vc_column offset=\u00a0\u00bbvc_hidden-xs\u00a0\u00bb][vc_empty_space height=\u00a0\u00bb60px\u00a0\u00bb][vc_column_text]<\/p>\n<h2 class=\"titolo-azienda\" style=\"text-align: center;\">NOTRE ENTREPRISE<\/h2>\n<p>[\/vc_column_text][vc_empty_space][vc_row_inner row_type=\u00a0\u00bbrow\u00a0\u00bb type=\u00a0\u00bbfull_width\u00a0\u00bb text_align=\u00a0\u00bbleft\u00a0\u00bb css_animation=\u00a0\u00bb\u00a0\u00bb][vc_column_inner width=\u00a0\u00bb1\/3&Prime; offset=\u00a0\u00bbvc_hidden-lg vc_hidden-md vc_hidden-sm vc_hidden-xs\u00a0\u00bb]<div class=\"q_counter_holder  center\" style=\"\"><span class=\"counter  zero\" style=\"color: #333333;\">60<\/span><span class=\"separator small\" style=\"\"><\/span><p class=\"counter_text\" style=\"font-size: 14px;text-transform: uppercase;\">ANNEES D\u2019EXPERIENCE<\/p><\/div>[\/vc_column_inner][vc_column_inner width=\u00a0\u00bb1\/3&Prime; offset=\u00a0\u00bbvc_hidden-lg vc_hidden-md vc_hidden-sm vc_hidden-xs\u00a0\u00bb]<div class=\"q_counter_holder  center\" style=\"\"><span class=\"counter  zero\" style=\"color: #333333;\">5000<\/span><span class=\"separator small\" style=\"\"><\/span><p class=\"counter_text\" style=\"font-size: 14px;text-transform: uppercase;\">METRES CARRES<\/p><\/div>[\/vc_column_inner][vc_column_inner width=\u00a0\u00bb1\/3&Prime; offset=\u00a0\u00bbvc_hidden-lg vc_hidden-md vc_hidden-sm vc_hidden-xs\u00a0\u00bb]<div class=\"q_counter_holder  center\" style=\"\"><span class=\"counter  zero\" style=\"color: #333333;\">100<\/span><span class=\"separator small\" style=\"\"><\/span><p class=\"counter_text\" style=\"font-size: 14px;text-transform: uppercase;\">FABRIQUE EN ITALIE<\/p><\/div>[\/vc_column_inner][\/vc_row_inner][vc_empty_space height=\u00a0\u00bb60px\u00a0\u00bb][vc_column_text]<\/p>\n<p style=\"text-align: center;\">FBSprofilati srl est une entreprise dynamique dont l\u2019essence est la conception et la fabrication des profils d\u00e9coratifs et rideaux en aluminium de haute qualit\u00e9.<\/p>\n<p style=\"text-align: center;\">Nos outils et nos machines, ainsi que les accessoires et composants, sont con\u00e7us et fabriqu\u00e9s exclusivement par nous \u00e0 Milan.<\/p>\n<p>[\/vc_column_text][vc_empty_space height=\u00a0\u00bb100px\u00a0\u00bb][\/vc_column][\/vc_row][vc_row css_animation=\u00a0\u00bb\u00a0\u00bb row_type=\u00a0\u00bbrow\u00a0\u00bb use_row_as_full_screen_section=\u00a0\u00bbno\u00a0\u00bb type=\u00a0\u00bbfull_width\u00a0\u00bb angled_section=\u00a0\u00bbno\u00a0\u00bb text_align=\u00a0\u00bbleft\u00a0\u00bb background_image_as_pattern=\u00a0\u00bbwithout_pattern\u00a0\u00bb side_padding=\u00a0\u00bb5&Prime; z_index=\u00a0\u00bb\u00a0\u00bb][vc_column offset=\u00a0\u00bbvc_hidden-lg vc_hidden-md vc_hidden-sm\u00a0\u00bb][vc_empty_space height=\u00a0\u00bb60px\u00a0\u00bb][vc_column_text]<\/p>\n<h2 class=\"titolo-azienda\" style=\"text-align: center;\">NOTRE ENTREPRISE<\/h2>\n<p>[\/vc_column_text][vc_empty_space][vc_row_inner row_type=\u00a0\u00bbrow\u00a0\u00bb type=\u00a0\u00bbfull_width\u00a0\u00bb text_align=\u00a0\u00bbleft\u00a0\u00bb css_animation=\u00a0\u00bb\u00a0\u00bb][vc_column_inner width=\u00a0\u00bb1\/3&Prime;]<div class=\"q_counter_holder  center\" style=\"\"><span class=\"counter  zero\" style=\"color: #333333;\">55<\/span><span class=\"separator small\" style=\"\"><\/span><p class=\"counter_text\" style=\"font-size: 14px;text-transform: uppercase;\">ANNEES D\u2019EXPERIENCE<\/p><\/div>[\/vc_column_inner][vc_column_inner width=\u00a0\u00bb1\/3&Prime;]<div class=\"q_counter_holder  center\" style=\"\"><span class=\"counter  zero\" style=\"color: #333333;\">5000<\/span><span class=\"separator small\" style=\"\"><\/span><p class=\"counter_text\" style=\"font-size: 14px;text-transform: uppercase;\">METRES CARRES<\/p><\/div>[\/vc_column_inner][vc_column_inner width=\u00a0\u00bb1\/3&Prime;]<div class=\"q_counter_holder  center\" style=\"\"><span class=\"counter  zero\" style=\"color: #333333;\">100%<\/span><span class=\"separator small\" style=\"\"><\/span><p class=\"counter_text\" style=\"font-size: 14px;text-transform: uppercase;\">FABRIQUE EN ITALIE<\/p><\/div>[\/vc_column_inner][\/vc_row_inner][vc_empty_space][vc_column_text]<\/p>\n<p style=\"text-align: center;\">FBSprofilati srl est une entreprise dynamique dont l\u2019essence est la conception et la fabrication des profils d\u00e9coratifs et rideaux en aluminium de haute qualit\u00e9.<\/p>\n<p style=\"text-align: center;\">Nos outils et nos machines, ainsi que les accessoires et composants, sont con\u00e7us et fabriqu\u00e9s exclusivement par nous \u00e0 Milan.<\/p>\n<p>[\/vc_column_text][vc_empty_space height=\u00a0\u00bb40px\u00a0\u00bb][\/vc_column][\/vc_row][vc_row css_animation=\u00a0\u00bb\u00a0\u00bb row_type=\u00a0\u00bbrow\u00a0\u00bb use_row_as_full_screen_section=\u00a0\u00bbno\u00a0\u00bb type=\u00a0\u00bbfull_width\u00a0\u00bb angled_section=\u00a0\u00bbno\u00a0\u00bb text_align=\u00a0\u00bbleft\u00a0\u00bb background_image_as_pattern=\u00a0\u00bbwithout_pattern\u00a0\u00bb background_color=\u00a0\u00bb#ffffff\u00a0\u00bb side_padding=\u00a0\u00bb10&Prime; z_index=\u00a0\u00bb\u00a0\u00bb][vc_column offset=\u00a0\u00bbvc_hidden-xs\u00a0\u00bb][qode_elements_holder number_of_columns=\u00a0\u00bbtwo_columns\u00a0\u00bb switch_to_one_column=\u00a0\u00bb768&Prime;][qode_elements_holder_item vertical_alignment=\u00a0\u00bbmiddle\u00a0\u00bb advanced_animations=\u00a0\u00bbno\u00a0\u00bb][vc_single_image image=\u00a0\u00bb3810&Prime; img_size=\u00a0\u00bbfull\u00a0\u00bb alignment=\u00a0\u00bbcenter\u00a0\u00bb qode_css_animation=\u00a0\u00bb\u00a0\u00bb qode_hover_animation=\u00a0\u00bbzoom_in\u00a0\u00bb][\/qode_elements_holder_item][qode_elements_holder_item item_padding=\u00a0\u00bb0px 50px 0px 50px\u00a0\u00bb vertical_alignment=\u00a0\u00bbmiddle\u00a0\u00bb advanced_animations=\u00a0\u00bbno\u00a0\u00bb][vc_empty_space][vc_column_text]<\/p>\n<h2 class=\"titolo-azienda\" style=\"text-align: center;\">TECHNOLOGIE ET DURABILITE<\/h2>\n<p>[\/vc_column_text][vc_empty_space][vc_column_text el_class=\u00a0\u00bbcontenuto-testo\u00a0\u00bb]<\/p>\n<p style=\"text-align: center;\">Nous avons perfectionn\u00e9 l\u2019art du profilage de l\u2019aluminium grace \u00e0 des d\u00e9cennies de travails avec les modernes techniques de production.<\/p>\n<p style=\"text-align: center;\">Grace \u00e0 cette technologie \u00e0 tr\u00e8s faibles \u00e9missions et \u00e0 l\u2019utilisation de l\u2019aluminium, le m\u00e9tal le plus \u00ab green \u00bb, nous r\u00e9alisons nos processus industriels tout en respectant l\u2019environnement et avec le minimum impacte polluant.<\/p>\n<p>[\/vc_column_text][\/qode_elements_holder_item][\/qode_elements_holder][\/vc_column][\/vc_row][vc_row css_animation=\u00a0\u00bb\u00a0\u00bb row_type=\u00a0\u00bbrow\u00a0\u00bb use_row_as_full_screen_section=\u00a0\u00bbno\u00a0\u00bb type=\u00a0\u00bbfull_width\u00a0\u00bb angled_section=\u00a0\u00bbno\u00a0\u00bb text_align=\u00a0\u00bbleft\u00a0\u00bb background_image_as_pattern=\u00a0\u00bbwithout_pattern\u00a0\u00bb background_color=\u00a0\u00bb#ffffff\u00a0\u00bb side_padding=\u00a0\u00bb5&Prime; z_index=\u00a0\u00bb\u00a0\u00bb][vc_column offset=\u00a0\u00bbvc_hidden-lg vc_hidden-md vc_hidden-sm\u00a0\u00bb][qode_elements_holder number_of_columns=\u00a0\u00bbtwo_columns\u00a0\u00bb switch_to_one_column=\u00a0\u00bb768&Prime;][qode_elements_holder_item vertical_alignment=\u00a0\u00bbmiddle\u00a0\u00bb advanced_animations=\u00a0\u00bbno\u00a0\u00bb][vc_single_image image=\u00a0\u00bb3810&Prime; img_size=\u00a0\u00bbfull\u00a0\u00bb alignment=\u00a0\u00bbcenter\u00a0\u00bb qode_css_animation=\u00a0\u00bb\u00a0\u00bb qode_hover_animation=\u00a0\u00bbzoom_in\u00a0\u00bb][\/qode_elements_holder_item][qode_elements_holder_item item_padding=\u00a0\u00bb0px 50px 0px 50px\u00a0\u00bb vertical_alignment=\u00a0\u00bbmiddle\u00a0\u00bb advanced_animations=\u00a0\u00bbno\u00a0\u00bb][vc_empty_space][vc_column_text]<\/p>\n<h2 class=\"titolo-azienda\" style=\"text-align: center;\">TECHNOLOGIE ET DURABILITE<\/h2>\n<p>[\/vc_column_text][vc_empty_space][vc_column_text el_class=\u00a0\u00bbcontenuto-testo\u00a0\u00bb]Nous avons perfectionn\u00e9 l\u2019art du profilage\u00a0 de l\u2019aluminium grace \u00e0 des d\u00e9cennies de travails\u00a0 avec les modernes techniques de production .<\/p>\n<p style=\"text-align: center;\">Grace \u00e0 cette technologie \u00e0 tr\u00e8s faibles \u00e9missions et \u00e0 l\u2019utilisation de l\u2019aluminium, le m\u00e9tal le plus \u00ab green \u00bb , nous r\u00e9alisons nos processus industriels tout en respectant l\u2019environnement et avec le minimum impacte polluant.<\/p>\n<p>[\/vc_column_text][\/qode_elements_holder_item][\/qode_elements_holder][\/vc_column][\/vc_row][vc_row css_animation=\u00a0\u00bb\u00a0\u00bb row_type=\u00a0\u00bbrow\u00a0\u00bb use_row_as_full_screen_section=\u00a0\u00bbno\u00a0\u00bb type=\u00a0\u00bbfull_width\u00a0\u00bb angled_section=\u00a0\u00bbno\u00a0\u00bb text_align=\u00a0\u00bbleft\u00a0\u00bb background_image_as_pattern=\u00a0\u00bbwithout_pattern\u00a0\u00bb background_color=\u00a0\u00bb#ffffff\u00a0\u00bb side_padding=\u00a0\u00bb20&Prime; z_index=\u00a0\u00bb\u00a0\u00bb][vc_column offset=\u00a0\u00bbvc_hidden-xs\u00a0\u00bb][vc_empty_space height=\u00a0\u00bb100px\u00a0\u00bb][vc_column_text]<\/p>\n<h2 class=\"titolo-azienda\" style=\"text-align: center;\">VUE D\u2019ENSEMBLE<\/h2>\n<p>[\/vc_column_text][vc_empty_space height=\u00a0\u00bb60px\u00a0\u00bb][vc_column_text]<\/p>\n<p style=\"text-align: center;\">Nous prenons part r\u00e9guli\u00e8rement \u00e0 salons et missions internationales , pas seulement pour \u00e9tendre nos contactes commerciales mais aussi pour \u00e9largir l\u2019horizon<br \/>\net obtenir nouveau savoir faire avec l\u2019objetif de penser et cr\u00e9er des solutions d\u00e9coratives brillants pour le secteur du design d\u2019int\u00e9rieur .<\/p>\n<p>[\/vc_column_text][vc_empty_space height=\u00a0\u00bb60px\u00a0\u00bb][\/vc_column][\/vc_row][vc_row css_animation=\u00a0\u00bb\u00a0\u00bb row_type=\u00a0\u00bbrow\u00a0\u00bb use_row_as_full_screen_section=\u00a0\u00bbno\u00a0\u00bb type=\u00a0\u00bbfull_width\u00a0\u00bb angled_section=\u00a0\u00bbno\u00a0\u00bb text_align=\u00a0\u00bbleft\u00a0\u00bb background_image_as_pattern=\u00a0\u00bbwithout_pattern\u00a0\u00bb background_color=\u00a0\u00bb#ffffff\u00a0\u00bb side_padding=\u00a0\u00bb5&Prime; z_index=\u00a0\u00bb\u00a0\u00bb][vc_column offset=\u00a0\u00bbvc_hidden-lg vc_hidden-md vc_hidden-sm\u00a0\u00bb][vc_empty_space height=\u00a0\u00bb100px\u00a0\u00bb][vc_column_text]<\/p>\n<h2 class=\"titolo-azienda\" style=\"text-align: center;\">VUE D\u2019ENSEMBLE<\/h2>\n<p>[\/vc_column_text][vc_empty_space height=\u00a0\u00bb60px\u00a0\u00bb][vc_column_text]<\/p>\n<p style=\"text-align: center;\">Nous prenons part r\u00e9guli\u00e8rement \u00e0 salons et missions internationales , pas seulement pour \u00e9tendre nos contactes commerciales mais aussi pour \u00e9largir l\u2019horizon<br \/>\net obtenir nouveau savoir faire avec l\u2019objetif de penser et cr\u00e9er des solutions d\u00e9coratives brillants pour le secteur du design d\u2019int\u00e9rieur .<\/p>\n<p>[\/vc_column_text][vc_empty_space height=\u00a0\u00bb60px\u00a0\u00bb][\/vc_column][\/vc_row][vc_row css_animation=\u00a0\u00bb\u00a0\u00bb row_type=\u00a0\u00bbrow\u00a0\u00bb use_row_as_full_screen_section=\u00a0\u00bbno\u00a0\u00bb type=\u00a0\u00bbfull_width\u00a0\u00bb angled_section=\u00a0\u00bbno\u00a0\u00bb text_align=\u00a0\u00bbleft\u00a0\u00bb background_image_as_pattern=\u00a0\u00bbwithout_pattern\u00a0\u00bb background_color=\u00a0\u00bb#ffffff\u00a0\u00bb side_padding=\u00a0\u00bb10&Prime; z_index=\u00a0\u00bb\u00a0\u00bb][vc_column][qode_clients columns=\u00a0\u00bbsix_columns\u00a0\u00bb hover_effect=\u00a0\u00bbswitch_img\u00a0\u00bb switch_effect=\u00a0\u00bbswitch_fade\u00a0\u00bb disable_separators=\u00a0\u00bbyes\u00a0\u00bb][qode_client image=\u00a0\u00bb685&Prime; hover_image=\u00a0\u00bb651&Prime;][qode_client image=\u00a0\u00bb684&Prime; hover_image=\u00a0\u00bb652&Prime;][qode_client image=\u00a0\u00bb683&Prime; hover_image=\u00a0\u00bb653&Prime;][qode_client image=\u00a0\u00bb682&Prime; hover_image=\u00a0\u00bb654&Prime;][qode_client image=\u00a0\u00bb681&Prime; hover_image=\u00a0\u00bb655&Prime;][qode_client image=\u00a0\u00bb680&Prime; hover_image=\u00a0\u00bb656&Prime;][\/qode_clients][vc_empty_space height=\u00a0\u00bb60px\u00a0\u00bb][\/vc_column][\/vc_row]<\/p>\n<\/div>","protected":false},"excerpt":{"rendered":"<p>[vc_row css_animation=\u00a0\u00bb\u00a0\u00bb row_type=\u00a0\u00bbrow\u00a0\u00bb use_row_as_full_screen_section=\u00a0\u00bbno\u00a0\u00bb type=\u00a0\u00bbfull_width\u00a0\u00bb angled_section=\u00a0\u00bbno\u00a0\u00bb text_align=\u00a0\u00bbleft\u00a0\u00bb background_image_as_pattern=\u00a0\u00bbwithout_pattern\u00a0\u00bb][vc_column][vc_video link=\u00a0\u00bbhttps:\/\/vimeo.com\/1091836630&Prime; css=\u00a0\u00bb\u00a0\u00bb][\/vc_column][\/vc_row][vc_row css_animation=\u00a0\u00bb\u00a0\u00bb row_type=\u00a0\u00bbrow\u00a0\u00bb use_row_as_full_screen_section=\u00a0\u00bbno\u00a0\u00bb type=\u00a0\u00bbfull_width\u00a0\u00bb angled_section=\u00a0\u00bbno\u00a0\u00bb text_align=\u00a0\u00bbleft\u00a0\u00bb background_image_as_pattern=\u00a0\u00bbwithout_pattern\u00a0\u00bb background_color=\u00a0\u00bb#ffffff\u00a0\u00bb side_padding=\u00a0\u00bb20&Prime; z_index=\u00a0\u00bb\u00a0\u00bb][vc_column offset=\u00a0\u00bbvc_hidden-xs\u00a0\u00bb][vc_empty_space height=\u00a0\u00bb100px\u00a0\u00bb][vc_column_text] L\u2019attention aux d\u00e9tails et la grande tradition italienne ont toujours caract\u00e9ris\u00e9\u00a0nos choix en nous faisant l\u2019une des entreprises leader dans la production des&#8230;<\/p>\n","protected":false},"author":5,"featured_media":0,"parent":0,"menu_order":0,"comment_status":"closed","ping_status":"closed","template":"full_width.php","meta":{"footnotes":""},"class_list":["post-10701","page","type-page","status-publish","hentry"],"yoast_head":"<!-- This site is optimized with the Yoast SEO plugin v27.5 - https:\/\/yoast.com\/product\/yoast-seo-wordpress\/ -->\n<title>FBSprofilati - Profils D\u00e9coratifs en Aluminium<\/title>\n<meta name=\"description\" content=\"FBSprofilati : leader dans la production de profil\u00e9s et composants d\u00e9coratifs en aluminium pour l&#039;industrie du meuble et du double vitrage. D\u00e9couvrez la large gamme de produits\" \/>\n<meta name=\"robots\" content=\"index, follow, max-snippet:-1, max-image-preview:large, max-video-preview:-1\" \/>\n<link rel=\"canonical\" href=\"https:\/\/www.fbsprofilati.it\/fr\/entreprise\/\" \/>\n<meta property=\"og:locale\" content=\"fr_FR\" \/>\n<meta property=\"og:type\" content=\"article\" \/>\n<meta property=\"og:title\" content=\"FBSprofilati - Profils D\u00e9coratifs en Aluminium\" \/>\n<meta property=\"og:description\" content=\"FBSprofilati : leader dans la production de profil\u00e9s et composants d\u00e9coratifs en aluminium pour l&#039;industrie du meuble et du double vitrage. D\u00e9couvrez la large gamme de produits\" \/>\n<meta property=\"og:url\" content=\"https:\/\/www.fbsprofilati.it\/fr\/entreprise\/\" \/>\n<meta property=\"og:site_name\" content=\"FBSprofilati\" \/>\n<meta property=\"article:publisher\" content=\"https:\/\/www.facebook.com\/FBSprofilati-srl-589930664398780\/\" \/>\n<meta property=\"article:modified_time\" content=\"2025-06-16T08:58:27+00:00\" \/>\n<meta name=\"twitter:card\" content=\"summary_large_image\" \/>\n<meta name=\"twitter:label1\" content=\"Dur\u00e9e de lecture estim\u00e9e\" \/>\n\t<meta name=\"twitter:data1\" content=\"7 minutes\" \/>\n<script type=\"application\/ld+json\" class=\"yoast-schema-graph\">{\"@context\":\"https:\\\/\\\/schema.org\",\"@graph\":[{\"@type\":\"WebPage\",\"@id\":\"https:\\\/\\\/www.fbsprofilati.it\\\/fr\\\/entreprise\\\/\",\"url\":\"https:\\\/\\\/www.fbsprofilati.it\\\/fr\\\/entreprise\\\/\",\"name\":\"FBSprofilati - Profils D\u00e9coratifs en Aluminium\",\"isPartOf\":{\"@id\":\"https:\\\/\\\/www.fbsprofilati.it\\\/#website\"},\"datePublished\":\"2018-10-23T09:24:26+00:00\",\"dateModified\":\"2025-06-16T08:58:27+00:00\",\"description\":\"FBSprofilati : leader dans la production de profil\u00e9s et composants d\u00e9coratifs en aluminium pour l'industrie du meuble et du double vitrage. D\u00e9couvrez la large gamme de produits\",\"breadcrumb\":{\"@id\":\"https:\\\/\\\/www.fbsprofilati.it\\\/fr\\\/entreprise\\\/#breadcrumb\"},\"inLanguage\":\"fr-FR\",\"potentialAction\":[{\"@type\":\"ReadAction\",\"target\":[\"https:\\\/\\\/www.fbsprofilati.it\\\/fr\\\/entreprise\\\/\"]}]},{\"@type\":\"BreadcrumbList\",\"@id\":\"https:\\\/\\\/www.fbsprofilati.it\\\/fr\\\/entreprise\\\/#breadcrumb\",\"itemListElement\":[{\"@type\":\"ListItem\",\"position\":1,\"name\":\"Home\",\"item\":\"https:\\\/\\\/www.fbsprofilati.it\\\/fr\\\/\"},{\"@type\":\"ListItem\",\"position\":2,\"name\":\"THE COMPANY\"}]},{\"@type\":\"WebSite\",\"@id\":\"https:\\\/\\\/www.fbsprofilati.it\\\/#website\",\"url\":\"https:\\\/\\\/www.fbsprofilati.it\\\/\",\"name\":\"FBSprofilati\",\"description\":\"The Art of Forming\",\"publisher\":{\"@id\":\"https:\\\/\\\/www.fbsprofilati.it\\\/#organization\"},\"potentialAction\":[{\"@type\":\"SearchAction\",\"target\":{\"@type\":\"EntryPoint\",\"urlTemplate\":\"https:\\\/\\\/www.fbsprofilati.it\\\/?s={search_term_string}\"},\"query-input\":{\"@type\":\"PropertyValueSpecification\",\"valueRequired\":true,\"valueName\":\"search_term_string\"}}],\"inLanguage\":\"fr-FR\"},{\"@type\":\"Organization\",\"@id\":\"https:\\\/\\\/www.fbsprofilati.it\\\/#organization\",\"name\":\"FBSprofilati\",\"url\":\"https:\\\/\\\/www.fbsprofilati.it\\\/\",\"logo\":{\"@type\":\"ImageObject\",\"inLanguage\":\"fr-FR\",\"@id\":\"https:\\\/\\\/www.fbsprofilati.it\\\/#\\\/schema\\\/logo\\\/image\\\/\",\"url\":\"https:\\\/\\\/www.fbsprofilati.it\\\/wp-content\\\/uploads\\\/2021\\\/03\\\/FBS_logotype_favicon_300x300.jpg\",\"contentUrl\":\"https:\\\/\\\/www.fbsprofilati.it\\\/wp-content\\\/uploads\\\/2021\\\/03\\\/FBS_logotype_favicon_300x300.jpg\",\"width\":300,\"height\":300,\"caption\":\"FBSprofilati\"},\"image\":{\"@id\":\"https:\\\/\\\/www.fbsprofilati.it\\\/#\\\/schema\\\/logo\\\/image\\\/\"},\"sameAs\":[\"https:\\\/\\\/www.facebook.com\\\/FBSprofilati-srl-589930664398780\\\/\",\"https:\\\/\\\/www.instagram.com\\\/fbsprofilati\\\/\",\"https:\\\/\\\/www.pinterest.it\\\/fbsprofilati\\\/\"]}]}<\/script>\n<!-- \/ Yoast SEO plugin. -->","yoast_head_json":{"title":"FBSprofilati - Profils D\u00e9coratifs en Aluminium","description":"FBSprofilati : leader dans la production de profil\u00e9s et composants d\u00e9coratifs en aluminium pour l'industrie du meuble et du double vitrage. D\u00e9couvrez la large gamme de produits","robots":{"index":"index","follow":"follow","max-snippet":"max-snippet:-1","max-image-preview":"max-image-preview:large","max-video-preview":"max-video-preview:-1"},"canonical":"https:\/\/www.fbsprofilati.it\/fr\/entreprise\/","og_locale":"fr_FR","og_type":"article","og_title":"FBSprofilati - Profils D\u00e9coratifs en Aluminium","og_description":"FBSprofilati : leader dans la production de profil\u00e9s et composants d\u00e9coratifs en aluminium pour l'industrie du meuble et du double vitrage. D\u00e9couvrez la large gamme de produits","og_url":"https:\/\/www.fbsprofilati.it\/fr\/entreprise\/","og_site_name":"FBSprofilati","article_publisher":"https:\/\/www.facebook.com\/FBSprofilati-srl-589930664398780\/","article_modified_time":"2025-06-16T08:58:27+00:00","twitter_card":"summary_large_image","twitter_misc":{"Dur\u00e9e de lecture estim\u00e9e":"7 minutes"},"schema":{"@context":"https:\/\/schema.org","@graph":[{"@type":"WebPage","@id":"https:\/\/www.fbsprofilati.it\/fr\/entreprise\/","url":"https:\/\/www.fbsprofilati.it\/fr\/entreprise\/","name":"FBSprofilati - Profils D\u00e9coratifs en Aluminium","isPartOf":{"@id":"https:\/\/www.fbsprofilati.it\/#website"},"datePublished":"2018-10-23T09:24:26+00:00","dateModified":"2025-06-16T08:58:27+00:00","description":"FBSprofilati : leader dans la production de profil\u00e9s et composants d\u00e9coratifs en aluminium pour l'industrie du meuble et du double vitrage. D\u00e9couvrez la large gamme de produits","breadcrumb":{"@id":"https:\/\/www.fbsprofilati.it\/fr\/entreprise\/#breadcrumb"},"inLanguage":"fr-FR","potentialAction":[{"@type":"ReadAction","target":["https:\/\/www.fbsprofilati.it\/fr\/entreprise\/"]}]},{"@type":"BreadcrumbList","@id":"https:\/\/www.fbsprofilati.it\/fr\/entreprise\/#breadcrumb","itemListElement":[{"@type":"ListItem","position":1,"name":"Home","item":"https:\/\/www.fbsprofilati.it\/fr\/"},{"@type":"ListItem","position":2,"name":"THE COMPANY"}]},{"@type":"WebSite","@id":"https:\/\/www.fbsprofilati.it\/#website","url":"https:\/\/www.fbsprofilati.it\/","name":"FBSprofilati","description":"The Art of Forming","publisher":{"@id":"https:\/\/www.fbsprofilati.it\/#organization"},"potentialAction":[{"@type":"SearchAction","target":{"@type":"EntryPoint","urlTemplate":"https:\/\/www.fbsprofilati.it\/?s={search_term_string}"},"query-input":{"@type":"PropertyValueSpecification","valueRequired":true,"valueName":"search_term_string"}}],"inLanguage":"fr-FR"},{"@type":"Organization","@id":"https:\/\/www.fbsprofilati.it\/#organization","name":"FBSprofilati","url":"https:\/\/www.fbsprofilati.it\/","logo":{"@type":"ImageObject","inLanguage":"fr-FR","@id":"https:\/\/www.fbsprofilati.it\/#\/schema\/logo\/image\/","url":"https:\/\/www.fbsprofilati.it\/wp-content\/uploads\/2021\/03\/FBS_logotype_favicon_300x300.jpg","contentUrl":"https:\/\/www.fbsprofilati.it\/wp-content\/uploads\/2021\/03\/FBS_logotype_favicon_300x300.jpg","width":300,"height":300,"caption":"FBSprofilati"},"image":{"@id":"https:\/\/www.fbsprofilati.it\/#\/schema\/logo\/image\/"},"sameAs":["https:\/\/www.facebook.com\/FBSprofilati-srl-589930664398780\/","https:\/\/www.instagram.com\/fbsprofilati\/","https:\/\/www.pinterest.it\/fbsprofilati\/"]}]}},"_links":{"self":[{"href":"https:\/\/www.fbsprofilati.it\/fr\/wp-json\/wp\/v2\/pages\/10701","targetHints":{"allow":["GET"]}}],"collection":[{"href":"https:\/\/www.fbsprofilati.it\/fr\/wp-json\/wp\/v2\/pages"}],"about":[{"href":"https:\/\/www.fbsprofilati.it\/fr\/wp-json\/wp\/v2\/types\/page"}],"author":[{"embeddable":true,"href":"https:\/\/www.fbsprofilati.it\/fr\/wp-json\/wp\/v2\/users\/5"}],"replies":[{"embeddable":true,"href":"https:\/\/www.fbsprofilati.it\/fr\/wp-json\/wp\/v2\/comments?post=10701"}],"version-history":[{"count":4,"href":"https:\/\/www.fbsprofilati.it\/fr\/wp-json\/wp\/v2\/pages\/10701\/revisions"}],"predecessor-version":[{"id":17444,"href":"https:\/\/www.fbsprofilati.it\/fr\/wp-json\/wp\/v2\/pages\/10701\/revisions\/17444"}],"wp:attachment":[{"href":"https:\/\/www.fbsprofilati.it\/fr\/wp-json\/wp\/v2\/media?parent=10701"}],"curies":[{"name":"wp","href":"https:\/\/api.w.org\/{rel}","templated":true}]}}