{"id":16532,"date":"2024-12-13T11:16:04","date_gmt":"2024-12-13T10:16:04","guid":{"rendered":"https:\/\/www.fbsprofilati.it\/?page_id=16532"},"modified":"2025-01-21T12:54:37","modified_gmt":"2025-01-21T11:54:37","slug":"perfiles-para-led","status":"publish","type":"page","link":"https:\/\/www.fbsprofilati.it\/es\/perfiles-para-led\/","title":{"rendered":"WINDLIGHT"},"content":{"rendered":"<div class=\"wpb-content-wrapper\"><p>[vc_row css_animation=\u00bb\u00bb row_type=\u00bbrow\u00bb use_row_as_full_screen_section=\u00bbno\u00bb type=\u00bbfull_width\u00bb angled_section=\u00bbno\u00bb text_align=\u00bbleft\u00bb background_image_as_pattern=\u00bbwithout_pattern\u00bb css=\u00bb.vc_custom_1726825449596{margin-top: 0px !important;margin-bottom: 0px !important;border-top-width: 0px !important;border-bottom-width: 0px !important;padding-top: 0px !important;padding-bottom: 0px !important;}\u00bb z_index=\u00bb\u00bb][vc_column css=\u00bb.vc_custom_1724319382872{margin-top: 0px !important;margin-bottom: 0px !important;border-top-width: 0px !important;border-bottom-width: 0px !important;padding-top: 0px !important;padding-bottom: 0px !important;}\u00bb][\/vc_column][\/vc_row][vc_row css_animation=\u00bb\u00bb row_type=\u00bbrow\u00bb use_row_as_full_screen_section=\u00bbno\u00bb type=\u00bbfull_width\u00bb angled_section=\u00bbno\u00bb text_align=\u00bbleft\u00bb background_image_as_pattern=\u00bbwithout_pattern\u00bb background_color=\u00bb#ffffff\u00bb side_padding=\u00bb10&#8243; z_index=\u00bb50&#8243;][vc_column][vc_column_text css=\u00bb.vc_custom_1731666974843{background-color: #ffffff !important;}\u00bb]<\/p>\n<h1 style=\"text-align: center;\"><span style=\"font-size: 60px; color: #000000;\">Windlight<\/span><\/h1>\n<p>[\/vc_column_text][vc_empty_space height=\u00bb18px\u00bb css=\u00bb.vc_custom_1591811013667{background-color: #ffffff !important;}\u00bb][vc_column_text css=\u00bb.vc_custom_1733743855572{background-color: #ffffff !important;}\u00bb]<\/p>\n<h3 style=\"text-align: center; text-weight: 200;\"><span style=\"font-size: 24px;\">Perfiles Aluminium LED<\/span><\/h3>\n<p>[\/vc_column_text][vc_empty_space css=\u00bb.vc_custom_1598967007669{background-color: #ffffff !important;}\u00bb][vc_column_text css=\u00bb\u00bb]<\/p>\n<div class=\"wpb_text_column wpb_content_element \">\n<div class=\"wpb_wrapper\">\n<p style=\"text-align: center;\">La gama Windlight de FBSprofilati eleva la iluminaci\u00f3n LED de una necesidad funcional a una declaraci\u00f3n de dise\u00f1o. Combinando belleza y funcionalidad, estos perfiles decorativos de aluminio no solo protegen y sostienen las tiras LED, sino que tambi\u00e9n embellecen los interiores con su brillante dise\u00f1o microperforado, incluso cuando las luces est\u00e1n apagadas.<\/p>\n<p>&nbsp;<\/p>\n<h2 style=\"text-align: center;\"><a href=\"#catalogo\"><span style=\"text-decoration: underline;\">Descarga nuestro cat\u00e1logo<\/span><\/a><\/h2>\n<\/div>\n<\/div>\n<div class=\"vc_empty_space\"><\/div>\n<p>[\/vc_column_text][vc_empty_space][\/vc_column][\/vc_row][vc_row css_animation=\u00bb\u00bb row_type=\u00bbrow\u00bb use_row_as_full_screen_section=\u00bbno\u00bb type=\u00bbfull_width\u00bb angled_section=\u00bbno\u00bb text_align=\u00bbleft\u00bb background_image_as_pattern=\u00bbwithout_pattern\u00bb side_padding=\u00bb15&#8243; padding_top=\u00bb20&#8243; padding_bottom=\u00bb0&#8243; z_index=\u00bb\u00bb][vc_column offset=\u00bbvc_hidden-xs\u00bb]<div class=\"qode-banner qode-banner-va-center\"><a class=\"qode-banner-link\" href=\"https:\/\/www.fbsprofilati.it\/es\/perfiles-aluminium-led\/\" target=\"_self\"><\/a><div class=\"qode-banner-image\"><img decoding=\"async\" itemprop=\"image\" src=\"https:\/\/www.fbsprofilati.it\/wp-content\/uploads\/windlight-1.jpg\" alt=\"Windlight\" \/><\/div><div class=\"qode-banner-content\"><div class=\"qode-banner-content-inner\"><div class=\"qode-banner-text-holder\">\n<p style=\"text-align: center;\">PERFILES DECORATIVOS PARA LED<\/p>\n<h1 style=\"text-align: center;\">WINDLIGHT<\/h1>\n<p style=\"text-align: center;\">DESCUBRIR<\/p>\n<\/div><\/div><\/div><\/div>[\/vc_column][\/vc_row][vc_row css_animation=\u00bb\u00bb row_type=\u00bbrow\u00bb use_row_as_full_screen_section=\u00bbno\u00bb type=\u00bbfull_width\u00bb angled_section=\u00bbno\u00bb text_align=\u00bbleft\u00bb background_image_as_pattern=\u00bbwithout_pattern\u00bb side_padding=\u00bb15&#8243; padding_top=\u00bb0&#8243; padding_bottom=\u00bb0&#8243; z_index=\u00bb\u00bb][vc_column offset=\u00bbvc_hidden-xs\u00bb]<div class=\"qode-banner qode-banner-va-center\"><a class=\"qode-banner-link\" href=\"https:\/\/www.fbsprofilati.it\/es\/windlight-circles\/\" target=\"_self\"><\/a><div class=\"qode-banner-image\"><img decoding=\"async\" itemprop=\"image\" src=\"https:\/\/www.fbsprofilati.it\/wp-content\/uploads\/Windlight-Circles_orizzontale-1-scaled.jpg\" alt=\"Windlight Circles\" \/><\/div><div class=\"qode-banner-content\"><div class=\"qode-banner-content-inner\"><div class=\"qode-banner-text-holder\">\n<p style=\"text-align: center;\">PERFILES CURVOS PARA TIRA LED<\/p>\n<h1 style=\"text-align: center;\">WINDLIGHT CIRCLES<\/h1>\n<p style=\"text-align: center;\">DESCUBRIR<\/p>\n<p>&nbsp;<\/p>\n<p style=\"text-align: center;\"><img loading=\"lazy\" decoding=\"async\" class=\"alignnone size-full wp-image-11125\" src=\"https:\/\/www.fbsprofilati.it\/wp-content\/uploads\/2021\/04\/new-product-icon.png\" alt=\"\" width=\"167\" height=\"167\" srcset=\"https:\/\/www.fbsprofilati.it\/wp-content\/uploads\/2021\/04\/new-product-icon.png 167w, https:\/\/www.fbsprofilati.it\/wp-content\/uploads\/2021\/04\/new-product-icon-150x150.png 150w\" sizes=\"auto, (max-width: 167px) 100vw, 167px\" \/><\/p>\n<\/div><\/div><\/div><\/div>[\/vc_column][\/vc_row][vc_row css_animation=\u00bb\u00bb row_type=\u00bbrow\u00bb use_row_as_full_screen_section=\u00bbno\u00bb type=\u00bbfull_width\u00bb angled_section=\u00bbno\u00bb text_align=\u00bbleft\u00bb background_image_as_pattern=\u00bbwithout_pattern\u00bb padding_top=\u00bb0&#8243; padding_bottom=\u00bb0&#8243; z_index=\u00bb\u00bb][vc_column offset=\u00bbvc_hidden-lg vc_hidden-md vc_hidden-sm\u00bb css=\u00bb.vc_custom_1614637242053{padding-top: 0px !important;padding-bottom: 0px !important;}\u00bb]<div class=\"qode-banner qode-banner-va-center\"><a class=\"qode-banner-link\" href=\"https:\/\/www.fbsprofilati.it\/es\/perfiles-aluminium-led\/\" target=\"_self\"><\/a><div class=\"qode-banner-image\"><img decoding=\"async\" itemprop=\"image\" src=\"https:\/\/www.fbsprofilati.it\/wp-content\/uploads\/windlight-1.jpg\" alt=\"Windlight\" \/><\/div><div class=\"qode-banner-content\"><div class=\"qode-banner-content-inner\"><div class=\"qode-banner-text-holder\">\n<p style=\"text-align: center;\">PERFILES DECORATIVOS PARA LED<\/p>\n<h2 style=\"text-align: center;\">\u00a0WINDLIGHT<\/h2>\n<p style=\"text-align: center;\">DESCUBRIR<\/p>\n<\/div><\/div><\/div><\/div>[\/vc_column][\/vc_row][vc_row css_animation=\u00bb\u00bb row_type=\u00bbrow\u00bb use_row_as_full_screen_section=\u00bbno\u00bb type=\u00bbfull_width\u00bb angled_section=\u00bbno\u00bb text_align=\u00bbleft\u00bb background_image_as_pattern=\u00bbwithout_pattern\u00bb padding_top=\u00bb0&#8243; padding_bottom=\u00bb0&#8243; z_index=\u00bb\u00bb][vc_column offset=\u00bbvc_hidden-lg vc_hidden-md vc_hidden-sm\u00bb css=\u00bb.vc_custom_1614637248405{padding-top: -20px !important;}\u00bb]<div class=\"qode-banner qode-banner-va-center\"><a class=\"qode-banner-link\" href=\"https:\/\/www.fbsprofilati.it\/es\/windlight-circles\/\" target=\"_self\"><\/a><div class=\"qode-banner-image\"><img decoding=\"async\" itemprop=\"image\" src=\"https:\/\/www.fbsprofilati.it\/wp-content\/uploads\/CAROSELLO-2.jpg\" alt=\"\" \/><\/div><div class=\"qode-banner-content\"><div class=\"qode-banner-content-inner\"><div class=\"qode-banner-text-holder\">\n<p style=\"text-align: center;\">PERFILES CURVOS PARA TIRA LED<\/p>\n<h1 style=\"text-align: center;\">WINDLIGHT CIRCLES<\/h1>\n<p style=\"text-align: center;\">DESCUBRIR<\/p>\n<p style=\"text-align: center;\"><img loading=\"lazy\" decoding=\"async\" class=\"alignnone size-full wp-image-11125\" src=\"https:\/\/www.fbsprofilati.it\/wp-content\/uploads\/2021\/04\/new-product-icon.png\" alt=\"\" width=\"167\" height=\"167\" srcset=\"https:\/\/www.fbsprofilati.it\/wp-content\/uploads\/2021\/04\/new-product-icon.png 167w, https:\/\/www.fbsprofilati.it\/wp-content\/uploads\/2021\/04\/new-product-icon-150x150.png 150w\" sizes=\"auto, (max-width: 167px) 100vw, 167px\" \/><\/p>\n<\/div><\/div><\/div><\/div>[\/vc_column][\/vc_row][vc_row css_animation=\u00bb\u00bb row_type=\u00bbrow\u00bb use_row_as_full_screen_section=\u00bbno\u00bb type=\u00bbfull_width\u00bb angled_section=\u00bbno\u00bb text_align=\u00bbleft\u00bb background_image_as_pattern=\u00bbwithout_pattern\u00bb el_id=\u00bbcatalogo\u00bb z_index=\u00bb\u00bb][vc_column][vc_empty_space height=\u00bb64px\u00bb][vc_column_text css=\u00bb\u00bb]<\/p>\n<h3 style=\"text-align: center;\"><span style=\"font-size: 36px; color: #000000;\">Descargas aqu\u00ed<\/span><\/h3>\n<p>[\/vc_column_text][vc_empty_space height=\u00bb16px\u00bb][\/vc_column][\/vc_row][vc_row css_animation=\u00bb\u00bb row_type=\u00bbrow\u00bb use_row_as_full_screen_section=\u00bbno\u00bb type=\u00bbfull_width\u00bb angled_section=\u00bbno\u00bb text_align=\u00bbcenter\u00bb background_image_as_pattern=\u00bbwithout_pattern\u00bb z_index=\u00bb\u00bb][vc_column width=\u00bb1\/3&#8243;][\/vc_column][vc_column width=\u00bb1\/3&#8243;][vc_single_image image=\u00bb16425&#8243; img_size=\u00bblarge\u00bb alignment=\u00bbcenter\u00bb onclick=\u00bbcustom_link\u00bb img_link_target=\u00bb_blank\u00bb css=\u00bb\u00bb qode_css_animation=\u00bb\u00bb link=\u00bbhttps:\/\/www.fbsprofilati.it\/wp-content\/uploads\/FBSprofilati_WINDLIGHT-Catalogue-2024.pdf\u00bb]<a  itemprop=\"url\" href=\"https:\/\/www.fbsprofilati.it\/wp-content\/uploads\/FBSprofilati_WINDLIGHT-Catalogue-2024.pdf\" target=\"_blank\"  class=\"qbutton  small white default\" style=\"color: #000000; margin: 5px 10px 5px 10px; border-radius: 2px;-moz-border-radius: 2px;-webkit-border-radius: 2px; background-color: #cccccc;\">CAT\u00c1LOGO WINDLIGHT<i class=\"qode_icon_font_awesome fa fa-download qode_button_icon_element\" style=\"\" ><\/i><\/a>[vc_empty_space][\/vc_column][vc_column width=\u00bb1\/3&#8243;][\/vc_column][\/vc_row][vc_row css_animation=\u00bb\u00bb row_type=\u00bbrow\u00bb use_row_as_full_screen_section=\u00bbno\u00bb type=\u00bbfull_width\u00bb angled_section=\u00bbno\u00bb text_align=\u00bbleft\u00bb background_image_as_pattern=\u00bbwithout_pattern\u00bb background_color=\u00bb#ffffff\u00bb side_padding=\u00bb2&#8243; z_index=\u00bb\u00bb][vc_column css=\u00bb.vc_custom_1604065416108{padding-top: 60px !important;padding-bottom: 60px !important;}\u00bb offset=\u00bbvc_hidden-sm vc_hidden-xs\u00bb][vc_empty_space height=\u00bb32 px\u00bb]\n            <div \n                class=\"elfsight-widget-pinterest-feed elfsight-widget\" \n                data-elfsight-pinterest-feed-options=\"%7B%22contentToDisplay%22%3A%22pins%22%2C%22user%22%3A%22elfsight%22%2C%22boards%22%3A%5B%5D%2C%22pins%22%3A%5B%22https%3A%5C%2F%5C%2Fwww.pinterest.it%5C%2Ffbsprofilati%5C%2Fled-profiles%5C%2F%22%5D%2C%22lang%22%3A%22en%22%2C%22widgetTitle%22%3A%22Inspirations%20Pinterest%22%2C%22boardsCount%22%3A%22%22%2C%22pinsCount%22%3A%22%22%2C%22width%22%3A%22full%22%2C%22height%22%3A%22auto%22%2C%22headerVisible%22%3Atrue%2C%22headerParts%22%3A%5B%22image%22%2C%22name%22%2C%22followers%22%2C%22follow-button%22%5D%2C%22boardParts%22%3A%5B%22name%22%2C%22pinterest-icon%22%2C%22pins-count%22%5D%2C%22pinsVisible%22%3Atrue%2C%22pinParts%22%3A%5B%5D%2C%22transformLinksAndTags%22%3Atrue%2C%22themeColor%22%3A%22rgb%280%2C%200%2C%200%29%22%2C%22widgetId%22%3A%222%22%7D\" \n                data-elfsight-pinterest-feed-version=\"1.2.0\"\n                data-elfsight-widget-id=\"elfsight-pinterest-feed-2\">\n            <\/div>\n            [\/vc_column][\/vc_row]<\/p>\n<\/div>","protected":false},"excerpt":{"rendered":"<p>[vc_row css_animation=\u00bb\u00bb row_type=\u00bbrow\u00bb use_row_as_full_screen_section=\u00bbno\u00bb type=\u00bbfull_width\u00bb angled_section=\u00bbno\u00bb text_align=\u00bbleft\u00bb background_image_as_pattern=\u00bbwithout_pattern\u00bb css=\u00bb.vc_custom_1726825449596{margin-top: 0px !important;margin-bottom: 0px !important;border-top-width: 0px !important;border-bottom-width: 0px !important;padding-top: 0px !important;padding-bottom: 0px !important;}\u00bb z_index=\u00bb\u00bb][vc_column css=\u00bb.vc_custom_1724319382872{margin-top: 0px !important;margin-bottom: 0px !important;border-top-width: 0px !important;border-bottom-width: 0px !important;padding-top: 0px !important;padding-bottom: 0px !important;}\u00bb][\/vc_column][\/vc_row][vc_row css_animation=\u00bb\u00bb row_type=\u00bbrow\u00bb use_row_as_full_screen_section=\u00bbno\u00bb type=\u00bbfull_width\u00bb angled_section=\u00bbno\u00bb text_align=\u00bbleft\u00bb background_image_as_pattern=\u00bbwithout_pattern\u00bb background_color=\u00bb#ffffff\u00bb side_padding=\u00bb10&#8243; z_index=\u00bb50&#8243;][vc_column][vc_column_text&#8230;<\/p>\n","protected":false},"author":6,"featured_media":0,"parent":0,"menu_order":0,"comment_status":"closed","ping_status":"closed","template":"full_width.php","meta":{"footnotes":""},"class_list":["post-16532","page","type-page","status-publish","hentry"],"yoast_head":"<!-- This site is optimized with the Yoast SEO plugin v27.4 - https:\/\/yoast.com\/product\/yoast-seo-wordpress\/ -->\n<title>Perfiles Aluminium LED - Windlight<\/title>\n<meta name=\"description\" content=\"Mire los perfiles LED de aluminio para disfrutar de una sorprendente difusi\u00f3n de la luz decorativa a trav\u00e9s de su cuerpo perforado y su pantalla.\" \/>\n<meta name=\"robots\" content=\"index, follow, max-snippet:-1, max-image-preview:large, max-video-preview:-1\" \/>\n<link rel=\"canonical\" href=\"https:\/\/www.fbsprofilati.it\/es\/perfiles-para-led\/\" \/>\n<meta property=\"og:locale\" content=\"es_ES\" \/>\n<meta property=\"og:type\" content=\"article\" \/>\n<meta property=\"og:title\" content=\"Perfiles Aluminium LED - Windlight\" \/>\n<meta property=\"og:description\" content=\"Mire los perfiles LED de aluminio para disfrutar de una sorprendente difusi\u00f3n de la luz decorativa a trav\u00e9s de su cuerpo perforado y su pantalla.\" \/>\n<meta property=\"og:url\" content=\"https:\/\/www.fbsprofilati.it\/es\/perfiles-para-led\/\" \/>\n<meta property=\"og:site_name\" content=\"FBSprofilati\" \/>\n<meta property=\"article:publisher\" content=\"https:\/\/www.facebook.com\/FBSprofilati-srl-589930664398780\/\" \/>\n<meta property=\"article:modified_time\" content=\"2025-01-21T11:54:37+00:00\" \/>\n<meta property=\"og:image\" content=\"https:\/\/www.fbsprofilati.it\/wp-content\/uploads\/2021\/04\/new-product-icon.png\" \/>\n<meta name=\"twitter:card\" content=\"summary_large_image\" \/>\n<meta name=\"twitter:label1\" content=\"Tiempo de lectura\" \/>\n\t<meta name=\"twitter:data1\" content=\"2 minutos\" \/>\n<script type=\"application\/ld+json\" class=\"yoast-schema-graph\">{\"@context\":\"https:\\\/\\\/schema.org\",\"@graph\":[{\"@type\":\"WebPage\",\"@id\":\"https:\\\/\\\/www.fbsprofilati.it\\\/es\\\/perfiles-para-led\\\/\",\"url\":\"https:\\\/\\\/www.fbsprofilati.it\\\/es\\\/perfiles-para-led\\\/\",\"name\":\"Perfiles Aluminium LED - Windlight\",\"isPartOf\":{\"@id\":\"https:\\\/\\\/www.fbsprofilati.it\\\/#website\"},\"primaryImageOfPage\":{\"@id\":\"https:\\\/\\\/www.fbsprofilati.it\\\/es\\\/perfiles-para-led\\\/#primaryimage\"},\"image\":{\"@id\":\"https:\\\/\\\/www.fbsprofilati.it\\\/es\\\/perfiles-para-led\\\/#primaryimage\"},\"thumbnailUrl\":\"https:\\\/\\\/www.fbsprofilati.it\\\/wp-content\\\/uploads\\\/2021\\\/04\\\/new-product-icon.png\",\"datePublished\":\"2024-12-13T10:16:04+00:00\",\"dateModified\":\"2025-01-21T11:54:37+00:00\",\"description\":\"Mire los perfiles LED de aluminio para disfrutar de una sorprendente difusi\u00f3n de la luz decorativa a trav\u00e9s de su cuerpo perforado y su pantalla.\",\"breadcrumb\":{\"@id\":\"https:\\\/\\\/www.fbsprofilati.it\\\/es\\\/perfiles-para-led\\\/#breadcrumb\"},\"inLanguage\":\"es\",\"potentialAction\":[{\"@type\":\"ReadAction\",\"target\":[\"https:\\\/\\\/www.fbsprofilati.it\\\/es\\\/perfiles-para-led\\\/\"]}]},{\"@type\":\"ImageObject\",\"inLanguage\":\"es\",\"@id\":\"https:\\\/\\\/www.fbsprofilati.it\\\/es\\\/perfiles-para-led\\\/#primaryimage\",\"url\":\"https:\\\/\\\/www.fbsprofilati.it\\\/wp-content\\\/uploads\\\/2021\\\/04\\\/new-product-icon.png\",\"contentUrl\":\"https:\\\/\\\/www.fbsprofilati.it\\\/wp-content\\\/uploads\\\/2021\\\/04\\\/new-product-icon.png\"},{\"@type\":\"BreadcrumbList\",\"@id\":\"https:\\\/\\\/www.fbsprofilati.it\\\/es\\\/perfiles-para-led\\\/#breadcrumb\",\"itemListElement\":[{\"@type\":\"ListItem\",\"position\":1,\"name\":\"Home\",\"item\":\"https:\\\/\\\/www.fbsprofilati.it\\\/es\\\/\"},{\"@type\":\"ListItem\",\"position\":2,\"name\":\"WINDLIGHT\"}]},{\"@type\":\"WebSite\",\"@id\":\"https:\\\/\\\/www.fbsprofilati.it\\\/#website\",\"url\":\"https:\\\/\\\/www.fbsprofilati.it\\\/\",\"name\":\"FBSprofilati\",\"description\":\"The Art of Forming\",\"publisher\":{\"@id\":\"https:\\\/\\\/www.fbsprofilati.it\\\/#organization\"},\"potentialAction\":[{\"@type\":\"SearchAction\",\"target\":{\"@type\":\"EntryPoint\",\"urlTemplate\":\"https:\\\/\\\/www.fbsprofilati.it\\\/?s={search_term_string}\"},\"query-input\":{\"@type\":\"PropertyValueSpecification\",\"valueRequired\":true,\"valueName\":\"search_term_string\"}}],\"inLanguage\":\"es\"},{\"@type\":\"Organization\",\"@id\":\"https:\\\/\\\/www.fbsprofilati.it\\\/#organization\",\"name\":\"FBSprofilati\",\"url\":\"https:\\\/\\\/www.fbsprofilati.it\\\/\",\"logo\":{\"@type\":\"ImageObject\",\"inLanguage\":\"es\",\"@id\":\"https:\\\/\\\/www.fbsprofilati.it\\\/#\\\/schema\\\/logo\\\/image\\\/\",\"url\":\"https:\\\/\\\/www.fbsprofilati.it\\\/wp-content\\\/uploads\\\/2021\\\/03\\\/FBS_logotype_favicon_300x300.jpg\",\"contentUrl\":\"https:\\\/\\\/www.fbsprofilati.it\\\/wp-content\\\/uploads\\\/2021\\\/03\\\/FBS_logotype_favicon_300x300.jpg\",\"width\":300,\"height\":300,\"caption\":\"FBSprofilati\"},\"image\":{\"@id\":\"https:\\\/\\\/www.fbsprofilati.it\\\/#\\\/schema\\\/logo\\\/image\\\/\"},\"sameAs\":[\"https:\\\/\\\/www.facebook.com\\\/FBSprofilati-srl-589930664398780\\\/\",\"https:\\\/\\\/www.instagram.com\\\/fbsprofilati\\\/\",\"https:\\\/\\\/www.pinterest.it\\\/fbsprofilati\\\/\"]}]}<\/script>\n<!-- \/ Yoast SEO plugin. -->","yoast_head_json":{"title":"Perfiles Aluminium LED - Windlight","description":"Mire los perfiles LED de aluminio para disfrutar de una sorprendente difusi\u00f3n de la luz decorativa a trav\u00e9s de su cuerpo perforado y su pantalla.","robots":{"index":"index","follow":"follow","max-snippet":"max-snippet:-1","max-image-preview":"max-image-preview:large","max-video-preview":"max-video-preview:-1"},"canonical":"https:\/\/www.fbsprofilati.it\/es\/perfiles-para-led\/","og_locale":"es_ES","og_type":"article","og_title":"Perfiles Aluminium LED - Windlight","og_description":"Mire los perfiles LED de aluminio para disfrutar de una sorprendente difusi\u00f3n de la luz decorativa a trav\u00e9s de su cuerpo perforado y su pantalla.","og_url":"https:\/\/www.fbsprofilati.it\/es\/perfiles-para-led\/","og_site_name":"FBSprofilati","article_publisher":"https:\/\/www.facebook.com\/FBSprofilati-srl-589930664398780\/","article_modified_time":"2025-01-21T11:54:37+00:00","og_image":[{"url":"https:\/\/www.fbsprofilati.it\/wp-content\/uploads\/2021\/04\/new-product-icon.png","type":"","width":"","height":""}],"twitter_card":"summary_large_image","twitter_misc":{"Tiempo de lectura":"2 minutos"},"schema":{"@context":"https:\/\/schema.org","@graph":[{"@type":"WebPage","@id":"https:\/\/www.fbsprofilati.it\/es\/perfiles-para-led\/","url":"https:\/\/www.fbsprofilati.it\/es\/perfiles-para-led\/","name":"Perfiles Aluminium LED - Windlight","isPartOf":{"@id":"https:\/\/www.fbsprofilati.it\/#website"},"primaryImageOfPage":{"@id":"https:\/\/www.fbsprofilati.it\/es\/perfiles-para-led\/#primaryimage"},"image":{"@id":"https:\/\/www.fbsprofilati.it\/es\/perfiles-para-led\/#primaryimage"},"thumbnailUrl":"https:\/\/www.fbsprofilati.it\/wp-content\/uploads\/2021\/04\/new-product-icon.png","datePublished":"2024-12-13T10:16:04+00:00","dateModified":"2025-01-21T11:54:37+00:00","description":"Mire los perfiles LED de aluminio para disfrutar de una sorprendente difusi\u00f3n de la luz decorativa a trav\u00e9s de su cuerpo perforado y su pantalla.","breadcrumb":{"@id":"https:\/\/www.fbsprofilati.it\/es\/perfiles-para-led\/#breadcrumb"},"inLanguage":"es","potentialAction":[{"@type":"ReadAction","target":["https:\/\/www.fbsprofilati.it\/es\/perfiles-para-led\/"]}]},{"@type":"ImageObject","inLanguage":"es","@id":"https:\/\/www.fbsprofilati.it\/es\/perfiles-para-led\/#primaryimage","url":"https:\/\/www.fbsprofilati.it\/wp-content\/uploads\/2021\/04\/new-product-icon.png","contentUrl":"https:\/\/www.fbsprofilati.it\/wp-content\/uploads\/2021\/04\/new-product-icon.png"},{"@type":"BreadcrumbList","@id":"https:\/\/www.fbsprofilati.it\/es\/perfiles-para-led\/#breadcrumb","itemListElement":[{"@type":"ListItem","position":1,"name":"Home","item":"https:\/\/www.fbsprofilati.it\/es\/"},{"@type":"ListItem","position":2,"name":"WINDLIGHT"}]},{"@type":"WebSite","@id":"https:\/\/www.fbsprofilati.it\/#website","url":"https:\/\/www.fbsprofilati.it\/","name":"FBSprofilati","description":"The Art of Forming","publisher":{"@id":"https:\/\/www.fbsprofilati.it\/#organization"},"potentialAction":[{"@type":"SearchAction","target":{"@type":"EntryPoint","urlTemplate":"https:\/\/www.fbsprofilati.it\/?s={search_term_string}"},"query-input":{"@type":"PropertyValueSpecification","valueRequired":true,"valueName":"search_term_string"}}],"inLanguage":"es"},{"@type":"Organization","@id":"https:\/\/www.fbsprofilati.it\/#organization","name":"FBSprofilati","url":"https:\/\/www.fbsprofilati.it\/","logo":{"@type":"ImageObject","inLanguage":"es","@id":"https:\/\/www.fbsprofilati.it\/#\/schema\/logo\/image\/","url":"https:\/\/www.fbsprofilati.it\/wp-content\/uploads\/2021\/03\/FBS_logotype_favicon_300x300.jpg","contentUrl":"https:\/\/www.fbsprofilati.it\/wp-content\/uploads\/2021\/03\/FBS_logotype_favicon_300x300.jpg","width":300,"height":300,"caption":"FBSprofilati"},"image":{"@id":"https:\/\/www.fbsprofilati.it\/#\/schema\/logo\/image\/"},"sameAs":["https:\/\/www.facebook.com\/FBSprofilati-srl-589930664398780\/","https:\/\/www.instagram.com\/fbsprofilati\/","https:\/\/www.pinterest.it\/fbsprofilati\/"]}]}},"_links":{"self":[{"href":"https:\/\/www.fbsprofilati.it\/es\/wp-json\/wp\/v2\/pages\/16532","targetHints":{"allow":["GET"]}}],"collection":[{"href":"https:\/\/www.fbsprofilati.it\/es\/wp-json\/wp\/v2\/pages"}],"about":[{"href":"https:\/\/www.fbsprofilati.it\/es\/wp-json\/wp\/v2\/types\/page"}],"author":[{"embeddable":true,"href":"https:\/\/www.fbsprofilati.it\/es\/wp-json\/wp\/v2\/users\/6"}],"replies":[{"embeddable":true,"href":"https:\/\/www.fbsprofilati.it\/es\/wp-json\/wp\/v2\/comments?post=16532"}],"version-history":[{"count":6,"href":"https:\/\/www.fbsprofilati.it\/es\/wp-json\/wp\/v2\/pages\/16532\/revisions"}],"predecessor-version":[{"id":17064,"href":"https:\/\/www.fbsprofilati.it\/es\/wp-json\/wp\/v2\/pages\/16532\/revisions\/17064"}],"wp:attachment":[{"href":"https:\/\/www.fbsprofilati.it\/es\/wp-json\/wp\/v2\/media?parent=16532"}],"curies":[{"name":"wp","href":"https:\/\/api.w.org\/{rel}","templated":true}]}}