{"id":10451,"date":"2018-10-23T11:24:26","date_gmt":"2018-10-23T09:24:26","guid":{"rendered":"https:\/\/www.fbsprofilati.it\/azienda\/"},"modified":"2025-06-16T10:58:31","modified_gmt":"2025-06-16T08:58:31","slug":"empresa","status":"publish","type":"page","link":"https:\/\/www.fbsprofilati.it\/es\/empresa\/","title":{"rendered":"AZIENDA"},"content":{"rendered":"<div class=\"wpb-content-wrapper\"><p>[vc_row css_animation=\u00bb\u00bb row_type=\u00bbrow\u00bb use_row_as_full_screen_section=\u00bbno\u00bb type=\u00bbfull_width\u00bb angled_section=\u00bbno\u00bb text_align=\u00bbleft\u00bb background_image_as_pattern=\u00bbwithout_pattern\u00bb][vc_column][vc_video link=\u00bbhttps:\/\/vimeo.com\/1091836630&#8243; css=\u00bb\u00bb][\/vc_column][\/vc_row][vc_row css_animation=\u00bb\u00bb row_type=\u00bbrow\u00bb use_row_as_full_screen_section=\u00bbno\u00bb type=\u00bbfull_width\u00bb angled_section=\u00bbno\u00bb text_align=\u00bbleft\u00bb background_image_as_pattern=\u00bbwithout_pattern\u00bb background_color=\u00bb#ffffff\u00bb side_padding=\u00bb20&#8243; z_index=\u00bb\u00bb][vc_column offset=\u00bbvc_hidden-xs\u00bb][vc_empty_space height=\u00bb100px\u00bb][vc_column_text]<\/p>\n<p style=\"text-align: center;\">Nuestras soluciones se han caracterizado siempre por la atenci\u00f3n al detalle y por encuadrarse en la gran tradici\u00f3n del dise\u00f1o italiano, y nos han convertido en una de las empresas l\u00edderes en la producci\u00f3n de accesorios y componentes para la industria del mueble y del vidrio de c\u00e1mara.<\/p>\n<p>[\/vc_column_text][vc_empty_space height=\u00bb30px\u00bb][\/vc_column][\/vc_row][vc_row css_animation=\u00bb\u00bb row_type=\u00bbrow\u00bb use_row_as_full_screen_section=\u00bbno\u00bb type=\u00bbfull_width\u00bb angled_section=\u00bbno\u00bb text_align=\u00bbleft\u00bb background_image_as_pattern=\u00bbwithout_pattern\u00bb background_color=\u00bb#ffffff\u00bb side_padding=\u00bb5&#8243; z_index=\u00bb\u00bb][vc_column offset=\u00bbvc_hidden-lg vc_hidden-md vc_hidden-sm\u00bb][vc_empty_space height=\u00bb20px\u00bb][vc_column_text]<\/p>\n<p style=\"text-align: center;\">Nuestras soluciones se han caracterizado siempre por la atenci\u00f3n al detalle y por encuadrarse en la gran tradici\u00f3n del dise\u00f1o italiano, y nos han convertido en una de las empresas l\u00edderes en la producci\u00f3n de accesorios y componentes para la industria del mueble y del vidrio de c\u00e1mara.<\/p>\n<p>[\/vc_column_text][vc_empty_space height=\u00bb60px\u00bb][\/vc_column][\/vc_row][vc_row css_animation=\u00bb\u00bb row_type=\u00bbrow\u00bb use_row_as_full_screen_section=\u00bbno\u00bb type=\u00bbfull_width\u00bb angled_section=\u00bbno\u00bb text_align=\u00bbleft\u00bb background_image_as_pattern=\u00bbwithout_pattern\u00bb side_padding=\u00bb20&#8243; z_index=\u00bb\u00bb][vc_column offset=\u00bbvc_hidden-xs\u00bb][vc_empty_space height=\u00bb60px\u00bb][vc_column_text]<\/p>\n<h2 class=\"titolo-azienda\" style=\"text-align: center;\">NUESTRA EMPRESA<\/h2>\n<p>[\/vc_column_text][vc_empty_space][vc_row_inner row_type=\u00bbrow\u00bb type=\u00bbfull_width\u00bb text_align=\u00bbleft\u00bb css_animation=\u00bb\u00bb][vc_column_inner width=\u00bb1\/3&#8243; offset=\u00bbvc_hidden-lg vc_hidden-md vc_hidden-sm vc_hidden-xs\u00bb]<div class=\"q_counter_holder  center\" style=\"\"><span class=\"counter  zero\" style=\"color: #333333;\">60<\/span><span class=\"separator small\" style=\"\"><\/span><p class=\"counter_text\" style=\"font-size: 14px;text-transform: uppercase;\">A\u00d1OS DE EXPERIENCIA<\/p><\/div>[\/vc_column_inner][vc_column_inner width=\u00bb1\/3&#8243; offset=\u00bbvc_hidden-lg vc_hidden-md vc_hidden-sm vc_hidden-xs\u00bb]<div class=\"q_counter_holder  center\" style=\"\"><span class=\"counter  zero\" style=\"color: #333333;\">5000<\/span><span class=\"separator small\" style=\"\"><\/span><p class=\"counter_text\" style=\"font-size: 14px;text-transform: uppercase;\">METROS CUADRADOS<\/p><\/div>[\/vc_column_inner][vc_column_inner width=\u00bb1\/3&#8243; offset=\u00bbvc_hidden-lg vc_hidden-md vc_hidden-sm vc_hidden-xs\u00bb]<div class=\"q_counter_holder  center\" style=\"\"><span class=\"counter  zero\" style=\"color: #333333;\">100<\/span><span class=\"separator small\" style=\"\"><\/span><p class=\"counter_text\" style=\"font-size: 14px;text-transform: uppercase;\">% MADE IN ITALY<\/p><\/div>[\/vc_column_inner][\/vc_row_inner][vc_empty_space height=\u00bb60px\u00bb][vc_column_text]<\/p>\n<p style=\"text-align: center;\">Situada en Settimo Milanese, la sede de la empresa ocupa una superficie total de 5000 m2, organizada en departamentos de producci\u00f3n, almac\u00e9n, oficinas y zona exterior.<\/p>\n<p>[\/vc_column_text][vc_empty_space height=\u00bb100px\u00bb][\/vc_column][\/vc_row][vc_row css_animation=\u00bb\u00bb row_type=\u00bbrow\u00bb use_row_as_full_screen_section=\u00bbno\u00bb type=\u00bbfull_width\u00bb angled_section=\u00bbno\u00bb text_align=\u00bbleft\u00bb background_image_as_pattern=\u00bbwithout_pattern\u00bb side_padding=\u00bb5&#8243; z_index=\u00bb\u00bb][vc_column offset=\u00bbvc_hidden-lg vc_hidden-md vc_hidden-sm\u00bb][vc_empty_space height=\u00bb60px\u00bb][vc_column_text]<\/p>\n<h2 class=\"titolo-azienda\" style=\"text-align: center;\">NUESTRA EMPRESA<\/h2>\n<p>[\/vc_column_text][vc_empty_space][vc_row_inner row_type=\u00bbrow\u00bb type=\u00bbfull_width\u00bb text_align=\u00bbleft\u00bb css_animation=\u00bb\u00bb][vc_column_inner width=\u00bb1\/3&#8243;]<div class=\"q_counter_holder  center\" style=\"\"><span class=\"counter  zero\" style=\"color: #333333;\">55<\/span><span class=\"separator small\" style=\"\"><\/span><p class=\"counter_text\" style=\"font-size: 14px;text-transform: uppercase;\">A\u00d1OS DE EXPERIENCIA<\/p><\/div>[\/vc_column_inner][vc_column_inner width=\u00bb1\/3&#8243;]<div class=\"q_counter_holder  center\" style=\"\"><span class=\"counter  zero\" style=\"color: #333333;\">5000<\/span><span class=\"separator small\" style=\"\"><\/span><p class=\"counter_text\" style=\"font-size: 14px;text-transform: uppercase;\">METROS CUADRADOS<\/p><\/div>[\/vc_column_inner][vc_column_inner width=\u00bb1\/3&#8243;]<div class=\"q_counter_holder  center\" style=\"\"><span class=\"counter  zero\" style=\"color: #333333;\">100%<\/span><span class=\"separator small\" style=\"\"><\/span><p class=\"counter_text\" style=\"font-size: 14px;text-transform: uppercase;\">MADE IN ITALY<\/p><\/div>[\/vc_column_inner][\/vc_row_inner][vc_empty_space][vc_column_text]<\/p>\n<p style=\"text-align: center;\">Situada en Settimo Milanese, la sede de la empresa ocupa una superficie total de 5000 m2, organizada en departamentos de producci\u00f3n, almac\u00e9n, oficinas y zona exterior.<\/p>\n<p>[\/vc_column_text][vc_empty_space height=\u00bb40px\u00bb][\/vc_column][\/vc_row][vc_row css_animation=\u00bb\u00bb row_type=\u00bbrow\u00bb use_row_as_full_screen_section=\u00bbno\u00bb type=\u00bbfull_width\u00bb angled_section=\u00bbno\u00bb text_align=\u00bbleft\u00bb background_image_as_pattern=\u00bbwithout_pattern\u00bb background_color=\u00bb#ffffff\u00bb side_padding=\u00bb10&#8243; z_index=\u00bb\u00bb][vc_column offset=\u00bbvc_hidden-xs\u00bb][qode_elements_holder number_of_columns=\u00bbtwo_columns\u00bb switch_to_one_column=\u00bb768&#8243;][qode_elements_holder_item vertical_alignment=\u00bbmiddle\u00bb advanced_animations=\u00bbno\u00bb][vc_single_image image=\u00bb3809&#8243; img_size=\u00bbfull\u00bb alignment=\u00bbcenter\u00bb qode_css_animation=\u00bb\u00bb qode_hover_animation=\u00bbzoom_in\u00bb][\/qode_elements_holder_item][qode_elements_holder_item item_padding=\u00bb0px 50px 0px 50px\u00bb vertical_alignment=\u00bbmiddle\u00bb advanced_animations=\u00bbno\u00bb][vc_empty_space][vc_column_text]<\/p>\n<h2 class=\"titolo-azienda\" style=\"text-align: center;\">TECNOLOG\u00cdA Y SOSTENIBILIDAD<\/h2>\n<p>[\/vc_column_text][vc_empty_space][vc_column_text el_class=\u00bbcontenuto-testo\u00bb]<\/p>\n<p style=\"text-align: center;\">Hemos perfeccionado el arte del perfilado del aluminio a lo largo de d\u00e9cadas de trabajo, combinando la tradici\u00f3n con las modernas t\u00e9cnicas de producci\u00f3n. Gracias a esta tecnolog\u00eda de muy bajas emisiones y al uso del aluminio, el metal m\u00e1s ecol\u00f3gico, nuestros procesos industriales se llevan a cabo en un marco de respeto al medio ambiente y reduciendo al m\u00ednimo el impacto contaminante.<\/p>\n<p>[\/vc_column_text][\/qode_elements_holder_item][\/qode_elements_holder][\/vc_column][\/vc_row][vc_row css_animation=\u00bb\u00bb row_type=\u00bbrow\u00bb use_row_as_full_screen_section=\u00bbno\u00bb type=\u00bbfull_width\u00bb angled_section=\u00bbno\u00bb text_align=\u00bbleft\u00bb background_image_as_pattern=\u00bbwithout_pattern\u00bb background_color=\u00bb#ffffff\u00bb side_padding=\u00bb5&#8243; z_index=\u00bb\u00bb][vc_column offset=\u00bbvc_hidden-lg vc_hidden-md vc_hidden-sm\u00bb][vc_single_image image=\u00bb3809&#8243; img_size=\u00bbfull\u00bb alignment=\u00bbcenter\u00bb qode_css_animation=\u00bb\u00bb qode_hover_animation=\u00bbzoom_in\u00bb][vc_empty_space][vc_column_text]<\/p>\n<h2 class=\"titolo-azienda\" style=\"text-align: center;\">TECNOLOG\u00cdA Y SOSTENIBILIDAD<\/h2>\n<p>[\/vc_column_text][vc_empty_space][vc_column_text el_class=\u00bbcontenuto-testo\u00bb]<\/p>\n<p style=\"text-align: center;\">Hemos perfeccionado el arte del perfilado del aluminio a lo largo de d\u00e9cadas de trabajo, combinando la tradici\u00f3n con las modernas t\u00e9cnicas de producci\u00f3n. Gracias a esta tecnolog\u00eda de muy bajas emisiones y al uso del aluminio, el metal m\u00e1s ecol\u00f3gico, nuestros procesos industriales se llevan a cabo en un marco de respeto al medio ambiente y reduciendo al m\u00ednimo el impacto contaminante.<\/p>\n<p>[\/vc_column_text][\/vc_column][\/vc_row][vc_row css_animation=\u00bb\u00bb row_type=\u00bbrow\u00bb use_row_as_full_screen_section=\u00bbno\u00bb type=\u00bbfull_width\u00bb angled_section=\u00bbno\u00bb text_align=\u00bbleft\u00bb background_image_as_pattern=\u00bbwithout_pattern\u00bb background_color=\u00bb#ffffff\u00bb side_padding=\u00bb10&#8243; z_index=\u00bb\u00bb][vc_column][vc_empty_space height=\u00bb100px\u00bb][vc_column_text]<\/p>\n<h2 class=\"titolo-azienda\" style=\"text-align: center;\">MADE IN ITALY<\/h2>\n<p>[\/vc_column_text][vc_empty_space][vc_column_text]<\/p>\n<p style=\"text-align: center;\">FBSprofilati S.r.l. es una empresa din\u00e1mica cuya esencia es el dise\u00f1o y la producci\u00f3n de perfiles decorativos y persianas de aluminio de alta calidad.<br \/>\nNuestras herramientas y m\u00e1quinas, as\u00ed como los accesorios y componentes, se fabrican y dise\u00f1an en Mil\u00e1n y son exclusivamente de producci\u00f3n propia.<\/p>\n<p>[\/vc_column_text][vc_empty_space height=\u00bb60px\u00bb][vc_empty_space][vc_column_text]<\/p>\n<h2 class=\"titolo-azienda\" style=\"text-align: center;\">VISI\u00d3N GLOBAL<\/h2>\n<p>[\/vc_column_text][vc_empty_space height=\u00bb60px\u00bb][vc_column_text]<\/p>\n<p style=\"text-align: center;\">Participamos con regularidad en ferias y misiones internacionales, no solo para ampliar nuestros contactos comerciales, sino tambi\u00e9n para ampliar nuestros horizontes y adquirir nuevos conocimientos t\u00e9cnicos con el objetivo de pensar y crear brillantes soluciones decorativas para el mercado del dise\u00f1o de interiores.<\/p>\n<p>[\/vc_column_text][vc_empty_space height=\u00bb60px\u00bb][\/vc_column][\/vc_row][vc_row css_animation=\u00bb\u00bb row_type=\u00bbrow\u00bb use_row_as_full_screen_section=\u00bbno\u00bb type=\u00bbfull_width\u00bb angled_section=\u00bbno\u00bb text_align=\u00bbleft\u00bb background_image_as_pattern=\u00bbwithout_pattern\u00bb background_color=\u00bb#ffffff\u00bb side_padding=\u00bb10&#8243; z_index=\u00bb\u00bb][vc_column][qode_clients columns=\u00bbsix_columns\u00bb hover_effect=\u00bbswitch_img\u00bb switch_effect=\u00bbswitch_fade\u00bb disable_separators=\u00bbyes\u00bb][qode_client image=\u00bb685&#8243; hover_image=\u00bb651&#8243;][qode_client image=\u00bb684&#8243; hover_image=\u00bb652&#8243;][qode_client image=\u00bb683&#8243; hover_image=\u00bb653&#8243;][qode_client image=\u00bb682&#8243; hover_image=\u00bb654&#8243;][qode_client image=\u00bb681&#8243; hover_image=\u00bb655&#8243;][qode_client image=\u00bb680&#8243; hover_image=\u00bb656&#8243;][\/qode_clients][vc_empty_space height=\u00bb60px\u00bb][\/vc_column][\/vc_row]<\/p>\n<\/div>","protected":false},"excerpt":{"rendered":"<p>[vc_row css_animation=\u00bb\u00bb row_type=\u00bbrow\u00bb use_row_as_full_screen_section=\u00bbno\u00bb type=\u00bbfull_width\u00bb angled_section=\u00bbno\u00bb text_align=\u00bbleft\u00bb background_image_as_pattern=\u00bbwithout_pattern\u00bb][vc_column][vc_video link=\u00bbhttps:\/\/vimeo.com\/1091836630&#8243; css=\u00bb\u00bb][\/vc_column][\/vc_row][vc_row css_animation=\u00bb\u00bb row_type=\u00bbrow\u00bb use_row_as_full_screen_section=\u00bbno\u00bb type=\u00bbfull_width\u00bb angled_section=\u00bbno\u00bb text_align=\u00bbleft\u00bb background_image_as_pattern=\u00bbwithout_pattern\u00bb background_color=\u00bb#ffffff\u00bb side_padding=\u00bb20&#8243; z_index=\u00bb\u00bb][vc_column offset=\u00bbvc_hidden-xs\u00bb][vc_empty_space height=\u00bb100px\u00bb][vc_column_text] Nuestras soluciones se han caracterizado siempre por la atenci\u00f3n al detalle y por encuadrarse en la gran tradici\u00f3n del dise\u00f1o italiano, y nos&#8230;<\/p>\n","protected":false},"author":5,"featured_media":0,"parent":0,"menu_order":0,"comment_status":"closed","ping_status":"closed","template":"full_width.php","meta":{"footnotes":""},"class_list":["post-10451","page","type-page","status-publish","hentry"],"yoast_head":"<!-- This site is optimized with the Yoast SEO plugin v27.4 - https:\/\/yoast.com\/product\/yoast-seo-wordpress\/ -->\n<title>Perfiles Decorativos y Persianas de Aluminio<\/title>\n<meta name=\"description\" content=\"Fbs Profilati: l\u00edder en la producci\u00f3n de perfiles y componentes decorativos de aluminio para la industria del mueble y el doble acristalamiento. Descubra la amplia gama de productos.\" \/>\n<meta name=\"robots\" content=\"index, follow, max-snippet:-1, max-image-preview:large, max-video-preview:-1\" \/>\n<link rel=\"canonical\" href=\"https:\/\/www.fbsprofilati.it\/es\/empresa\/\" \/>\n<meta property=\"og:locale\" content=\"es_ES\" \/>\n<meta property=\"og:type\" content=\"article\" \/>\n<meta property=\"og:title\" content=\"Perfiles Decorativos y Persianas de Aluminio\" \/>\n<meta property=\"og:description\" content=\"Fbs Profilati: l\u00edder en la producci\u00f3n de perfiles y componentes decorativos de aluminio para la industria del mueble y el doble acristalamiento. Descubra la amplia gama de productos.\" \/>\n<meta property=\"og:url\" content=\"https:\/\/www.fbsprofilati.it\/es\/empresa\/\" \/>\n<meta property=\"og:site_name\" content=\"FBSprofilati\" \/>\n<meta property=\"article:publisher\" content=\"https:\/\/www.facebook.com\/FBSprofilati-srl-589930664398780\/\" \/>\n<meta property=\"article:modified_time\" content=\"2025-06-16T08:58:31+00:00\" \/>\n<meta name=\"twitter:card\" content=\"summary_large_image\" \/>\n<meta name=\"twitter:label1\" content=\"Tiempo de lectura\" \/>\n\t<meta name=\"twitter:data1\" content=\"7 minutos\" \/>\n<script type=\"application\/ld+json\" class=\"yoast-schema-graph\">{\"@context\":\"https:\\\/\\\/schema.org\",\"@graph\":[{\"@type\":\"WebPage\",\"@id\":\"https:\\\/\\\/www.fbsprofilati.it\\\/es\\\/empresa\\\/\",\"url\":\"https:\\\/\\\/www.fbsprofilati.it\\\/es\\\/empresa\\\/\",\"name\":\"Perfiles Decorativos y Persianas de Aluminio\",\"isPartOf\":{\"@id\":\"https:\\\/\\\/www.fbsprofilati.it\\\/#website\"},\"datePublished\":\"2018-10-23T09:24:26+00:00\",\"dateModified\":\"2025-06-16T08:58:31+00:00\",\"description\":\"Fbs Profilati: l\u00edder en la producci\u00f3n de perfiles y componentes decorativos de aluminio para la industria del mueble y el doble acristalamiento. Descubra la amplia gama de productos.\",\"breadcrumb\":{\"@id\":\"https:\\\/\\\/www.fbsprofilati.it\\\/es\\\/empresa\\\/#breadcrumb\"},\"inLanguage\":\"es\",\"potentialAction\":[{\"@type\":\"ReadAction\",\"target\":[\"https:\\\/\\\/www.fbsprofilati.it\\\/es\\\/empresa\\\/\"]}]},{\"@type\":\"BreadcrumbList\",\"@id\":\"https:\\\/\\\/www.fbsprofilati.it\\\/es\\\/empresa\\\/#breadcrumb\",\"itemListElement\":[{\"@type\":\"ListItem\",\"position\":1,\"name\":\"Home\",\"item\":\"https:\\\/\\\/www.fbsprofilati.it\\\/es\\\/\"},{\"@type\":\"ListItem\",\"position\":2,\"name\":\"AZIENDA\"}]},{\"@type\":\"WebSite\",\"@id\":\"https:\\\/\\\/www.fbsprofilati.it\\\/#website\",\"url\":\"https:\\\/\\\/www.fbsprofilati.it\\\/\",\"name\":\"FBSprofilati\",\"description\":\"The Art of Forming\",\"publisher\":{\"@id\":\"https:\\\/\\\/www.fbsprofilati.it\\\/#organization\"},\"potentialAction\":[{\"@type\":\"SearchAction\",\"target\":{\"@type\":\"EntryPoint\",\"urlTemplate\":\"https:\\\/\\\/www.fbsprofilati.it\\\/?s={search_term_string}\"},\"query-input\":{\"@type\":\"PropertyValueSpecification\",\"valueRequired\":true,\"valueName\":\"search_term_string\"}}],\"inLanguage\":\"es\"},{\"@type\":\"Organization\",\"@id\":\"https:\\\/\\\/www.fbsprofilati.it\\\/#organization\",\"name\":\"FBSprofilati\",\"url\":\"https:\\\/\\\/www.fbsprofilati.it\\\/\",\"logo\":{\"@type\":\"ImageObject\",\"inLanguage\":\"es\",\"@id\":\"https:\\\/\\\/www.fbsprofilati.it\\\/#\\\/schema\\\/logo\\\/image\\\/\",\"url\":\"https:\\\/\\\/www.fbsprofilati.it\\\/wp-content\\\/uploads\\\/2021\\\/03\\\/FBS_logotype_favicon_300x300.jpg\",\"contentUrl\":\"https:\\\/\\\/www.fbsprofilati.it\\\/wp-content\\\/uploads\\\/2021\\\/03\\\/FBS_logotype_favicon_300x300.jpg\",\"width\":300,\"height\":300,\"caption\":\"FBSprofilati\"},\"image\":{\"@id\":\"https:\\\/\\\/www.fbsprofilati.it\\\/#\\\/schema\\\/logo\\\/image\\\/\"},\"sameAs\":[\"https:\\\/\\\/www.facebook.com\\\/FBSprofilati-srl-589930664398780\\\/\",\"https:\\\/\\\/www.instagram.com\\\/fbsprofilati\\\/\",\"https:\\\/\\\/www.pinterest.it\\\/fbsprofilati\\\/\"]}]}<\/script>\n<!-- \/ Yoast SEO plugin. -->","yoast_head_json":{"title":"Perfiles Decorativos y Persianas de Aluminio","description":"Fbs Profilati: l\u00edder en la producci\u00f3n de perfiles y componentes decorativos de aluminio para la industria del mueble y el doble acristalamiento. Descubra la amplia gama de productos.","robots":{"index":"index","follow":"follow","max-snippet":"max-snippet:-1","max-image-preview":"max-image-preview:large","max-video-preview":"max-video-preview:-1"},"canonical":"https:\/\/www.fbsprofilati.it\/es\/empresa\/","og_locale":"es_ES","og_type":"article","og_title":"Perfiles Decorativos y Persianas de Aluminio","og_description":"Fbs Profilati: l\u00edder en la producci\u00f3n de perfiles y componentes decorativos de aluminio para la industria del mueble y el doble acristalamiento. Descubra la amplia gama de productos.","og_url":"https:\/\/www.fbsprofilati.it\/es\/empresa\/","og_site_name":"FBSprofilati","article_publisher":"https:\/\/www.facebook.com\/FBSprofilati-srl-589930664398780\/","article_modified_time":"2025-06-16T08:58:31+00:00","twitter_card":"summary_large_image","twitter_misc":{"Tiempo de lectura":"7 minutos"},"schema":{"@context":"https:\/\/schema.org","@graph":[{"@type":"WebPage","@id":"https:\/\/www.fbsprofilati.it\/es\/empresa\/","url":"https:\/\/www.fbsprofilati.it\/es\/empresa\/","name":"Perfiles Decorativos y Persianas de Aluminio","isPartOf":{"@id":"https:\/\/www.fbsprofilati.it\/#website"},"datePublished":"2018-10-23T09:24:26+00:00","dateModified":"2025-06-16T08:58:31+00:00","description":"Fbs Profilati: l\u00edder en la producci\u00f3n de perfiles y componentes decorativos de aluminio para la industria del mueble y el doble acristalamiento. Descubra la amplia gama de productos.","breadcrumb":{"@id":"https:\/\/www.fbsprofilati.it\/es\/empresa\/#breadcrumb"},"inLanguage":"es","potentialAction":[{"@type":"ReadAction","target":["https:\/\/www.fbsprofilati.it\/es\/empresa\/"]}]},{"@type":"BreadcrumbList","@id":"https:\/\/www.fbsprofilati.it\/es\/empresa\/#breadcrumb","itemListElement":[{"@type":"ListItem","position":1,"name":"Home","item":"https:\/\/www.fbsprofilati.it\/es\/"},{"@type":"ListItem","position":2,"name":"AZIENDA"}]},{"@type":"WebSite","@id":"https:\/\/www.fbsprofilati.it\/#website","url":"https:\/\/www.fbsprofilati.it\/","name":"FBSprofilati","description":"The Art of Forming","publisher":{"@id":"https:\/\/www.fbsprofilati.it\/#organization"},"potentialAction":[{"@type":"SearchAction","target":{"@type":"EntryPoint","urlTemplate":"https:\/\/www.fbsprofilati.it\/?s={search_term_string}"},"query-input":{"@type":"PropertyValueSpecification","valueRequired":true,"valueName":"search_term_string"}}],"inLanguage":"es"},{"@type":"Organization","@id":"https:\/\/www.fbsprofilati.it\/#organization","name":"FBSprofilati","url":"https:\/\/www.fbsprofilati.it\/","logo":{"@type":"ImageObject","inLanguage":"es","@id":"https:\/\/www.fbsprofilati.it\/#\/schema\/logo\/image\/","url":"https:\/\/www.fbsprofilati.it\/wp-content\/uploads\/2021\/03\/FBS_logotype_favicon_300x300.jpg","contentUrl":"https:\/\/www.fbsprofilati.it\/wp-content\/uploads\/2021\/03\/FBS_logotype_favicon_300x300.jpg","width":300,"height":300,"caption":"FBSprofilati"},"image":{"@id":"https:\/\/www.fbsprofilati.it\/#\/schema\/logo\/image\/"},"sameAs":["https:\/\/www.facebook.com\/FBSprofilati-srl-589930664398780\/","https:\/\/www.instagram.com\/fbsprofilati\/","https:\/\/www.pinterest.it\/fbsprofilati\/"]}]}},"_links":{"self":[{"href":"https:\/\/www.fbsprofilati.it\/es\/wp-json\/wp\/v2\/pages\/10451","targetHints":{"allow":["GET"]}}],"collection":[{"href":"https:\/\/www.fbsprofilati.it\/es\/wp-json\/wp\/v2\/pages"}],"about":[{"href":"https:\/\/www.fbsprofilati.it\/es\/wp-json\/wp\/v2\/types\/page"}],"author":[{"embeddable":true,"href":"https:\/\/www.fbsprofilati.it\/es\/wp-json\/wp\/v2\/users\/5"}],"replies":[{"embeddable":true,"href":"https:\/\/www.fbsprofilati.it\/es\/wp-json\/wp\/v2\/comments?post=10451"}],"version-history":[{"count":4,"href":"https:\/\/www.fbsprofilati.it\/es\/wp-json\/wp\/v2\/pages\/10451\/revisions"}],"predecessor-version":[{"id":17445,"href":"https:\/\/www.fbsprofilati.it\/es\/wp-json\/wp\/v2\/pages\/10451\/revisions\/17445"}],"wp:attachment":[{"href":"https:\/\/www.fbsprofilati.it\/es\/wp-json\/wp\/v2\/media?parent=10451"}],"curies":[{"name":"wp","href":"https:\/\/api.w.org\/{rel}","templated":true}]}}