{"id":13343,"date":"2024-08-23T12:38:08","date_gmt":"2024-08-23T10:38:08","guid":{"rendered":"https:\/\/www.fbsprofilati.it\/?page_id=13343"},"modified":"2024-10-01T09:38:28","modified_gmt":"2024-10-01T07:38:28","slug":"aluglass-aluminium-sprossenprofile","status":"publish","type":"page","link":"https:\/\/www.fbsprofilati.it\/de\/aluglass-aluminium-sprossenprofile\/","title":{"rendered":"05 ALUGLASS &#8211; PROFILES"},"content":{"rendered":"<div class=\"wpb-content-wrapper\"><p>[vc_row css_animation=&#8220;&#8220; row_type=&#8220;row&#8220; use_row_as_full_screen_section=&#8220;no&#8220; type=&#8220;full_width&#8220; angled_section=&#8220;no&#8220; text_align=&#8220;left&#8220; background_image_as_pattern=&#8220;without_pattern&#8220; css=&#8220;.vc_custom_1726825449596{margin-top: 0px !important;margin-bottom: 0px !important;border-top-width: 0px !important;border-bottom-width: 0px !important;padding-top: 0px !important;padding-bottom: 0px !important;}&#8220; z_index=&#8220;&#8220;][vc_column css=&#8220;.vc_custom_1724319382872{margin-top: 0px !important;margin-bottom: 0px !important;border-top-width: 0px !important;border-bottom-width: 0px !important;padding-top: 0px !important;padding-bottom: 0px !important;}&#8220;][\/vc_column][\/vc_row][vc_row css_animation=&#8220;&#8220; row_type=&#8220;row&#8220; use_row_as_full_screen_section=&#8220;no&#8220; type=&#8220;full_width&#8220; angled_section=&#8220;no&#8220; text_align=&#8220;left&#8220; background_image_as_pattern=&#8220;without_pattern&#8220; background_color=&#8220;#ffffff&#8220; side_padding=&#8220;10&#8243; z_index=&#8220;50&#8243;][vc_column][vc_column_text css=&#8220;.vc_custom_1610119485434{background-color: #ffffff !important;}&#8220;]<\/p>\n<h1 style=\"text-align: center;\"><span style=\"font-size: 60px; color: #000000;\">Aluglass<\/span><\/h1>\n<p>[\/vc_column_text][vc_empty_space height=&#8220;18px&#8220; css=&#8220;.vc_custom_1591811013667{background-color: #ffffff !important;}&#8220;][vc_column_text css=&#8220;.vc_custom_1724408960999{background-color: #ffffff !important;}&#8220;]<\/p>\n<h3 style=\"text-align: center; text-weight: 200;\"><span style=\"font-size: 24px;\">Aluminium Sprossenprofile f\u00fcr Doppelverglasungen und Glasfl\u00e4che<\/span><\/h3>\n<p>[\/vc_column_text][vc_empty_space css=&#8220;.vc_custom_1598967007669{background-color: #ffffff !important;}&#8220;][vc_column_text css=&#8220;&#8220;]<\/p>\n<div class=\"wpb_text_column wpb_content_element \">\n<div class=\"wpb_wrapper\">\n<p style=\"text-align: center;\">Die Wertsch\u00e4tzung f\u00fcr raffinierte Details und die reiche Tradition des italienischen Designs sind seit jeher unser Ziel. Unser st\u00e4ndiges Engagement hat uns zu einem der f\u00fchrenden Hersteller von hochwertigen dekorativen Aluminiumprofilen und Zubeh\u00f6r f\u00fcr Isolierglas und Innenverglasung gemacht.<\/p>\n<\/div>\n<\/div>\n<div class=\"vc_empty_space\"><\/div>\n<p>[\/vc_column_text][vc_empty_space][\/vc_column][\/vc_row][vc_row css_animation=&#8220;&#8220; row_type=&#8220;row&#8220; use_row_as_full_screen_section=&#8220;no&#8220; type=&#8220;full_width&#8220; angled_section=&#8220;no&#8220; text_align=&#8220;left&#8220; background_image_as_pattern=&#8220;without_pattern&#8220; side_padding=&#8220;15&#8243; padding_top=&#8220;20&#8243; padding_bottom=&#8220;0&#8243; z_index=&#8220;&#8220;][vc_column offset=&#8220;vc_hidden-xs&#8220;]<div class=\"qode-banner qode-banner-va-center\"><a class=\"qode-banner-link\" href=\"https:\/\/www.fbsprofilati.it\/de\/profile-fuer-doppelverglasung\/\" target=\"_self\"><\/a><div class=\"qode-banner-image\"><img decoding=\"async\" itemprop=\"image\" src=\"https:\/\/www.fbsprofilati.it\/wp-content\/uploads\/BANNER.jpg\" alt=\"\" \/><\/div><div class=\"qode-banner-content\"><div class=\"qode-banner-content-inner\"><div class=\"qode-banner-text-holder\">\n<p style=\"text-align: center;\">DEKORATIVE PROFILE F\u00dcR<\/p>\n<h1 style=\"text-align: center;\">DOPPELVERGLASUNG<\/h1>\n<p style=\"text-align: center;\">ERFAHREN SIE MEHR<\/p>\n<\/div><\/div><\/div><\/div>[\/vc_column][\/vc_row][vc_row css_animation=&#8220;&#8220; row_type=&#8220;row&#8220; use_row_as_full_screen_section=&#8220;no&#8220; type=&#8220;full_width&#8220; angled_section=&#8220;no&#8220; text_align=&#8220;left&#8220; background_image_as_pattern=&#8220;without_pattern&#8220; side_padding=&#8220;15&#8243; padding_top=&#8220;0&#8243; padding_bottom=&#8220;0&#8243; z_index=&#8220;&#8220;][vc_column offset=&#8220;vc_hidden-xs&#8220;]<div class=\"qode-banner qode-banner-va-center\"><a class=\"qode-banner-link\" href=\"https:\/\/www.fbsprofilati.it\/de\/way-sprossenprofile\/\" target=\"_self\"><\/a><div class=\"qode-banner-image\"><img decoding=\"async\" itemprop=\"image\" src=\"https:\/\/www.fbsprofilati.it\/wp-content\/uploads\/banner-aluglass-categorie.jpg\" alt=\"\" \/><\/div><div class=\"qode-banner-content\"><div class=\"qode-banner-content-inner\"><div class=\"qode-banner-text-holder\">\n<h1 style=\"text-align: center;\">WAY<\/h1>\n<p style=\"text-align: center;\">ERFAHREN SIE MEHR<\/p>\n<p>&nbsp;<\/p>\n<p style=\"text-align: center;\"><img loading=\"lazy\" decoding=\"async\" class=\"alignnone size-full wp-image-11125\" src=\"https:\/\/www.fbsprofilati.it\/wp-content\/uploads\/2021\/04\/new-product-icon.png\" alt=\"\" width=\"167\" height=\"167\" srcset=\"https:\/\/www.fbsprofilati.it\/wp-content\/uploads\/2021\/04\/new-product-icon.png 167w, https:\/\/www.fbsprofilati.it\/wp-content\/uploads\/2021\/04\/new-product-icon-150x150.png 150w\" sizes=\"auto, (max-width: 167px) 100vw, 167px\" \/><\/p>\n<\/div><\/div><\/div><\/div>[\/vc_column][\/vc_row][vc_row css_animation=&#8220;&#8220; row_type=&#8220;row&#8220; use_row_as_full_screen_section=&#8220;no&#8220; type=&#8220;full_width&#8220; angled_section=&#8220;no&#8220; text_align=&#8220;left&#8220; background_image_as_pattern=&#8220;without_pattern&#8220; padding_top=&#8220;0&#8243; padding_bottom=&#8220;0&#8243; z_index=&#8220;&#8220;][vc_column offset=&#8220;vc_hidden-lg vc_hidden-md vc_hidden-sm&#8220; css=&#8220;.vc_custom_1614637242053{padding-top: 0px !important;padding-bottom: 0px !important;}&#8220;]<div class=\"qode-banner qode-banner-va-center\"><a class=\"qode-banner-link\" href=\"https:\/\/www.fbsprofilati.it\/de\/profile-fuer-doppelverglasung\/\" target=\"_self\"><\/a><div class=\"qode-banner-image\"><img decoding=\"async\" itemprop=\"image\" src=\"https:\/\/www.fbsprofilati.it\/wp-content\/uploads\/PHONE3.jpg\" alt=\"\" \/><\/div><div class=\"qode-banner-content\"><div class=\"qode-banner-content-inner\"><div class=\"qode-banner-text-holder\">\n<p style=\"text-align: center;\">DEKORATIVE PROFILE F\u00dcR<\/p>\n<h2 style=\"text-align: center;\">DOPPELVERGLASUNG<\/h2>\n<p style=\"text-align: center;\">ERFAHREN SIE MEHR<\/p>\n<\/div><\/div><\/div><\/div>[\/vc_column][\/vc_row][vc_row css_animation=&#8220;&#8220; row_type=&#8220;row&#8220; use_row_as_full_screen_section=&#8220;no&#8220; type=&#8220;full_width&#8220; angled_section=&#8220;no&#8220; text_align=&#8220;left&#8220; background_image_as_pattern=&#8220;without_pattern&#8220; padding_top=&#8220;0&#8243; padding_bottom=&#8220;0&#8243; z_index=&#8220;&#8220;][vc_column offset=&#8220;vc_hidden-lg vc_hidden-md vc_hidden-sm&#8220; css=&#8220;.vc_custom_1614637248405{padding-top: -20px !important;}&#8220;]<div class=\"qode-banner qode-banner-va-center\"><a class=\"qode-banner-link\" href=\"https:\/\/www.fbsprofilati.it\/de\/way-sprossenprofile\/\" target=\"_self\"><\/a><div class=\"qode-banner-image\"><img decoding=\"async\" itemprop=\"image\" src=\"https:\/\/www.fbsprofilati.it\/wp-content\/uploads\/CAROSELLO-2.jpg\" alt=\"\" \/><\/div><div class=\"qode-banner-content\"><div class=\"qode-banner-content-inner\"><div class=\"qode-banner-text-holder\">\n<h2 style=\"text-align: center;\">WAY<\/h2>\n<p style=\"text-align: center;\">ERFAHREN SIE MEHR<\/p>\n<p style=\"text-align: center;\"><img loading=\"lazy\" decoding=\"async\" class=\"alignnone size-full wp-image-11125\" src=\"https:\/\/www.fbsprofilati.it\/wp-content\/uploads\/2021\/04\/new-product-icon.png\" alt=\"\" width=\"167\" height=\"167\" srcset=\"https:\/\/www.fbsprofilati.it\/wp-content\/uploads\/2021\/04\/new-product-icon.png 167w, https:\/\/www.fbsprofilati.it\/wp-content\/uploads\/2021\/04\/new-product-icon-150x150.png 150w\" sizes=\"auto, (max-width: 167px) 100vw, 167px\" \/><\/p>\n<\/div><\/div><\/div><\/div>[\/vc_column][\/vc_row][vc_row css_animation=&#8220;&#8220; row_type=&#8220;row&#8220; use_row_as_full_screen_section=&#8220;no&#8220; type=&#8220;full_width&#8220; angled_section=&#8220;no&#8220; text_align=&#8220;left&#8220; background_image_as_pattern=&#8220;without_pattern&#8220;][vc_column][vc_empty_space height=&#8220;64px&#8220;][vc_column_text css=&#8220;&#8220;]<\/p>\n<h3 style=\"text-align: center;\"><span style=\"font-size: 36px; color: #000000;\">Download<\/span><\/h3>\n<p>[\/vc_column_text][vc_empty_space height=&#8220;16px&#8220;][\/vc_column][\/vc_row][vc_row css_animation=&#8220;&#8220; row_type=&#8220;row&#8220; use_row_as_full_screen_section=&#8220;no&#8220; type=&#8220;full_width&#8220; angled_section=&#8220;no&#8220; text_align=&#8220;center&#8220; background_image_as_pattern=&#8220;without_pattern&#8220; z_index=&#8220;&#8220;][vc_column width=&#8220;1\/3&#8243;][\/vc_column][vc_column width=&#8220;1\/3&#8243;][vc_single_image image=&#8220;16231&#8243; img_size=&#8220;large&#8220; alignment=&#8220;center&#8220; onclick=&#8220;custom_link&#8220; img_link_target=&#8220;_blank&#8220; css=&#8220;&#8220; qode_css_animation=&#8220;&#8220; link=&#8220;https:\/\/fbsprofilati.it\/wp-content\/uploads\/2021\/03\/Aluglass_WEB.pdf&#8220;]<a  itemprop=\"url\" href=\"https:\/\/fbsprofilati.it\/wp-content\/uploads\/2021\/03\/Aluglass_WEB.pdf\" target=\"_blank\"  class=\"qbutton  small white enlarge\" style=\"color: #000000; margin: 5px 10px 5px 10px; border-radius: 2px;-moz-border-radius: 2px;-webkit-border-radius: 2px; background-color: #cccccc;\">KATALOG ALUGLASS<i class=\"qode_icon_font_awesome fa fa-download qode_button_icon_element\" style=\"\" ><\/i><\/a>[vc_empty_space][\/vc_column][vc_column width=&#8220;1\/3&#8243;][\/vc_column][\/vc_row][vc_row css_animation=&#8220;&#8220; row_type=&#8220;row&#8220; use_row_as_full_screen_section=&#8220;no&#8220; type=&#8220;full_width&#8220; angled_section=&#8220;no&#8220; text_align=&#8220;left&#8220; background_image_as_pattern=&#8220;without_pattern&#8220; background_color=&#8220;#ffffff&#8220; side_padding=&#8220;2&#8243; z_index=&#8220;&#8220;][vc_column css=&#8220;.vc_custom_1604065416108{padding-top: 60px !important;padding-bottom: 60px !important;}&#8220; offset=&#8220;vc_hidden-sm vc_hidden-xs&#8220;][vc_empty_space height=&#8220;32 px&#8220;]\n            <div \n                class=\"elfsight-widget-pinterest-feed elfsight-widget\" \n                data-elfsight-pinterest-feed-options=\"%7B%22contentToDisplay%22%3A%22pins%22%2C%22user%22%3A%22elfsight%22%2C%22boards%22%3A%5B%5D%2C%22pins%22%3A%5B%22https%3A%5C%2F%5C%2Fwww.pinterest.it%5C%2Ffbsprofilati%5C%2Fglass%5C%2F%22%5D%2C%22lang%22%3A%22en%22%2C%22widgetTitle%22%3A%22Inspirations%20Pinterest%22%2C%22boardsCount%22%3A%22%22%2C%22pinsCount%22%3A%22%22%2C%22width%22%3A%22full%22%2C%22height%22%3A%22auto%22%2C%22headerVisible%22%3Atrue%2C%22headerParts%22%3A%5B%22image%22%2C%22name%22%2C%22followers%22%2C%22follow-button%22%5D%2C%22boardParts%22%3A%5B%22name%22%2C%22pinterest-icon%22%2C%22pins-count%22%5D%2C%22pinsVisible%22%3Atrue%2C%22pinParts%22%3A%5B%22author%22%2C%22note%22%2C%22share-button%22%2C%22pinterest-icon%22%5D%2C%22transformLinksAndTags%22%3Atrue%2C%22themeColor%22%3A%22rgb%28230%2C%200%2C%2035%29%22%2C%22widgetId%22%3A%225%22%7D\" \n                data-elfsight-pinterest-feed-version=\"1.2.0\"\n                data-elfsight-widget-id=\"elfsight-pinterest-feed-5\">\n            <\/div>\n            [\/vc_column][\/vc_row][vc_row css_animation=&#8220;&#8220; row_type=&#8220;row&#8220; use_row_as_full_screen_section=&#8220;no&#8220; type=&#8220;full_width&#8220; angled_section=&#8220;no&#8220; text_align=&#8220;left&#8220; background_image_as_pattern=&#8220;without_pattern&#8220;][vc_column][vc_googleplus][\/vc_column][\/vc_row]<\/p>\n<\/div>","protected":false},"excerpt":{"rendered":"<p>[vc_row css_animation=&#8220;&#8220; row_type=&#8220;row&#8220; use_row_as_full_screen_section=&#8220;no&#8220; type=&#8220;full_width&#8220; angled_section=&#8220;no&#8220; text_align=&#8220;left&#8220; background_image_as_pattern=&#8220;without_pattern&#8220; css=&#8220;.vc_custom_1726825449596{margin-top: 0px !important;margin-bottom: 0px !important;border-top-width: 0px !important;border-bottom-width: 0px !important;padding-top: 0px !important;padding-bottom: 0px !important;}&#8220; z_index=&#8220;&#8220;][vc_column css=&#8220;.vc_custom_1724319382872{margin-top: 0px !important;margin-bottom: 0px !important;border-top-width: 0px !important;border-bottom-width: 0px !important;padding-top: 0px !important;padding-bottom: 0px !important;}&#8220;][\/vc_column][\/vc_row][vc_row css_animation=&#8220;&#8220; row_type=&#8220;row&#8220; use_row_as_full_screen_section=&#8220;no&#8220; type=&#8220;full_width&#8220; angled_section=&#8220;no&#8220; text_align=&#8220;left&#8220; background_image_as_pattern=&#8220;without_pattern&#8220; background_color=&#8220;#ffffff&#8220; side_padding=&#8220;10&#8243; z_index=&#8220;50&#8243;][vc_column][vc_column_text&#8230;<\/p>\n","protected":false},"author":5,"featured_media":0,"parent":0,"menu_order":0,"comment_status":"closed","ping_status":"closed","template":"full_width.php","meta":{"footnotes":""},"class_list":["post-13343","page","type-page","status-publish","hentry"],"yoast_head":"<!-- This site is optimized with the Yoast SEO plugin v27.3 - https:\/\/yoast.com\/product\/yoast-seo-wordpress\/ -->\n<title>Aluminium Sprossenprofile - Aluglass<\/title>\n<meta name=\"description\" content=\"Schauen Sie sich Aluglass an, dekorative Sprossenprofile f\u00fcr Doppelverglasungen und Glasfl\u00e4che. Entdecken Sie unsere Aluminiumprofile und Zubeh\u00f6r.\" \/>\n<meta name=\"robots\" content=\"index, follow, max-snippet:-1, max-image-preview:large, max-video-preview:-1\" \/>\n<link rel=\"canonical\" href=\"https:\/\/www.fbsprofilati.it\/de\/aluglass-aluminium-sprossenprofile\/\" \/>\n<meta property=\"og:locale\" content=\"de_DE\" \/>\n<meta property=\"og:type\" content=\"article\" \/>\n<meta property=\"og:title\" content=\"Aluminium Sprossenprofile - Aluglass\" \/>\n<meta property=\"og:description\" content=\"Schauen Sie sich Aluglass an, dekorative Sprossenprofile f\u00fcr Doppelverglasungen und Glasfl\u00e4che. Entdecken Sie unsere Aluminiumprofile und Zubeh\u00f6r.\" \/>\n<meta property=\"og:url\" content=\"https:\/\/www.fbsprofilati.it\/de\/aluglass-aluminium-sprossenprofile\/\" \/>\n<meta property=\"og:site_name\" content=\"FBSprofilati\" \/>\n<meta property=\"article:publisher\" content=\"https:\/\/www.facebook.com\/FBSprofilati-srl-589930664398780\/\" \/>\n<meta property=\"article:modified_time\" content=\"2024-10-01T07:38:28+00:00\" \/>\n<meta property=\"og:image\" content=\"https:\/\/www.fbsprofilati.it\/wp-content\/uploads\/2021\/04\/new-product-icon.png\" \/>\n<meta name=\"twitter:card\" content=\"summary_large_image\" \/>\n<meta name=\"twitter:label1\" content=\"Gesch\u00e4tzte Lesezeit\" \/>\n\t<meta name=\"twitter:data1\" content=\"2\u00a0Minuten\" \/>\n<script type=\"application\/ld+json\" class=\"yoast-schema-graph\">{\"@context\":\"https:\\\/\\\/schema.org\",\"@graph\":[{\"@type\":\"WebPage\",\"@id\":\"https:\\\/\\\/www.fbsprofilati.it\\\/de\\\/aluglass-aluminium-sprossenprofile\\\/\",\"url\":\"https:\\\/\\\/www.fbsprofilati.it\\\/de\\\/aluglass-aluminium-sprossenprofile\\\/\",\"name\":\"Aluminium Sprossenprofile - Aluglass\",\"isPartOf\":{\"@id\":\"https:\\\/\\\/www.fbsprofilati.it\\\/#website\"},\"primaryImageOfPage\":{\"@id\":\"https:\\\/\\\/www.fbsprofilati.it\\\/de\\\/aluglass-aluminium-sprossenprofile\\\/#primaryimage\"},\"image\":{\"@id\":\"https:\\\/\\\/www.fbsprofilati.it\\\/de\\\/aluglass-aluminium-sprossenprofile\\\/#primaryimage\"},\"thumbnailUrl\":\"https:\\\/\\\/www.fbsprofilati.it\\\/wp-content\\\/uploads\\\/2021\\\/04\\\/new-product-icon.png\",\"datePublished\":\"2024-08-23T10:38:08+00:00\",\"dateModified\":\"2024-10-01T07:38:28+00:00\",\"description\":\"Schauen Sie sich Aluglass an, dekorative Sprossenprofile f\u00fcr Doppelverglasungen und Glasfl\u00e4che. Entdecken Sie unsere Aluminiumprofile und Zubeh\u00f6r.\",\"breadcrumb\":{\"@id\":\"https:\\\/\\\/www.fbsprofilati.it\\\/de\\\/aluglass-aluminium-sprossenprofile\\\/#breadcrumb\"},\"inLanguage\":\"de\",\"potentialAction\":[{\"@type\":\"ReadAction\",\"target\":[\"https:\\\/\\\/www.fbsprofilati.it\\\/de\\\/aluglass-aluminium-sprossenprofile\\\/\"]}]},{\"@type\":\"ImageObject\",\"inLanguage\":\"de\",\"@id\":\"https:\\\/\\\/www.fbsprofilati.it\\\/de\\\/aluglass-aluminium-sprossenprofile\\\/#primaryimage\",\"url\":\"https:\\\/\\\/www.fbsprofilati.it\\\/wp-content\\\/uploads\\\/2021\\\/04\\\/new-product-icon.png\",\"contentUrl\":\"https:\\\/\\\/www.fbsprofilati.it\\\/wp-content\\\/uploads\\\/2021\\\/04\\\/new-product-icon.png\"},{\"@type\":\"BreadcrumbList\",\"@id\":\"https:\\\/\\\/www.fbsprofilati.it\\\/de\\\/aluglass-aluminium-sprossenprofile\\\/#breadcrumb\",\"itemListElement\":[{\"@type\":\"ListItem\",\"position\":1,\"name\":\"Home\",\"item\":\"https:\\\/\\\/www.fbsprofilati.it\\\/de\\\/\"},{\"@type\":\"ListItem\",\"position\":2,\"name\":\"05 ALUGLASS &#8211; PROFILES\"}]},{\"@type\":\"WebSite\",\"@id\":\"https:\\\/\\\/www.fbsprofilati.it\\\/#website\",\"url\":\"https:\\\/\\\/www.fbsprofilati.it\\\/\",\"name\":\"FBSprofilati\",\"description\":\"The Art of Forming\",\"publisher\":{\"@id\":\"https:\\\/\\\/www.fbsprofilati.it\\\/#organization\"},\"potentialAction\":[{\"@type\":\"SearchAction\",\"target\":{\"@type\":\"EntryPoint\",\"urlTemplate\":\"https:\\\/\\\/www.fbsprofilati.it\\\/?s={search_term_string}\"},\"query-input\":{\"@type\":\"PropertyValueSpecification\",\"valueRequired\":true,\"valueName\":\"search_term_string\"}}],\"inLanguage\":\"de\"},{\"@type\":\"Organization\",\"@id\":\"https:\\\/\\\/www.fbsprofilati.it\\\/#organization\",\"name\":\"FBSprofilati\",\"url\":\"https:\\\/\\\/www.fbsprofilati.it\\\/\",\"logo\":{\"@type\":\"ImageObject\",\"inLanguage\":\"de\",\"@id\":\"https:\\\/\\\/www.fbsprofilati.it\\\/#\\\/schema\\\/logo\\\/image\\\/\",\"url\":\"https:\\\/\\\/www.fbsprofilati.it\\\/wp-content\\\/uploads\\\/2021\\\/03\\\/FBS_logotype_favicon_300x300.jpg\",\"contentUrl\":\"https:\\\/\\\/www.fbsprofilati.it\\\/wp-content\\\/uploads\\\/2021\\\/03\\\/FBS_logotype_favicon_300x300.jpg\",\"width\":300,\"height\":300,\"caption\":\"FBSprofilati\"},\"image\":{\"@id\":\"https:\\\/\\\/www.fbsprofilati.it\\\/#\\\/schema\\\/logo\\\/image\\\/\"},\"sameAs\":[\"https:\\\/\\\/www.facebook.com\\\/FBSprofilati-srl-589930664398780\\\/\",\"https:\\\/\\\/www.instagram.com\\\/fbsprofilati\\\/\",\"https:\\\/\\\/www.pinterest.it\\\/fbsprofilati\\\/\"]}]}<\/script>\n<!-- \/ Yoast SEO plugin. -->","yoast_head_json":{"title":"Aluminium Sprossenprofile - Aluglass","description":"Schauen Sie sich Aluglass an, dekorative Sprossenprofile f\u00fcr Doppelverglasungen und Glasfl\u00e4che. Entdecken Sie unsere Aluminiumprofile und Zubeh\u00f6r.","robots":{"index":"index","follow":"follow","max-snippet":"max-snippet:-1","max-image-preview":"max-image-preview:large","max-video-preview":"max-video-preview:-1"},"canonical":"https:\/\/www.fbsprofilati.it\/de\/aluglass-aluminium-sprossenprofile\/","og_locale":"de_DE","og_type":"article","og_title":"Aluminium Sprossenprofile - Aluglass","og_description":"Schauen Sie sich Aluglass an, dekorative Sprossenprofile f\u00fcr Doppelverglasungen und Glasfl\u00e4che. Entdecken Sie unsere Aluminiumprofile und Zubeh\u00f6r.","og_url":"https:\/\/www.fbsprofilati.it\/de\/aluglass-aluminium-sprossenprofile\/","og_site_name":"FBSprofilati","article_publisher":"https:\/\/www.facebook.com\/FBSprofilati-srl-589930664398780\/","article_modified_time":"2024-10-01T07:38:28+00:00","og_image":[{"url":"https:\/\/www.fbsprofilati.it\/wp-content\/uploads\/2021\/04\/new-product-icon.png","type":"","width":"","height":""}],"twitter_card":"summary_large_image","twitter_misc":{"Gesch\u00e4tzte Lesezeit":"2\u00a0Minuten"},"schema":{"@context":"https:\/\/schema.org","@graph":[{"@type":"WebPage","@id":"https:\/\/www.fbsprofilati.it\/de\/aluglass-aluminium-sprossenprofile\/","url":"https:\/\/www.fbsprofilati.it\/de\/aluglass-aluminium-sprossenprofile\/","name":"Aluminium Sprossenprofile - Aluglass","isPartOf":{"@id":"https:\/\/www.fbsprofilati.it\/#website"},"primaryImageOfPage":{"@id":"https:\/\/www.fbsprofilati.it\/de\/aluglass-aluminium-sprossenprofile\/#primaryimage"},"image":{"@id":"https:\/\/www.fbsprofilati.it\/de\/aluglass-aluminium-sprossenprofile\/#primaryimage"},"thumbnailUrl":"https:\/\/www.fbsprofilati.it\/wp-content\/uploads\/2021\/04\/new-product-icon.png","datePublished":"2024-08-23T10:38:08+00:00","dateModified":"2024-10-01T07:38:28+00:00","description":"Schauen Sie sich Aluglass an, dekorative Sprossenprofile f\u00fcr Doppelverglasungen und Glasfl\u00e4che. Entdecken Sie unsere Aluminiumprofile und Zubeh\u00f6r.","breadcrumb":{"@id":"https:\/\/www.fbsprofilati.it\/de\/aluglass-aluminium-sprossenprofile\/#breadcrumb"},"inLanguage":"de","potentialAction":[{"@type":"ReadAction","target":["https:\/\/www.fbsprofilati.it\/de\/aluglass-aluminium-sprossenprofile\/"]}]},{"@type":"ImageObject","inLanguage":"de","@id":"https:\/\/www.fbsprofilati.it\/de\/aluglass-aluminium-sprossenprofile\/#primaryimage","url":"https:\/\/www.fbsprofilati.it\/wp-content\/uploads\/2021\/04\/new-product-icon.png","contentUrl":"https:\/\/www.fbsprofilati.it\/wp-content\/uploads\/2021\/04\/new-product-icon.png"},{"@type":"BreadcrumbList","@id":"https:\/\/www.fbsprofilati.it\/de\/aluglass-aluminium-sprossenprofile\/#breadcrumb","itemListElement":[{"@type":"ListItem","position":1,"name":"Home","item":"https:\/\/www.fbsprofilati.it\/de\/"},{"@type":"ListItem","position":2,"name":"05 ALUGLASS &#8211; PROFILES"}]},{"@type":"WebSite","@id":"https:\/\/www.fbsprofilati.it\/#website","url":"https:\/\/www.fbsprofilati.it\/","name":"FBSprofilati","description":"The Art of Forming","publisher":{"@id":"https:\/\/www.fbsprofilati.it\/#organization"},"potentialAction":[{"@type":"SearchAction","target":{"@type":"EntryPoint","urlTemplate":"https:\/\/www.fbsprofilati.it\/?s={search_term_string}"},"query-input":{"@type":"PropertyValueSpecification","valueRequired":true,"valueName":"search_term_string"}}],"inLanguage":"de"},{"@type":"Organization","@id":"https:\/\/www.fbsprofilati.it\/#organization","name":"FBSprofilati","url":"https:\/\/www.fbsprofilati.it\/","logo":{"@type":"ImageObject","inLanguage":"de","@id":"https:\/\/www.fbsprofilati.it\/#\/schema\/logo\/image\/","url":"https:\/\/www.fbsprofilati.it\/wp-content\/uploads\/2021\/03\/FBS_logotype_favicon_300x300.jpg","contentUrl":"https:\/\/www.fbsprofilati.it\/wp-content\/uploads\/2021\/03\/FBS_logotype_favicon_300x300.jpg","width":300,"height":300,"caption":"FBSprofilati"},"image":{"@id":"https:\/\/www.fbsprofilati.it\/#\/schema\/logo\/image\/"},"sameAs":["https:\/\/www.facebook.com\/FBSprofilati-srl-589930664398780\/","https:\/\/www.instagram.com\/fbsprofilati\/","https:\/\/www.pinterest.it\/fbsprofilati\/"]}]}},"_links":{"self":[{"href":"https:\/\/www.fbsprofilati.it\/de\/wp-json\/wp\/v2\/pages\/13343","targetHints":{"allow":["GET"]}}],"collection":[{"href":"https:\/\/www.fbsprofilati.it\/de\/wp-json\/wp\/v2\/pages"}],"about":[{"href":"https:\/\/www.fbsprofilati.it\/de\/wp-json\/wp\/v2\/types\/page"}],"author":[{"embeddable":true,"href":"https:\/\/www.fbsprofilati.it\/de\/wp-json\/wp\/v2\/users\/5"}],"replies":[{"embeddable":true,"href":"https:\/\/www.fbsprofilati.it\/de\/wp-json\/wp\/v2\/comments?post=13343"}],"version-history":[{"count":14,"href":"https:\/\/www.fbsprofilati.it\/de\/wp-json\/wp\/v2\/pages\/13343\/revisions"}],"predecessor-version":[{"id":16362,"href":"https:\/\/www.fbsprofilati.it\/de\/wp-json\/wp\/v2\/pages\/13343\/revisions\/16362"}],"wp:attachment":[{"href":"https:\/\/www.fbsprofilati.it\/de\/wp-json\/wp\/v2\/media?parent=13343"}],"curies":[{"name":"wp","href":"https:\/\/api.w.org\/{rel}","templated":true}]}}