{"id":10275,"date":"2021-01-19T10:42:08","date_gmt":"2021-01-19T09:42:08","guid":{"rendered":"https:\/\/www.fbsprofilati.it\/dekoreinsatze\/alumix-decorative-profiles\/"},"modified":"2025-01-22T15:47:59","modified_gmt":"2025-01-22T14:47:59","slug":"alumix-dekorprofile","status":"publish","type":"page","link":"https:\/\/www.fbsprofilati.it\/de\/dekoreinsaetze\/alumix-dekorprofile\/","title":{"rendered":"Alumix_Profili decorativi"},"content":{"rendered":"<div class=\"wpb-content-wrapper\"><p>[vc_row css_animation=&#8220;&#8220; row_type=&#8220;row&#8220; use_row_as_full_screen_section=&#8220;no&#8220; type=&#8220;full_width&#8220; angled_section=&#8220;no&#8220; text_align=&#8220;left&#8220; background_image_as_pattern=&#8220;without_pattern&#8220; side_padding=&#8220;0&#8243; z_index=&#8220;&#8220;][vc_column offset=&#8220;vc_hidden-lg vc_hidden-md vc_hidden-sm&#8220;][vc_single_image image=&#8220;5748&#8243; img_size=&#8220;full&#8220; alignment=&#8220;center&#8220; qode_css_animation=&#8220;&#8220;][vc_empty_space height=&#8220;20px&#8220; css=&#8220;.vc_custom_1598978230436{background-color: #ffffff !important;}&#8220;][\/vc_column][\/vc_row][vc_row css_animation=&#8220;&#8220; row_type=&#8220;row&#8220; use_row_as_full_screen_section=&#8220;yes&#8220; type=&#8220;full_width&#8220; angled_section=&#8220;no&#8220; text_align=&#8220;left&#8220; background_image_as_pattern=&#8220;without_pattern&#8220; background_color=&#8220;#ffffff&#8220; side_padding=&#8220;5&#8243; z_index=&#8220;50&#8243;][vc_column offset=&#8220;vc_hidden-sm vc_hidden-xs&#8220;][vc_single_image image=&#8220;5186&#8243; img_size=&#8220;full&#8220; qode_css_animation=&#8220;&#8220;][vc_empty_space height=&#8220;75px&#8220; css=&#8220;.vc_custom_1592237656009{background-color: #ffffff !important;}&#8220;][\/vc_column][\/vc_row][vc_row css_animation=&#8220;&#8220; row_type=&#8220;row&#8220; use_row_as_full_screen_section=&#8220;no&#8220; type=&#8220;full_width&#8220; angled_section=&#8220;no&#8220; text_align=&#8220;left&#8220; background_image_as_pattern=&#8220;without_pattern&#8220; background_color=&#8220;#ffffff&#8220; side_padding=&#8220;10&#8243; z_index=&#8220;50&#8243;][vc_column][vc_column_text css=&#8220;.vc_custom_1610991223396{background-color: #ffffff !important;}&#8220;]<\/p>\n<h1 style=\"text-align: center;\"><span style=\"font-size: 60px; color: #000000;\">Alumix<\/span><\/h1>\n<p>[\/vc_column_text][vc_empty_space height=&#8220;18px&#8220; css=&#8220;.vc_custom_1591811013667{background-color: #ffffff !important;}&#8220;][vc_column_text css=&#8220;.vc_custom_1616094142578{background-color: #ffffff !important;}&#8220;]<\/p>\n<h3 style=\"text-align: center; text-weight: 200;\"><span style=\"font-size: 24px;\">Dekorprofile<\/span><\/h3>\n<p>[\/vc_column_text][vc_empty_space css=&#8220;.vc_custom_1598967007669{background-color: #ffffff !important;}&#8220;][vc_column_text css=&#8220;&#8220;]<\/p>\n<p style=\"text-align: center;\">Lassen Sie mit einer Vielzahl unterschiedlicher Dekorative Profile aus Aluminium Ihrer Kreativit\u00e4t freien Lauf!<br \/>\nEine gro\u00dfe Auswahl an geradlinigen und eckigen Aluminiumzierprofile sorgt f\u00fcr die perfekte Anpassung an jede Umgebung.<\/p>\n<p>&nbsp;<\/p>\n<p>&nbsp;<\/p>\n<h2 style=\"text-align: center;\"><span style=\"text-decoration: underline;\"><a href=\"#catalogo\">Laden Sie unseren Katalog herunter<\/a><\/span><\/h2>\n<p>[\/vc_column_text][vc_empty_space][\/vc_column][\/vc_row][vc_row css_animation=&#8220;&#8220; row_type=&#8220;row&#8220; use_row_as_full_screen_section=&#8220;no&#8220; type=&#8220;full_width&#8220; angled_section=&#8220;no&#8220; text_align=&#8220;left&#8220; background_image_as_pattern=&#8220;without_pattern&#8220; background_color=&#8220;#ffffff&#8220; z_index=&#8220;&#8220;][vc_column offset=&#8220;vc_hidden-sm vc_hidden-xs&#8220;][vc_empty_space height=&#8220;64px&#8220;][vc_column_text css=&#8220;&#8220;]<\/p>\n<h3 style=\"text-align: center;\"><span style=\"color: #000000;\"><span style=\"caret-color: #e45757; font-size: 28px; line-height: 1.3em;\">TYPEN<\/span><\/span><\/h3>\n<p>[\/vc_column_text][vc_empty_space height=&#8220;64px&#8220;][\/vc_column][\/vc_row][vc_row css_animation=&#8220;&#8220; row_type=&#8220;row&#8220; use_row_as_full_screen_section=&#8220;no&#8220; type=&#8220;full_width&#8220; angled_section=&#8220;no&#8220; text_align=&#8220;left&#8220; background_image_as_pattern=&#8220;without_pattern&#8220; background_color=&#8220;#ffffff&#8220; z_index=&#8220;&#8220;][vc_column offset=&#8220;vc_hidden-lg vc_hidden-md&#8220;][vc_empty_space][vc_column_text css=&#8220;&#8220;]<\/p>\n<h3 style=\"text-align: center;\"><span style=\"color: #000000;\"><span style=\"caret-color: #e45757; font-size: 28px; line-height: 1.3em;\">TYPEN<\/span><\/span><\/h3>\n<p>[\/vc_column_text][vc_empty_space][\/vc_column][\/vc_row][vc_row css_animation=&#8220;&#8220; row_type=&#8220;row&#8220; use_row_as_full_screen_section=&#8220;no&#8220; type=&#8220;full_width&#8220; angled_section=&#8220;no&#8220; text_align=&#8220;left&#8220; background_image_as_pattern=&#8220;without_pattern&#8220; background_color=&#8220;#ffffff&#8220; side_padding=&#8220;5&#8243; z_index=&#8220;&#8220;][vc_column width=&#8220;1\/4&#8243; offset=&#8220;vc_hidden-sm vc_hidden-xs&#8220; css=&#8220;.vc_custom_1610994973687{padding-right: 40px !important;padding-left: 40px !important;}&#8220;][vc_single_image image=&#8220;5751&#8243; img_size=&#8220;full&#8220; alignment=&#8220;center&#8220; qode_css_animation=&#8220;&#8220;][vc_empty_space height=&#8220;20px&#8220;][vc_column_text]<\/p>\n<p style=\"text-align: center;\"><strong>T-PROFILE<br \/>\n<\/strong><span style=\"font-weight: 400;\">Befestigung:<br \/>\neingelassen<\/span><\/p>\n<p>[\/vc_column_text][vc_empty_space height=&#8220;30px&#8220;][\/vc_column][vc_column width=&#8220;1\/4&#8243; css=&#8220;.vc_custom_1610994992717{padding-right: 40px !important;padding-left: 40px !important;}&#8220;][vc_single_image image=&#8220;5753&#8243; img_size=&#8220;full&#8220; qode_css_animation=&#8220;&#8220;][vc_empty_space height=&#8220;20px&#8220;][vc_column_text]<\/p>\n<p style=\"text-align: center;\"><strong>KANTEN<br \/>\n<\/strong>Befestigung:<br \/>\neingelassen<\/p>\n<p>[\/vc_column_text][vc_empty_space height=&#8220;30px&#8220;][\/vc_column][vc_column width=&#8220;1\/4&#8243; css=&#8220;.vc_custom_1610995005384{padding-right: 40px !important;padding-left: 40px !important;}&#8220;][vc_single_image image=&#8220;5755&#8243; img_size=&#8220;full&#8220; qode_css_animation=&#8220;&#8220;][vc_empty_space height=&#8220;20px&#8220;][vc_column_text]<\/p>\n<p style=\"text-align: center;\"><strong>GLASHALTER<br \/>\n<\/strong><span style=\"font-weight: 400;\">Befestigung:<br \/>\nselbstklebend<\/span><\/p>\n<p>[\/vc_column_text][vc_empty_space height=&#8220;30px&#8220;][\/vc_column][vc_column width=&#8220;1\/4&#8243; css=&#8220;.vc_custom_1610995012347{padding-right: 40px !important;padding-left: 40px !important;}&#8220;][vc_single_image image=&#8220;5757&#8243; img_size=&#8220;full&#8220; qode_css_animation=&#8220;&#8220;][vc_empty_space height=&#8220;20px&#8220;][vc_column_text]<\/p>\n<p style=\"text-align: center;\"><strong>DEKORPROFILE F\u00dcR GLAS<br \/>\n<\/strong>Befestigung:<br \/>\nselbstklebend<\/p>\n<p>[\/vc_column_text][vc_empty_space height=&#8220;30px&#8220;][\/vc_column][\/vc_row][vc_row css_animation=&#8220;&#8220; row_type=&#8220;row&#8220; use_row_as_full_screen_section=&#8220;no&#8220; type=&#8220;full_width&#8220; angled_section=&#8220;no&#8220; text_align=&#8220;left&#8220; background_image_as_pattern=&#8220;without_pattern&#8220; background_color=&#8220;#ffffff&#8220; side_padding=&#8220;20&#8243; z_index=&#8220;&#8220;][vc_column][vc_empty_space height=&#8220;74 px&#8220;][vc_column_text css=&#8220;&#8220;]<\/p>\n<h3 style=\"text-align: center;\"><span style=\"color: #000000;\"><span style=\"caret-color: #e45757; font-size: 28px;\">FARBPALETTE<\/span><\/span><\/h3>\n<p>[\/vc_column_text][vc_empty_space height=&#8220;64 px&#8220;][\/vc_column][\/vc_row][vc_row css_animation=&#8220;&#8220; row_type=&#8220;row&#8220; use_row_as_full_screen_section=&#8220;no&#8220; type=&#8220;full_width&#8220; angled_section=&#8220;no&#8220; text_align=&#8220;center&#8220; background_image_as_pattern=&#8220;without_pattern&#8220; background_color=&#8220;#ffffff&#8220; side_padding=&#8220;20&#8243; z_index=&#8220;&#8220;][vc_column][vc_row_inner row_type=&#8220;row&#8220; type=&#8220;full_width&#8220; text_align=&#8220;left&#8220; css_animation=&#8220;&#8220;][vc_column_inner width=&#8220;1\/5&#8243; css=&#8220;.vc_custom_1603468829986{padding-right: 10% !important;padding-left: 10% !important;}&#8220;][vc_single_image image=&#8220;1171&#8243; img_size=&#8220;full&#8220; qode_css_animation=&#8220;&#8220;][vc_column_text]<strong>B3<\/strong> &#8211; mill gold[\/vc_column_text][vc_empty_space height=&#8220;2em&#8220;][\/vc_column_inner][vc_column_inner width=&#8220;1\/5&#8243; css=&#8220;.vc_custom_1603468835909{padding-right: 10% !important;padding-left: 10% !important;}&#8220;][vc_single_image image=&#8220;1172&#8243; img_size=&#8220;full&#8220; qode_css_animation=&#8220;&#8220;][vc_column_text]<strong>RA<\/strong> &#8211; copper[\/vc_column_text][vc_empty_space height=&#8220;2em&#8220;][\/vc_column_inner][vc_column_inner width=&#8220;1\/5&#8243; css=&#8220;.vc_custom_1603468841577{padding-right: 10% !important;padding-left: 10% !important;}&#8220;][vc_single_image image=&#8220;3196&#8243; img_size=&#8220;full&#8220; qode_css_animation=&#8220;&#8220;][vc_column_text]<strong>D2<\/strong> &#8211; gold[\/vc_column_text][vc_empty_space height=&#8220;2em&#8220;][\/vc_column_inner][vc_column_inner width=&#8220;1\/5&#8243; css=&#8220;.vc_custom_1603468849829{padding-right: 10% !important;padding-left: 10% !important;}&#8220;][vc_single_image image=&#8220;3186&#8243; img_size=&#8220;full&#8220; qode_css_animation=&#8220;&#8220;][vc_column_text]<strong>D<\/strong> &#8211; chrome[\/vc_column_text][vc_empty_space height=&#8220;2em&#8220;][\/vc_column_inner][vc_column_inner width=&#8220;1\/5&#8243; css=&#8220;.vc_custom_1603468856875{padding-right: 10% !important;padding-left: 10% !important;}&#8220;][vc_single_image image=&#8220;4027&#8243; img_size=&#8220;full&#8220; qode_css_animation=&#8220;&#8220;][vc_column_text]<strong>A2<\/strong> &#8211; inox brushed[\/vc_column_text][vc_empty_space height=&#8220;2em&#8220;][\/vc_column_inner][\/vc_row_inner][vc_row_inner row_type=&#8220;row&#8220; type=&#8220;full_width&#8220; text_align=&#8220;left&#8220; css_animation=&#8220;&#8220;][vc_column_inner width=&#8220;1\/5&#8243; css=&#8220;.vc_custom_1603468803798{padding-right: 10% !important;padding-left: 10% !important;}&#8220;][vc_single_image image=&#8220;1175&#8243; img_size=&#8220;full&#8220; qode_css_animation=&#8220;&#8220;][vc_column_text]<strong>L2<\/strong> &#8211; matt black[\/vc_column_text][vc_empty_space height=&#8220;12 px&#8220;][\/vc_column_inner][vc_column_inner width=&#8220;1\/5&#8243; css=&#8220;.vc_custom_1603468811409{padding-right: 10% !important;padding-left: 10% !important;}&#8220;][vc_single_image image=&#8220;1182&#8243; img_size=&#8220;full&#8220; qode_css_animation=&#8220;&#8220;][vc_column_text]<strong>U9<\/strong> &#8211; anthracite[\/vc_column_text][vc_empty_space height=&#8220;12 px&#8220;][\/vc_column_inner][vc_column_inner width=&#8220;1\/5&#8243; css=&#8220;.vc_custom_1603468817250{padding-right: 10% !important;padding-left: 10% !important;}&#8220;][vc_single_image image=&#8220;5060&#8243; img_size=&#8220;full&#8220; qode_css_animation=&#8220;&#8220;][vc_column_text]<strong>M4<\/strong>\u00a0&#8211; matt white[\/vc_column_text][vc_empty_space height=&#8220;12 px&#8220;][\/vc_column_inner][vc_column_inner width=&#8220;1\/5&#8243; css=&#8220;.vc_custom_1603468822981{padding-right: 10% !important;padding-left: 10% !important;}&#8220;][vc_single_image image=&#8220;3194&#8243; img_size=&#8220;full&#8220; qode_css_animation=&#8220;&#8220;][vc_column_text]<strong>SN<\/strong> &#8211; sat nat[\/vc_column_text][vc_empty_space height=&#8220;12 px&#8220;][\/vc_column_inner][vc_column_inner width=&#8220;1\/5&#8243;][\/vc_column_inner][\/vc_row_inner][vc_empty_space][vc_column_text css=&#8220;&#8220;]<\/p>\n<h2 style=\"text-align: center;\"><span style=\"text-decoration: underline;\"><a href=\"https:\/\/www.fbsprofilati.it\/wp-content\/uploads\/ALUMIX_2022_WEB-2.pdf\">Entdecken Sie die gesamte Palette an Oberfl\u00e4chen<\/a><\/span><\/h2>\n<p>[\/vc_column_text][\/vc_column][\/vc_row][vc_row css_animation=&#8220;&#8220; row_type=&#8220;row&#8220; use_row_as_full_screen_section=&#8220;no&#8220; type=&#8220;full_width&#8220; angled_section=&#8220;no&#8220; text_align=&#8220;left&#8220; background_image_as_pattern=&#8220;without_pattern&#8220; background_color=&#8220;#ffffff&#8220; side_padding=&#8220;20&#8243; z_index=&#8220;&#8220; el_id=&#8220;catalogo&#8220;][vc_column][vc_empty_space height=&#8220;64 px&#8220;][vc_column_text css=&#8220;&#8220;]<\/p>\n<h3 style=\"text-align: center;\"><span style=\"font-size: 36px; color: #000000;\"><br \/>\nDownload<\/span><\/h3>\n<p>[\/vc_column_text][vc_empty_space height=&#8220;16 px&#8220;][\/vc_column][\/vc_row][vc_row css_animation=&#8220;&#8220; row_type=&#8220;row&#8220; use_row_as_full_screen_section=&#8220;no&#8220; type=&#8220;full_width&#8220; header_style=&#8220;dark&#8220; angled_section=&#8220;no&#8220; text_align=&#8220;center&#8220; background_image_as_pattern=&#8220;without_pattern&#8220; background_color=&#8220;#ffffff&#8220; el_class=&#8220;downloads&#8220; z_index=&#8220;&#8220;][vc_column width=&#8220;1\/3&#8243; css=&#8220;.vc_custom_1592213797226{padding-top: 60px !important;padding-bottom: 60px !important;}&#8220; offset=&#8220;vc_hidden-sm vc_hidden-xs&#8220;][\/vc_column][vc_column width=&#8220;1\/3&#8243;][vc_single_image image=&#8220;4952&#8243; img_size=&#8220;large&#8220; alignment=&#8220;center&#8220; onclick=&#8220;custom_link&#8220; img_link_target=&#8220;_blank&#8220; css=&#8220;&#8220; qode_css_animation=&#8220;&#8220; link=&#8220;https:\/\/www.fbsprofilati.it\/wp-content\/uploads\/ALUMIX_2022_WEB-2.pdf&#8220;]<a  itemprop=\"url\" href=\"https:\/\/www.fbsprofilati.it\/wp-content\/uploads\/ALUMIX_2022_WEB-2.pdf\" target=\"_self\" data-hover-color=#cccccc class=\"qbutton  small white enlarge\" style=\"color: #000000; margin: 5px 10px 5px 10px; border-radius: 2px;-moz-border-radius: 2px;-webkit-border-radius: 2px; \">KATALOG FBS ALUMIX (9,8 Mb)<i class=\"qode_icon_font_awesome fa fa-download qode_button_icon_element\" style=\"\" ><\/i><\/a>[vc_empty_space][\/vc_column][vc_column width=&#8220;1\/3&#8243; offset=&#8220;vc_hidden-sm vc_hidden-xs&#8220;][\/vc_column][vc_column offset=&#8220;vc_hidden-lg vc_hidden-md vc_hidden-sm vc_hidden-xs&#8220;][vc_single_image image=&#8220;3988&#8243; img_size=&#8220;331&#215;450&#8243; alignment=&#8220;center&#8220; onclick=&#8220;custom_link&#8220; img_link_target=&#8220;_blank&#8220; css=&#8220;.vc_custom_1614678947039{margin-top: 0px !important;border-top-width: 0px !important;padding-top: 0px !important;}&#8220; qode_css_animation=&#8220;&#8220; link=&#8220;\/wp-content\/uploads\/2021\/03\/FSB_ALUMIX_WEB.pdf&#8220;]<a  itemprop=\"url\" href=\"\/wp-content\/uploads\/2021\/03\/FSB_ALUMIX_WEB.pdf\" target=\"_self\" data-hover-color=#cccccc class=\"qbutton  small white enlarge\" style=\"color: #000000; margin: 5px 10px 5px 10px; border-radius: 2px;-moz-border-radius: 2px;-webkit-border-radius: 2px; \">FBS ALUMIX (9,8 Mb)<i class=\"qode_icon_font_awesome fa fa-download qode_button_icon_element\" style=\"\" ><\/i><\/a>[vc_empty_space][\/vc_column][\/vc_row]<\/p>\n<\/div>","protected":false},"excerpt":{"rendered":"<p>[vc_row css_animation=&#8220;&#8220; row_type=&#8220;row&#8220; use_row_as_full_screen_section=&#8220;no&#8220; type=&#8220;full_width&#8220; angled_section=&#8220;no&#8220; text_align=&#8220;left&#8220; background_image_as_pattern=&#8220;without_pattern&#8220; side_padding=&#8220;0&#8243; z_index=&#8220;&#8220;][vc_column offset=&#8220;vc_hidden-lg vc_hidden-md vc_hidden-sm&#8220;][vc_single_image image=&#8220;5748&#8243; img_size=&#8220;full&#8220; alignment=&#8220;center&#8220; qode_css_animation=&#8220;&#8220;][vc_empty_space height=&#8220;20px&#8220; css=&#8220;.vc_custom_1598978230436{background-color: #ffffff !important;}&#8220;][\/vc_column][\/vc_row][vc_row css_animation=&#8220;&#8220; row_type=&#8220;row&#8220; use_row_as_full_screen_section=&#8220;yes&#8220; type=&#8220;full_width&#8220; angled_section=&#8220;no&#8220; text_align=&#8220;left&#8220; background_image_as_pattern=&#8220;without_pattern&#8220; background_color=&#8220;#ffffff&#8220; side_padding=&#8220;5&#8243; z_index=&#8220;50&#8243;][vc_column offset=&#8220;vc_hidden-sm vc_hidden-xs&#8220;][vc_single_image image=&#8220;5186&#8243; img_size=&#8220;full&#8220; qode_css_animation=&#8220;&#8220;][vc_empty_space height=&#8220;75px&#8220; css=&#8220;.vc_custom_1592237656009{background-color: #ffffff !important;}&#8220;][\/vc_column][\/vc_row][vc_row css_animation=&#8220;&#8220; row_type=&#8220;row&#8220; use_row_as_full_screen_section=&#8220;no&#8220; type=&#8220;full_width&#8220; angled_section=&#8220;no&#8220;&#8230;<\/p>\n","protected":false},"author":6,"featured_media":0,"parent":10263,"menu_order":0,"comment_status":"closed","ping_status":"closed","template":"full_width.php","meta":{"footnotes":""},"class_list":["post-10275","page","type-page","status-publish","hentry"],"yoast_head":"<!-- This site is optimized with the Yoast SEO plugin v27.4 - https:\/\/yoast.com\/product\/yoast-seo-wordpress\/ -->\n<title>Dekorprofile - Dekorative Profile aus Aluminium - Zierprofile<\/title>\n<meta name=\"description\" content=\"Lassen Sie mit einer Vielzahl unterschiedlicher Dekorprofile Ihrer Kreativit\u00e4t freien Lauf! Eine gro\u00dfe Auswahl an Aluminiumteilen f\u00fcr jede Umgebung.\" \/>\n<meta name=\"robots\" content=\"index, follow, max-snippet:-1, max-image-preview:large, max-video-preview:-1\" \/>\n<link rel=\"canonical\" href=\"https:\/\/www.fbsprofilati.it\/de\/dekoreinsaetze\/alumix-dekorprofile\/\" \/>\n<meta property=\"og:locale\" content=\"de_DE\" \/>\n<meta property=\"og:type\" content=\"article\" \/>\n<meta property=\"og:title\" content=\"Dekorprofile - Dekorative Profile aus Aluminium - Zierprofile\" \/>\n<meta property=\"og:description\" content=\"Lassen Sie mit einer Vielzahl unterschiedlicher Dekorprofile Ihrer Kreativit\u00e4t freien Lauf! Eine gro\u00dfe Auswahl an Aluminiumteilen f\u00fcr jede Umgebung.\" \/>\n<meta property=\"og:url\" content=\"https:\/\/www.fbsprofilati.it\/de\/dekoreinsaetze\/alumix-dekorprofile\/\" \/>\n<meta property=\"og:site_name\" content=\"FBSprofilati\" \/>\n<meta property=\"article:publisher\" content=\"https:\/\/www.facebook.com\/FBSprofilati-srl-589930664398780\/\" \/>\n<meta property=\"article:modified_time\" content=\"2025-01-22T14:47:59+00:00\" \/>\n<meta name=\"twitter:card\" content=\"summary_large_image\" \/>\n<meta name=\"twitter:label1\" content=\"Gesch\u00e4tzte Lesezeit\" \/>\n\t<meta name=\"twitter:data1\" content=\"6\u00a0Minuten\" \/>\n<script type=\"application\/ld+json\" class=\"yoast-schema-graph\">{\"@context\":\"https:\\\/\\\/schema.org\",\"@graph\":[{\"@type\":\"WebPage\",\"@id\":\"https:\\\/\\\/www.fbsprofilati.it\\\/de\\\/dekoreinsaetze\\\/alumix-dekorprofile\\\/\",\"url\":\"https:\\\/\\\/www.fbsprofilati.it\\\/de\\\/dekoreinsaetze\\\/alumix-dekorprofile\\\/\",\"name\":\"Dekorprofile - Dekorative Profile aus Aluminium - Zierprofile\",\"isPartOf\":{\"@id\":\"https:\\\/\\\/www.fbsprofilati.it\\\/#website\"},\"datePublished\":\"2021-01-19T09:42:08+00:00\",\"dateModified\":\"2025-01-22T14:47:59+00:00\",\"description\":\"Lassen Sie mit einer Vielzahl unterschiedlicher Dekorprofile Ihrer Kreativit\u00e4t freien Lauf! Eine gro\u00dfe Auswahl an Aluminiumteilen f\u00fcr jede Umgebung.\",\"breadcrumb\":{\"@id\":\"https:\\\/\\\/www.fbsprofilati.it\\\/de\\\/dekoreinsaetze\\\/alumix-dekorprofile\\\/#breadcrumb\"},\"inLanguage\":\"de\",\"potentialAction\":[{\"@type\":\"ReadAction\",\"target\":[\"https:\\\/\\\/www.fbsprofilati.it\\\/de\\\/dekoreinsaetze\\\/alumix-dekorprofile\\\/\"]}]},{\"@type\":\"BreadcrumbList\",\"@id\":\"https:\\\/\\\/www.fbsprofilati.it\\\/de\\\/dekoreinsaetze\\\/alumix-dekorprofile\\\/#breadcrumb\",\"itemListElement\":[{\"@type\":\"ListItem\",\"position\":1,\"name\":\"Home\",\"item\":\"https:\\\/\\\/www.fbsprofilati.it\\\/de\\\/\"},{\"@type\":\"ListItem\",\"position\":2,\"name\":\"04 INSERTI PER PANNELLI &#8211; new\",\"item\":\"https:\\\/\\\/www.fbsprofilati.it\\\/de\\\/dekoreinsaetze\\\/\"},{\"@type\":\"ListItem\",\"position\":3,\"name\":\"Alumix_Profili decorativi\"}]},{\"@type\":\"WebSite\",\"@id\":\"https:\\\/\\\/www.fbsprofilati.it\\\/#website\",\"url\":\"https:\\\/\\\/www.fbsprofilati.it\\\/\",\"name\":\"FBSprofilati\",\"description\":\"The Art of Forming\",\"publisher\":{\"@id\":\"https:\\\/\\\/www.fbsprofilati.it\\\/#organization\"},\"potentialAction\":[{\"@type\":\"SearchAction\",\"target\":{\"@type\":\"EntryPoint\",\"urlTemplate\":\"https:\\\/\\\/www.fbsprofilati.it\\\/?s={search_term_string}\"},\"query-input\":{\"@type\":\"PropertyValueSpecification\",\"valueRequired\":true,\"valueName\":\"search_term_string\"}}],\"inLanguage\":\"de\"},{\"@type\":\"Organization\",\"@id\":\"https:\\\/\\\/www.fbsprofilati.it\\\/#organization\",\"name\":\"FBSprofilati\",\"url\":\"https:\\\/\\\/www.fbsprofilati.it\\\/\",\"logo\":{\"@type\":\"ImageObject\",\"inLanguage\":\"de\",\"@id\":\"https:\\\/\\\/www.fbsprofilati.it\\\/#\\\/schema\\\/logo\\\/image\\\/\",\"url\":\"https:\\\/\\\/www.fbsprofilati.it\\\/wp-content\\\/uploads\\\/2021\\\/03\\\/FBS_logotype_favicon_300x300.jpg\",\"contentUrl\":\"https:\\\/\\\/www.fbsprofilati.it\\\/wp-content\\\/uploads\\\/2021\\\/03\\\/FBS_logotype_favicon_300x300.jpg\",\"width\":300,\"height\":300,\"caption\":\"FBSprofilati\"},\"image\":{\"@id\":\"https:\\\/\\\/www.fbsprofilati.it\\\/#\\\/schema\\\/logo\\\/image\\\/\"},\"sameAs\":[\"https:\\\/\\\/www.facebook.com\\\/FBSprofilati-srl-589930664398780\\\/\",\"https:\\\/\\\/www.instagram.com\\\/fbsprofilati\\\/\",\"https:\\\/\\\/www.pinterest.it\\\/fbsprofilati\\\/\"]}]}<\/script>\n<!-- \/ Yoast SEO plugin. -->","yoast_head_json":{"title":"Dekorprofile - Dekorative Profile aus Aluminium - Zierprofile","description":"Lassen Sie mit einer Vielzahl unterschiedlicher Dekorprofile Ihrer Kreativit\u00e4t freien Lauf! Eine gro\u00dfe Auswahl an Aluminiumteilen f\u00fcr jede Umgebung.","robots":{"index":"index","follow":"follow","max-snippet":"max-snippet:-1","max-image-preview":"max-image-preview:large","max-video-preview":"max-video-preview:-1"},"canonical":"https:\/\/www.fbsprofilati.it\/de\/dekoreinsaetze\/alumix-dekorprofile\/","og_locale":"de_DE","og_type":"article","og_title":"Dekorprofile - Dekorative Profile aus Aluminium - Zierprofile","og_description":"Lassen Sie mit einer Vielzahl unterschiedlicher Dekorprofile Ihrer Kreativit\u00e4t freien Lauf! Eine gro\u00dfe Auswahl an Aluminiumteilen f\u00fcr jede Umgebung.","og_url":"https:\/\/www.fbsprofilati.it\/de\/dekoreinsaetze\/alumix-dekorprofile\/","og_site_name":"FBSprofilati","article_publisher":"https:\/\/www.facebook.com\/FBSprofilati-srl-589930664398780\/","article_modified_time":"2025-01-22T14:47:59+00:00","twitter_card":"summary_large_image","twitter_misc":{"Gesch\u00e4tzte Lesezeit":"6\u00a0Minuten"},"schema":{"@context":"https:\/\/schema.org","@graph":[{"@type":"WebPage","@id":"https:\/\/www.fbsprofilati.it\/de\/dekoreinsaetze\/alumix-dekorprofile\/","url":"https:\/\/www.fbsprofilati.it\/de\/dekoreinsaetze\/alumix-dekorprofile\/","name":"Dekorprofile - Dekorative Profile aus Aluminium - Zierprofile","isPartOf":{"@id":"https:\/\/www.fbsprofilati.it\/#website"},"datePublished":"2021-01-19T09:42:08+00:00","dateModified":"2025-01-22T14:47:59+00:00","description":"Lassen Sie mit einer Vielzahl unterschiedlicher Dekorprofile Ihrer Kreativit\u00e4t freien Lauf! Eine gro\u00dfe Auswahl an Aluminiumteilen f\u00fcr jede Umgebung.","breadcrumb":{"@id":"https:\/\/www.fbsprofilati.it\/de\/dekoreinsaetze\/alumix-dekorprofile\/#breadcrumb"},"inLanguage":"de","potentialAction":[{"@type":"ReadAction","target":["https:\/\/www.fbsprofilati.it\/de\/dekoreinsaetze\/alumix-dekorprofile\/"]}]},{"@type":"BreadcrumbList","@id":"https:\/\/www.fbsprofilati.it\/de\/dekoreinsaetze\/alumix-dekorprofile\/#breadcrumb","itemListElement":[{"@type":"ListItem","position":1,"name":"Home","item":"https:\/\/www.fbsprofilati.it\/de\/"},{"@type":"ListItem","position":2,"name":"04 INSERTI PER PANNELLI &#8211; new","item":"https:\/\/www.fbsprofilati.it\/de\/dekoreinsaetze\/"},{"@type":"ListItem","position":3,"name":"Alumix_Profili decorativi"}]},{"@type":"WebSite","@id":"https:\/\/www.fbsprofilati.it\/#website","url":"https:\/\/www.fbsprofilati.it\/","name":"FBSprofilati","description":"The Art of Forming","publisher":{"@id":"https:\/\/www.fbsprofilati.it\/#organization"},"potentialAction":[{"@type":"SearchAction","target":{"@type":"EntryPoint","urlTemplate":"https:\/\/www.fbsprofilati.it\/?s={search_term_string}"},"query-input":{"@type":"PropertyValueSpecification","valueRequired":true,"valueName":"search_term_string"}}],"inLanguage":"de"},{"@type":"Organization","@id":"https:\/\/www.fbsprofilati.it\/#organization","name":"FBSprofilati","url":"https:\/\/www.fbsprofilati.it\/","logo":{"@type":"ImageObject","inLanguage":"de","@id":"https:\/\/www.fbsprofilati.it\/#\/schema\/logo\/image\/","url":"https:\/\/www.fbsprofilati.it\/wp-content\/uploads\/2021\/03\/FBS_logotype_favicon_300x300.jpg","contentUrl":"https:\/\/www.fbsprofilati.it\/wp-content\/uploads\/2021\/03\/FBS_logotype_favicon_300x300.jpg","width":300,"height":300,"caption":"FBSprofilati"},"image":{"@id":"https:\/\/www.fbsprofilati.it\/#\/schema\/logo\/image\/"},"sameAs":["https:\/\/www.facebook.com\/FBSprofilati-srl-589930664398780\/","https:\/\/www.instagram.com\/fbsprofilati\/","https:\/\/www.pinterest.it\/fbsprofilati\/"]}]}},"_links":{"self":[{"href":"https:\/\/www.fbsprofilati.it\/de\/wp-json\/wp\/v2\/pages\/10275","targetHints":{"allow":["GET"]}}],"collection":[{"href":"https:\/\/www.fbsprofilati.it\/de\/wp-json\/wp\/v2\/pages"}],"about":[{"href":"https:\/\/www.fbsprofilati.it\/de\/wp-json\/wp\/v2\/types\/page"}],"author":[{"embeddable":true,"href":"https:\/\/www.fbsprofilati.it\/de\/wp-json\/wp\/v2\/users\/6"}],"replies":[{"embeddable":true,"href":"https:\/\/www.fbsprofilati.it\/de\/wp-json\/wp\/v2\/comments?post=10275"}],"version-history":[{"count":4,"href":"https:\/\/www.fbsprofilati.it\/de\/wp-json\/wp\/v2\/pages\/10275\/revisions"}],"predecessor-version":[{"id":17199,"href":"https:\/\/www.fbsprofilati.it\/de\/wp-json\/wp\/v2\/pages\/10275\/revisions\/17199"}],"up":[{"embeddable":true,"href":"https:\/\/www.fbsprofilati.it\/de\/wp-json\/wp\/v2\/pages\/10263"}],"wp:attachment":[{"href":"https:\/\/www.fbsprofilati.it\/de\/wp-json\/wp\/v2\/media?parent=10275"}],"curies":[{"name":"wp","href":"https:\/\/api.w.org\/{rel}","templated":true}]}}